{"id":2186,"date":"2022-02-25T19:13:21","date_gmt":"2022-02-25T18:13:21","guid":{"rendered":"https:\/\/bevercare.ch\/chi-siamo\/"},"modified":"2025-09-15T17:23:49","modified_gmt":"2025-09-15T15:23:49","slug":"chi-siamo","status":"publish","type":"page","link":"https:\/\/bevercare.ch\/it\/chi-siamo\/","title":{"rendered":"Chi siamo"},"content":{"rendered":"\t\t<div data-elementor-type=\"wp-page\" data-elementor-id=\"2186\" class=\"elementor elementor-2186 elementor-36\" data-elementor-post-type=\"page\">\n\t\t\t\t<div class=\"elementor-element elementor-element-b2ab352 e-flex e-con-boxed e-con e-parent\" data-id=\"b2ab352\" data-element_type=\"container\" data-e-type=\"container\">\n\t\t\t\t\t<div class=\"e-con-inner\">\n\t\t\t\t<div class=\"elementor-element elementor-element-34d67e7 elementor-widget elementor-widget-spacer\" data-id=\"34d67e7\" data-element_type=\"widget\" data-e-type=\"widget\" data-widget_type=\"spacer.default\">\n\t\t\t\t<div class=\"elementor-widget-container\">\n\t\t\t\t\t\t\t<div class=\"elementor-spacer\">\n\t\t\t<div class=\"elementor-spacer-inner\"><\/div>\n\t\t<\/div>\n\t\t\t\t\t\t<\/div>\n\t\t\t\t<\/div>\n\t\t\t\t\t<\/div>\n\t\t\t\t<\/div>\n\t\t<div class=\"elementor-element elementor-element-0987ce9 e-flex e-con-boxed e-con e-parent\" data-id=\"0987ce9\" data-element_type=\"container\" data-e-type=\"container\">\n\t\t\t\t\t<div class=\"e-con-inner\">\n\t\t\t\t<div class=\"elementor-element elementor-element-de16e8c elementor-widget elementor-widget-heading\" data-id=\"de16e8c\" data-element_type=\"widget\" data-e-type=\"widget\" data-widget_type=\"heading.default\">\n\t\t\t\t<div class=\"elementor-widget-container\">\n\t\t\t\t\t<h1 class=\"elementor-heading-title elementor-size-default\">Chi siamo<\/h1>\t\t\t\t<\/div>\n\t\t\t\t<\/div>\n\t\t\t\t\t<\/div>\n\t\t\t\t<\/div>\n\t\t<div class=\"elementor-element elementor-element-cd77f1c e-flex e-con-boxed e-con e-parent\" data-id=\"cd77f1c\" data-element_type=\"container\" data-e-type=\"container\">\n\t\t\t\t\t<div class=\"e-con-inner\">\n\t\t<div class=\"elementor-element elementor-element-1889e4d e-con-full e-flex e-con e-child\" data-id=\"1889e4d\" data-element_type=\"container\" data-e-type=\"container\">\n\t\t\t\t<div class=\"elementor-element elementor-element-8d6f54e elementor-widget elementor-widget-text-editor\" data-id=\"8d6f54e\" data-element_type=\"widget\" data-e-type=\"widget\" data-widget_type=\"text-editor.default\">\n\t\t\t\t<div class=\"elementor-widget-container\">\n\t\t\t\t\t\t\t\t\t<p><strong>BeverCare &#8211; Soluzioni svizzere per l&#8217;autocura<\/strong><\/p><p>Bever, il gioiello nascosto dell&#8217;Engadina, \u00e8 un&#8217;ispirazione per l&#8217;armonia tra tradizione e scienza moderna. Un luogo che unisce natura, storia e autenticit\u00e0 svizzera. <\/p><p>BeverCare \u00e8 sinonimo di cura di s\u00e9 e si impegna a rispettare sia la tradizione che la scienza moderna nella sua selezione di ausili e prodotti. Per BeverCare, la comprensione olistica della salute e l&#8217;autoresponsabilit\u00e0 dell&#8217;individuo illuminato sono in armonia con le cure mediche e con la funzione sempre pi\u00f9 importante del consulente e dell&#8217;esperto di salute e bellezza. <\/p><p>Affidati a noi per selezionare prodotti che apportino benefici reali alla tua salute grazie a formule oneste, ai migliori materiali e a un ottimo rapporto qualit\u00e0-prezzo.<\/p>\t\t\t\t\t\t\t\t<\/div>\n\t\t\t\t<\/div>\n\t\t\t\t<\/div>\n\t\t<div class=\"elementor-element elementor-element-29f580a e-con-full e-flex e-con e-child\" data-id=\"29f580a\" data-element_type=\"container\" data-e-type=\"container\">\n\t\t\t\t<div class=\"elementor-element elementor-element-36cf2fc elementor-widget elementor-widget-image\" data-id=\"36cf2fc\" data-element_type=\"widget\" data-e-type=\"widget\" data-widget_type=\"image.default\">\n\t\t\t\t<div class=\"elementor-widget-container\">\n\t\t\t\t\t\t\t\t\t\t\t\t\t\t\t<img fetchpriority=\"high\" decoding=\"async\" width=\"500\" height=\"500\" src=\"https:\/\/bevercare.ch\/wp-content\/uploads\/2025\/02\/Website-Standard-Bilder-1.jpg\" class=\"attachment-full size-full wp-image-2189\" alt=\"\" srcset=\"https:\/\/bevercare.ch\/wp-content\/uploads\/2025\/02\/Website-Standard-Bilder-1.jpg 500w, https:\/\/bevercare.ch\/wp-content\/uploads\/2025\/02\/Website-Standard-Bilder-1-300x300.jpg 300w, https:\/\/bevercare.ch\/wp-content\/uploads\/2025\/02\/Website-Standard-Bilder-1-150x150.jpg 150w\" sizes=\"(max-width: 500px) 100vw, 500px\" \/>\t\t\t\t\t\t\t\t\t\t\t\t\t\t\t<\/div>\n\t\t\t\t<\/div>\n\t\t\t\t<\/div>\n\t\t\t\t\t<\/div>\n\t\t\t\t<\/div>\n\t\t<div class=\"elementor-element elementor-element-3094c53 e-flex e-con-boxed e-con e-parent\" data-id=\"3094c53\" data-element_type=\"container\" data-e-type=\"container\">\n\t\t\t\t\t<div class=\"e-con-inner\">\n\t\t<div class=\"elementor-element elementor-element-edbf808 e-con-full e-flex e-con e-child\" data-id=\"edbf808\" data-element_type=\"container\" data-e-type=\"container\">\n\t\t\t\t<div class=\"elementor-element elementor-element-ed5c13d elementor-widget elementor-widget-heading\" data-id=\"ed5c13d\" data-element_type=\"widget\" data-e-type=\"widget\" data-widget_type=\"heading.default\">\n\t\t\t\t<div class=\"elementor-widget-container\">\n\t\t\t\t\t<h1 class=\"elementor-heading-title elementor-size-default\">Il nostro team di gestione<\/h1>\t\t\t\t<\/div>\n\t\t\t\t<\/div>\n\t\t<div class=\"elementor-element elementor-element-b70183b e-con-full e-flex e-con e-child\" data-id=\"b70183b\" data-element_type=\"container\" data-e-type=\"container\">\n\t\t<div class=\"elementor-element elementor-element-a1ae0e4 e-con-full e-flex e-con e-child\" data-id=\"a1ae0e4\" data-element_type=\"container\" data-e-type=\"container\">\n\t\t\t\t<div class=\"elementor-element elementor-element-5ea9949 elementor-position-top elementor-widget elementor-widget-image-box\" data-id=\"5ea9949\" data-element_type=\"widget\" data-e-type=\"widget\" data-widget_type=\"image-box.default\">\n\t\t\t\t<div class=\"elementor-widget-container\">\n\t\t\t\t\t<div class=\"elementor-image-box-wrapper\"><figure class=\"elementor-image-box-img\"><img decoding=\"async\" src=\"https:\/\/bevercare.ch\/wp-content\/uploads\/elementor\/thumbs\/Design-ohne-Titel61-1-r0u7ddlpdxgbfm0sw4oncs7xil4prwbq2258zwspx4.png\" title=\"Design-ohne-Titel61-1\" alt=\"Design-ohne-Titel61-1\" class=\"elementor-animation-grow\" loading=\"lazy\" \/><\/figure><div class=\"elementor-image-box-content\"><h4 class=\"elementor-image-box-title\">Jan Iselin<\/h4><p class=\"elementor-image-box-description\">Direttore generale, co-proprietario<\/p><\/div><\/div>\t\t\t\t<\/div>\n\t\t\t\t<\/div>\n\t\t\t\t<div class=\"elementor-element elementor-element-ca4b447 elementor-widget elementor-widget-text-editor\" data-id=\"ca4b447\" data-element_type=\"widget\" data-e-type=\"widget\" data-widget_type=\"text-editor.default\">\n\t\t\t\t<div class=\"elementor-widget-container\">\n\t\t\t\t\t\t\t\t\t<p>Il mio sogno \u00e8 sempre stato quello di poter fare la differenza direttamente sul mercato con una piccola e agile PMI. Oggi sono felice di poter commercializzare prodotti innovativi e straordinari con un grande team e di avvicinarli ai nostri clienti. <\/p><p>In qualsiasi momento all&#8217;indirizzo jan(a)bevercare.ch<\/p>\t\t\t\t\t\t\t\t<\/div>\n\t\t\t\t<\/div>\n\t\t\t\t<\/div>\n\t\t<div class=\"elementor-element elementor-element-92332ad e-con-full e-flex e-con e-child\" data-id=\"92332ad\" data-element_type=\"container\" data-e-type=\"container\">\n\t\t\t\t<div class=\"elementor-element elementor-element-c58a281 elementor-position-top elementor-widget elementor-widget-image-box\" data-id=\"c58a281\" data-element_type=\"widget\" data-e-type=\"widget\" data-widget_type=\"image-box.default\">\n\t\t\t\t<div class=\"elementor-widget-container\">\n\t\t\t\t\t<div class=\"elementor-image-box-wrapper\"><figure class=\"elementor-image-box-img\"><img decoding=\"async\" src=\"https:\/\/bevercare.ch\/wp-content\/uploads\/elementor\/thumbs\/Design-ohne-Titel60-r0u7cykackvq9umnby6m8w0k0f6ucqo0nzphbhf0oo.png\" title=\"Design-ohne-Titel60\" alt=\"Design-ohne-Titel60\" class=\"elementor-animation-grow\" loading=\"lazy\" \/><\/figure><div class=\"elementor-image-box-content\"><h4 class=\"elementor-image-box-title\">Fabio Iselin<\/h4><p class=\"elementor-image-box-description\">Direttore dello sviluppo commerciale, co-proprietario<\/p><\/div><\/div>\t\t\t\t<\/div>\n\t\t\t\t<\/div>\n\t\t\t\t<div class=\"elementor-element elementor-element-e1dc5be elementor-widget elementor-widget-text-editor\" data-id=\"e1dc5be\" data-element_type=\"widget\" data-e-type=\"widget\" data-widget_type=\"text-editor.default\">\n\t\t\t\t<div class=\"elementor-widget-container\">\n\t\t\t\t\t\t\t\t\t<p>Dopo 10 anni &#8220;dietro le quinte&#8221; nel mondo della produzione, ora sono in prima linea con BeverCare. Bever \u00e8 sinonimo di idee fresche e talvolta non convenzionali che vengono realizzate insieme ai nostri partner e implementate direttamente sul mercato. Un piccolo team con grandi obiettivi: Affrontare la vita insieme con un sorriso sano e bello.  <\/p><p>Contattami per il tuo progetto personalizzato via fabio(a)bevercare.ch<\/p>\t\t\t\t\t\t\t\t<\/div>\n\t\t\t\t<\/div>\n\t\t\t\t<\/div>\n\t\t\t\t<\/div>\n\t\t<div class=\"elementor-element elementor-element-b38b57b e-con-full e-flex e-con e-child\" data-id=\"b38b57b\" data-element_type=\"container\" data-e-type=\"container\">\n\t\t<div class=\"elementor-element elementor-element-d541f5a e-con-full e-flex e-con e-child\" data-id=\"d541f5a\" data-element_type=\"container\" data-e-type=\"container\">\n\t\t\t\t<div class=\"elementor-element elementor-element-8e219d4 elementor-position-top elementor-widget elementor-widget-image-box\" data-id=\"8e219d4\" data-element_type=\"widget\" data-e-type=\"widget\" data-widget_type=\"image-box.default\">\n\t\t\t\t<div class=\"elementor-widget-container\">\n\t\t\t\t\t<div class=\"elementor-image-box-wrapper\"><figure class=\"elementor-image-box-img\"><img decoding=\"async\" src=\"https:\/\/bevercare.ch\/wp-content\/uploads\/elementor\/thumbs\/Design-ohne-Titel62-r0u7e3x6pagcgoykmg27alku5dizrf87hoeufnpp2w.png\" title=\"Design-ohne-Titel62\" alt=\"Design-ohne-Titel62\" class=\"elementor-animation-grow\" loading=\"lazy\" \/><\/figure><div class=\"elementor-image-box-content\"><h4 class=\"elementor-image-box-title\">Evelyn Lanz<\/h4><p class=\"elementor-image-box-description\">  Coordinatore marketing e vendite<\/p><\/div><\/div>\t\t\t\t<\/div>\n\t\t\t\t<\/div>\n\t\t\t\t<div class=\"elementor-element elementor-element-ade1d86 elementor-widget elementor-widget-text-editor\" data-id=\"ade1d86\" data-element_type=\"widget\" data-e-type=\"widget\" data-widget_type=\"text-editor.default\">\n\t\t\t\t<div class=\"elementor-widget-container\">\n\t\t\t\t\t\t\t\t\t<p>Con la passione per la cura dei denti e l&#8217;affidabilit\u00e0 svizzera, mi impegno a regalare ai nostri clienti il miglior sorriso ogni giorno, personalmente, con dedizione e con grande piacere.<\/p><p>Sar\u00f2 lieta di sentirti evelyn(a)bevercare.ch<\/p>\t\t\t\t\t\t\t\t<\/div>\n\t\t\t\t<\/div>\n\t\t\t\t<\/div>\n\t\t<div class=\"elementor-element elementor-element-ff0aeb2 e-con-full e-flex e-con e-child\" data-id=\"ff0aeb2\" data-element_type=\"container\" data-e-type=\"container\">\n\t\t\t\t<div class=\"elementor-element elementor-element-0188266 elementor-position-top elementor-widget elementor-widget-image-box\" data-id=\"0188266\" data-element_type=\"widget\" data-e-type=\"widget\" data-widget_type=\"image-box.default\">\n\t\t\t\t<div class=\"elementor-widget-container\">\n\t\t\t\t\t<div class=\"elementor-image-box-wrapper\"><figure class=\"elementor-image-box-img\"><img decoding=\"async\" src=\"https:\/\/bevercare.ch\/wp-content\/uploads\/elementor\/thumbs\/IMG_2470-scaled-r0yr4158l2sg1fpi94k8yadwdv4qz3oyhvyo2sqhbs.jpg\" title=\"IMG_2470\" alt=\"IMG_2470\" class=\"elementor-animation-grow\" loading=\"lazy\" \/><\/figure><div class=\"elementor-image-box-content\"><h4 class=\"elementor-image-box-title\">Valerie Blatter<\/h4><p class=\"elementor-image-box-description\">Responsabile marketing<\/p><\/div><\/div>\t\t\t\t<\/div>\n\t\t\t\t<\/div>\n\t\t\t\t<div class=\"elementor-element elementor-element-acbdcb0 elementor-widget elementor-widget-text-editor\" data-id=\"acbdcb0\" data-element_type=\"widget\" data-e-type=\"widget\" data-widget_type=\"text-editor.default\">\n\t\t\t\t<div class=\"elementor-widget-container\">\n\t\t\t\t\t\t\t\t\t<p>Progettare e implementare strategie di marketing digitale \u00e8 la mia passione. In BeverCare posso sfruttare al meglio i miei punti di forza in un team agile e dinamico. <\/p><p>Fai un salto sul mercato con valerie(a)bevercare.ch<\/p>\t\t\t\t\t\t\t\t<\/div>\n\t\t\t\t<\/div>\n\t\t\t\t<\/div>\n\t\t\t\t<\/div>\n\t\t\t\t<\/div>\n\t\t\t\t\t<\/div>\n\t\t\t\t<\/div>\n\t\t<div class=\"elementor-element elementor-element-b23f373 e-flex e-con-boxed e-con e-parent\" data-id=\"b23f373\" data-element_type=\"container\" data-e-type=\"container\">\n\t\t\t\t\t<div class=\"e-con-inner\">\n\t\t\t\t<div class=\"elementor-element elementor-element-976bc70 elementor-widget elementor-widget-spacer\" data-id=\"976bc70\" data-element_type=\"widget\" data-e-type=\"widget\" data-widget_type=\"spacer.default\">\n\t\t\t\t<div class=\"elementor-widget-container\">\n\t\t\t\t\t\t\t<div class=\"elementor-spacer\">\n\t\t\t<div class=\"elementor-spacer-inner\"><\/div>\n\t\t<\/div>\n\t\t\t\t\t\t<\/div>\n\t\t\t\t<\/div>\n\t\t\t\t\t<\/div>\n\t\t\t\t<\/div>\n\t\t\t\t<\/div>\n\t\t","protected":false},"excerpt":{"rendered":"<p>Chi siamo BeverCare &#8211; Soluzioni svizzere per l&#8217;autocura Bever, il gioiello nascosto dell&#8217;Engadina, \u00e8 un&#8217;ispirazione per l&#8217;armonia tra tradizione e scienza moderna. Un luogo che unisce natura, storia e autenticit\u00e0 svizzera. BeverCare \u00e8 sinonimo di cura di s\u00e9 e si impegna a rispettare sia la tradizione che la scienza moderna nella sua selezione di ausili [&hellip;]<\/p>\n","protected":false},"author":2,"featured_media":0,"parent":0,"menu_order":0,"comment_status":"closed","ping_status":"closed","template":"","meta":{"footnotes":""},"class_list":["post-2186","page","type-page","status-publish","hentry"],"yoast_head":"<!-- This site is optimized with the Yoast SEO plugin v26.9 - https:\/\/yoast.com\/product\/yoast-seo-wordpress\/ -->\n<title>Chi siamo - BeverCare<\/title>\n<meta name=\"robots\" content=\"index, follow, max-snippet:-1, max-image-preview:large, max-video-preview:-1\" \/>\n<link rel=\"canonical\" href=\"https:\/\/bevercare.ch\/it\/chi-siamo\/\" \/>\n<meta property=\"og:locale\" content=\"it_IT\" \/>\n<meta property=\"og:type\" content=\"article\" \/>\n<meta property=\"og:title\" content=\"Chi siamo - BeverCare\" \/>\n<meta property=\"og:description\" content=\"Chi siamo BeverCare &#8211; Soluzioni svizzere per l&#8217;autocura Bever, il gioiello nascosto dell&#8217;Engadina, \u00e8 un&#8217;ispirazione per l&#8217;armonia tra tradizione e scienza moderna. Un luogo che unisce natura, storia e autenticit\u00e0 svizzera. BeverCare \u00e8 sinonimo di cura di s\u00e9 e si impegna a rispettare sia la tradizione che la scienza moderna nella sua selezione di ausili [&hellip;]\" \/>\n<meta property=\"og:url\" content=\"https:\/\/bevercare.ch\/it\/chi-siamo\/\" \/>\n<meta property=\"og:site_name\" content=\"BeverCare\" \/>\n<meta property=\"article:modified_time\" content=\"2025-09-15T15:23:49+00:00\" \/>\n<meta property=\"og:image\" content=\"http:\/\/bevercare.ch\/wp-content\/uploads\/2025\/02\/Website-Standard-Bilder-1.jpg\" \/>\n<meta name=\"twitter:card\" content=\"summary_large_image\" \/>\n<meta name=\"twitter:label1\" content=\"Tempo di lettura stimato\" \/>\n\t<meta name=\"twitter:data1\" content=\"2 minuti\" \/>\n<script type=\"application\/ld+json\" class=\"yoast-schema-graph\">{\"@context\":\"https:\/\/schema.org\",\"@graph\":[{\"@type\":\"WebPage\",\"@id\":\"https:\/\/bevercare.ch\/it\/chi-siamo\/\",\"url\":\"https:\/\/bevercare.ch\/it\/chi-siamo\/\",\"name\":\"Chi siamo - BeverCare\",\"isPartOf\":{\"@id\":\"https:\/\/bevercare.ch\/it\/#website\"},\"primaryImageOfPage\":{\"@id\":\"https:\/\/bevercare.ch\/it\/chi-siamo\/#primaryimage\"},\"image\":{\"@id\":\"https:\/\/bevercare.ch\/it\/chi-siamo\/#primaryimage\"},\"thumbnailUrl\":\"http:\/\/bevercare.ch\/wp-content\/uploads\/2025\/02\/Website-Standard-Bilder-1.jpg\",\"datePublished\":\"2022-02-25T18:13:21+00:00\",\"dateModified\":\"2025-09-15T15:23:49+00:00\",\"breadcrumb\":{\"@id\":\"https:\/\/bevercare.ch\/it\/chi-siamo\/#breadcrumb\"},\"inLanguage\":\"it-IT\",\"potentialAction\":[{\"@type\":\"ReadAction\",\"target\":[\"https:\/\/bevercare.ch\/it\/chi-siamo\/\"]}]},{\"@type\":\"ImageObject\",\"inLanguage\":\"it-IT\",\"@id\":\"https:\/\/bevercare.ch\/it\/chi-siamo\/#primaryimage\",\"url\":\"http:\/\/bevercare.ch\/wp-content\/uploads\/2025\/02\/Website-Standard-Bilder-1.jpg\",\"contentUrl\":\"http:\/\/bevercare.ch\/wp-content\/uploads\/2025\/02\/Website-Standard-Bilder-1.jpg\"},{\"@type\":\"BreadcrumbList\",\"@id\":\"https:\/\/bevercare.ch\/it\/chi-siamo\/#breadcrumb\",\"itemListElement\":[{\"@type\":\"ListItem\",\"position\":1,\"name\":\"Home\",\"item\":\"https:\/\/bevercare.ch\/it\/\"},{\"@type\":\"ListItem\",\"position\":2,\"name\":\"Chi siamo\"}]},{\"@type\":\"WebSite\",\"@id\":\"https:\/\/bevercare.ch\/it\/#website\",\"url\":\"https:\/\/bevercare.ch\/it\/\",\"name\":\"BeverCare\",\"description\":\"Swiss Selfcare Solutions\",\"potentialAction\":[{\"@type\":\"SearchAction\",\"target\":{\"@type\":\"EntryPoint\",\"urlTemplate\":\"https:\/\/bevercare.ch\/it\/?s={search_term_string}\"},\"query-input\":{\"@type\":\"PropertyValueSpecification\",\"valueRequired\":true,\"valueName\":\"search_term_string\"}}],\"inLanguage\":\"it-IT\"}]}<\/script>\n<!-- \/ Yoast SEO plugin. -->","yoast_head_json":{"title":"Chi siamo - BeverCare","robots":{"index":"index","follow":"follow","max-snippet":"max-snippet:-1","max-image-preview":"max-image-preview:large","max-video-preview":"max-video-preview:-1"},"canonical":"https:\/\/bevercare.ch\/it\/chi-siamo\/","og_locale":"it_IT","og_type":"article","og_title":"Chi siamo - BeverCare","og_description":"Chi siamo BeverCare &#8211; Soluzioni svizzere per l&#8217;autocura Bever, il gioiello nascosto dell&#8217;Engadina, \u00e8 un&#8217;ispirazione per l&#8217;armonia tra tradizione e scienza moderna. Un luogo che unisce natura, storia e autenticit\u00e0 svizzera. BeverCare \u00e8 sinonimo di cura di s\u00e9 e si impegna a rispettare sia la tradizione che la scienza moderna nella sua selezione di ausili [&hellip;]","og_url":"https:\/\/bevercare.ch\/it\/chi-siamo\/","og_site_name":"BeverCare","article_modified_time":"2025-09-15T15:23:49+00:00","og_image":[{"url":"http:\/\/bevercare.ch\/wp-content\/uploads\/2025\/02\/Website-Standard-Bilder-1.jpg","type":"","width":"","height":""}],"twitter_card":"summary_large_image","twitter_misc":{"Tempo di lettura stimato":"2 minuti"},"schema":{"@context":"https:\/\/schema.org","@graph":[{"@type":"WebPage","@id":"https:\/\/bevercare.ch\/it\/chi-siamo\/","url":"https:\/\/bevercare.ch\/it\/chi-siamo\/","name":"Chi siamo - BeverCare","isPartOf":{"@id":"https:\/\/bevercare.ch\/it\/#website"},"primaryImageOfPage":{"@id":"https:\/\/bevercare.ch\/it\/chi-siamo\/#primaryimage"},"image":{"@id":"https:\/\/bevercare.ch\/it\/chi-siamo\/#primaryimage"},"thumbnailUrl":"http:\/\/bevercare.ch\/wp-content\/uploads\/2025\/02\/Website-Standard-Bilder-1.jpg","datePublished":"2022-02-25T18:13:21+00:00","dateModified":"2025-09-15T15:23:49+00:00","breadcrumb":{"@id":"https:\/\/bevercare.ch\/it\/chi-siamo\/#breadcrumb"},"inLanguage":"it-IT","potentialAction":[{"@type":"ReadAction","target":["https:\/\/bevercare.ch\/it\/chi-siamo\/"]}]},{"@type":"ImageObject","inLanguage":"it-IT","@id":"https:\/\/bevercare.ch\/it\/chi-siamo\/#primaryimage","url":"http:\/\/bevercare.ch\/wp-content\/uploads\/2025\/02\/Website-Standard-Bilder-1.jpg","contentUrl":"http:\/\/bevercare.ch\/wp-content\/uploads\/2025\/02\/Website-Standard-Bilder-1.jpg"},{"@type":"BreadcrumbList","@id":"https:\/\/bevercare.ch\/it\/chi-siamo\/#breadcrumb","itemListElement":[{"@type":"ListItem","position":1,"name":"Home","item":"https:\/\/bevercare.ch\/it\/"},{"@type":"ListItem","position":2,"name":"Chi siamo"}]},{"@type":"WebSite","@id":"https:\/\/bevercare.ch\/it\/#website","url":"https:\/\/bevercare.ch\/it\/","name":"BeverCare","description":"Swiss Selfcare Solutions","potentialAction":[{"@type":"SearchAction","target":{"@type":"EntryPoint","urlTemplate":"https:\/\/bevercare.ch\/it\/?s={search_term_string}"},"query-input":{"@type":"PropertyValueSpecification","valueRequired":true,"valueName":"search_term_string"}}],"inLanguage":"it-IT"}]}},"_links":{"self":[{"href":"https:\/\/bevercare.ch\/it\/wp-json\/wp\/v2\/pages\/2186","targetHints":{"allow":["GET"]}}],"collection":[{"href":"https:\/\/bevercare.ch\/it\/wp-json\/wp\/v2\/pages"}],"about":[{"href":"https:\/\/bevercare.ch\/it\/wp-json\/wp\/v2\/types\/page"}],"author":[{"embeddable":true,"href":"https:\/\/bevercare.ch\/it\/wp-json\/wp\/v2\/users\/2"}],"replies":[{"embeddable":true,"href":"https:\/\/bevercare.ch\/it\/wp-json\/wp\/v2\/comments?post=2186"}],"version-history":[{"count":2,"href":"https:\/\/bevercare.ch\/it\/wp-json\/wp\/v2\/pages\/2186\/revisions"}],"predecessor-version":[{"id":2242,"href":"https:\/\/bevercare.ch\/it\/wp-json\/wp\/v2\/pages\/2186\/revisions\/2242"}],"wp:attachment":[{"href":"https:\/\/bevercare.ch\/it\/wp-json\/wp\/v2\/media?parent=2186"}],"curies":[{"name":"wp","href":"https:\/\/api.w.org\/{rel}","templated":true}]}}