{"id":2158,"date":"2025-01-29T13:50:05","date_gmt":"2025-01-29T12:50:05","guid":{"rendered":"https:\/\/bevercare.ch\/nobilebianco\/"},"modified":"2025-11-12T15:34:46","modified_gmt":"2025-11-12T14:34:46","slug":"nobilebianco","status":"publish","type":"page","link":"https:\/\/bevercare.ch\/it\/nobilebianco\/","title":{"rendered":"edel+white"},"content":{"rendered":"\t\t<div data-elementor-type=\"wp-page\" data-elementor-id=\"2158\" class=\"elementor elementor-2158 elementor-735\" data-elementor-post-type=\"page\">\n\t\t\t\t<div class=\"elementor-element elementor-element-a6cf86a e-flex e-con-boxed e-con e-parent\" data-id=\"a6cf86a\" data-element_type=\"container\" data-e-type=\"container\" data-settings=\"{&quot;background_background&quot;:&quot;classic&quot;}\">\n\t\t\t\t\t<div class=\"e-con-inner\">\n\t\t\t\t\t<\/div>\n\t\t\t\t<\/div>\n\t\t<div class=\"elementor-element elementor-element-18f3755 e-flex e-con-boxed e-con e-parent\" data-id=\"18f3755\" data-element_type=\"container\" data-e-type=\"container\">\n\t\t\t\t\t<div class=\"e-con-inner\">\n\t\t<div class=\"elementor-element elementor-element-41b8bd6 e-flex e-con-boxed e-con e-child\" data-id=\"41b8bd6\" data-element_type=\"container\" data-e-type=\"container\" data-settings=\"{&quot;background_background&quot;:&quot;classic&quot;}\">\n\t\t\t\t\t<div class=\"e-con-inner\">\n\t\t<div class=\"elementor-element elementor-element-34c8c13 e-con-full e-flex e-con e-child\" data-id=\"34c8c13\" data-element_type=\"container\" data-e-type=\"container\">\n\t\t\t\t<div class=\"elementor-element elementor-element-96d7338 elementor-widget elementor-widget-image\" data-id=\"96d7338\" data-element_type=\"widget\" data-e-type=\"widget\" data-widget_type=\"image.default\">\n\t\t\t\t<div class=\"elementor-widget-container\">\n\t\t\t\t\t\t\t\t\t\t\t\t\t\t\t<img fetchpriority=\"high\" decoding=\"async\" width=\"400\" height=\"190\" src=\"https:\/\/bevercare.ch\/wp-content\/uploads\/2025\/01\/edelwhite_LOGO_400px.png\" class=\"attachment-full size-full wp-image-808\" alt=\"\" srcset=\"https:\/\/bevercare.ch\/wp-content\/uploads\/2025\/01\/edelwhite_LOGO_400px.png 400w, https:\/\/bevercare.ch\/wp-content\/uploads\/2025\/01\/edelwhite_LOGO_400px-300x143.png 300w\" sizes=\"(max-width: 400px) 100vw, 400px\" \/>\t\t\t\t\t\t\t\t\t\t\t\t\t\t\t<\/div>\n\t\t\t\t<\/div>\n\t\t\t\t<div class=\"elementor-element elementor-element-25adae8 elementor-widget__width-initial elementor-widget elementor-widget-heading\" data-id=\"25adae8\" data-element_type=\"widget\" data-e-type=\"widget\" data-widget_type=\"heading.default\">\n\t\t\t\t<div class=\"elementor-widget-container\">\n\t\t\t\t\t<h1 class=\"elementor-heading-title elementor-size-default\">edel+white\nil marchio svizzero specializzato in igiene orale<\/h1>\t\t\t\t<\/div>\n\t\t\t\t<\/div>\n\t\t\t\t<div class=\"elementor-element elementor-element-a584695 elementor-widget elementor-widget-text-editor\" data-id=\"a584695\" data-element_type=\"widget\" data-e-type=\"widget\" data-widget_type=\"text-editor.default\">\n\t\t\t\t<div class=\"elementor-widget-container\">\n\t\t\t\t\t\t\t\t\t<p>La salute inizia dalla bocca. Prendersi cura della flora orale e dei denti \u00e8 il primo passo per mantenere la salute dell&#8217;intero organismo e ha conseguenze sulla salute che vanno ben oltre la bocca. Ecco perch\u00e9 edel+white inizia con prodotti e sistemi di cura eccellenti in grado di garantire l&#8217;equilibrio batterico orale.  <\/p><p>Il marchio svizzero edel+white Swiss Dental Experts \u00e8 da molti anni la punta di diamante dell&#8217;igiene orale e dentale in Svizzera. edel+white \u00e8 sviluppato e gestito da Scanderra Swiss Dental Experts di Basilea, un&#8217;azienda specializzata da molti anni nella produzione di prodotti per l&#8217;igiene orale di alta qualit\u00e0. <\/p><p>I prodotti edel+white sono tutti accuratamente progettati e si basano sul principio dell&#8217;igiene orale atraumatica: anche con prestazioni di spazzolamento molto elevate, n\u00e9 le gengive n\u00e9 la sostanza dentale devono essere danneggiate.<\/p><p>Questo principio \u00e8 importante se si considera che una persona si lava i denti due volte al giorno fin dall&#8217;infanzia, ma che la sostanza dentale non cresce pi\u00f9 dopo l&#8217;et\u00e0 adulta e non si rigenera pi\u00f9 in caso di difetti pi\u00f9 grandi. I difetti di spazzolamento causati da prodotti aggressivi o dal loro uso improprio possono quindi causare danni permanenti. <\/p><p><strong>Tutti i prodotti edel+white sono privi di PFAS.<\/strong><\/p>\t\t\t\t\t\t\t\t<\/div>\n\t\t\t\t<\/div>\n\t\t\t\t<div class=\"elementor-element elementor-element-87ced73 elementor-align-left elementor-tablet-align-center elementor-widget elementor-widget-button\" data-id=\"87ced73\" data-element_type=\"widget\" data-e-type=\"widget\" data-widget_type=\"button.default\">\n\t\t\t\t<div class=\"elementor-widget-container\">\n\t\t\t\t\t\t\t\t\t<div class=\"elementor-button-wrapper\">\n\t\t\t\t\t<a class=\"elementor-button elementor-button-link elementor-size-sm elementor-animation-bounce-in\" href=\"https:\/\/careista.ch\/en\/brands\/edelwhite\/\" target=\"_blank\">\n\t\t\t\t\t\t<span class=\"elementor-button-content-wrapper\">\n\t\t\t\t\t\t\t\t\t<span class=\"elementor-button-text\">Acquista ora<\/span>\n\t\t\t\t\t<\/span>\n\t\t\t\t\t<\/a>\n\t\t\t\t<\/div>\n\t\t\t\t\t\t\t\t<\/div>\n\t\t\t\t<\/div>\n\t\t\t\t<\/div>\n\t\t\t\t<div class=\"elementor-element elementor-element-310319c elementor-widget__width-initial elementor-widget-tablet__width-inherit elementor-hidden-mobile elementor-widget elementor-widget-image\" data-id=\"310319c\" data-element_type=\"widget\" data-e-type=\"widget\" data-widget_type=\"image.default\">\n\t\t\t\t<div class=\"elementor-widget-container\">\n\t\t\t\t\t\t\t\t\t\t\t\t\t\t\t<img decoding=\"async\" width=\"1000\" height=\"2500\" src=\"https:\/\/bevercare.ch\/wp-content\/uploads\/2025\/02\/Design-ohne-Titel50.png\" class=\"attachment-full size-full wp-image-2162\" alt=\"\" srcset=\"https:\/\/bevercare.ch\/wp-content\/uploads\/2025\/02\/Design-ohne-Titel50.png 1000w, https:\/\/bevercare.ch\/wp-content\/uploads\/2025\/02\/Design-ohne-Titel50-120x300.png 120w, https:\/\/bevercare.ch\/wp-content\/uploads\/2025\/02\/Design-ohne-Titel50-410x1024.png 410w, https:\/\/bevercare.ch\/wp-content\/uploads\/2025\/02\/Design-ohne-Titel50-768x1920.png 768w, https:\/\/bevercare.ch\/wp-content\/uploads\/2025\/02\/Design-ohne-Titel50-614x1536.png 614w, https:\/\/bevercare.ch\/wp-content\/uploads\/2025\/02\/Design-ohne-Titel50-819x2048.png 819w\" sizes=\"(max-width: 1000px) 100vw, 1000px\" \/>\t\t\t\t\t\t\t\t\t\t\t\t\t\t\t<\/div>\n\t\t\t\t<\/div>\n\t\t\t\t\t<\/div>\n\t\t\t\t<\/div>\n\t\t\t\t\t<\/div>\n\t\t\t\t<\/div>\n\t\t<div class=\"elementor-element elementor-element-1bd0de1 e-flex e-con-boxed e-con e-parent\" data-id=\"1bd0de1\" data-element_type=\"container\" data-e-type=\"container\">\n\t\t\t\t\t<div class=\"e-con-inner\">\n\t\t\t\t<div class=\"elementor-element elementor-element-f418509 elementor-widget elementor-widget-spacer\" data-id=\"f418509\" data-element_type=\"widget\" data-e-type=\"widget\" data-widget_type=\"spacer.default\">\n\t\t\t\t<div class=\"elementor-widget-container\">\n\t\t\t\t\t\t\t<div class=\"elementor-spacer\">\n\t\t\t<div class=\"elementor-spacer-inner\"><\/div>\n\t\t<\/div>\n\t\t\t\t\t\t<\/div>\n\t\t\t\t<\/div>\n\t\t\t\t\t<\/div>\n\t\t\t\t<\/div>\n\t\t<div class=\"elementor-element elementor-element-93f4a83 e-flex e-con-boxed e-con e-parent\" data-id=\"93f4a83\" data-element_type=\"container\" data-e-type=\"container\">\n\t\t\t\t\t<div class=\"e-con-inner\">\n\t\t<div class=\"elementor-element elementor-element-dd4180d e-con-full e-flex e-con e-child\" data-id=\"dd4180d\" data-element_type=\"container\" data-e-type=\"container\">\n\t\t\t\t<div class=\"elementor-element elementor-element-39e0bae elementor-widget elementor-widget-heading\" data-id=\"39e0bae\" data-element_type=\"widget\" data-e-type=\"widget\" data-widget_type=\"heading.default\">\n\t\t\t\t<div class=\"elementor-widget-container\">\n\t\t\t\t\t<h2 class=\"elementor-heading-title elementor-size-default\">Alcuni dei nostri prodotti di punta edel+white<\/h2>\t\t\t\t<\/div>\n\t\t\t\t<\/div>\n\t\t\t\t<\/div>\n\t\t<div class=\"elementor-element elementor-element-9bc71e5 e-con-full e-flex e-con e-child\" data-id=\"9bc71e5\" data-element_type=\"container\" data-e-type=\"container\">\n\t\t<div class=\"elementor-element elementor-element-2c2b2c1 e-con-full e-flex e-con e-child\" data-id=\"2c2b2c1\" data-element_type=\"container\" data-e-type=\"container\">\n\t\t\t\t<div class=\"elementor-element elementor-element-f8db930 elementor-widget elementor-widget-image\" data-id=\"f8db930\" data-element_type=\"widget\" data-e-type=\"widget\" data-widget_type=\"image.default\">\n\t\t\t\t<div class=\"elementor-widget-container\">\n\t\t\t\t\t\t\t\t\t\t\t\t\t\t\t<img decoding=\"async\" width=\"300\" height=\"450\" src=\"https:\/\/bevercare.ch\/wp-content\/uploads\/2025\/02\/ew_products_100199.jpg\" class=\"attachment-full size-full wp-image-2170\" alt=\"edel+white Sonic Health Suite mit verschiedenen B\u00fcrstenk\u00f6pfen\" srcset=\"https:\/\/bevercare.ch\/wp-content\/uploads\/2025\/02\/ew_products_100199.jpg 300w, https:\/\/bevercare.ch\/wp-content\/uploads\/2025\/02\/ew_products_100199-200x300.jpg 200w\" sizes=\"(max-width: 300px) 100vw, 300px\" \/>\t\t\t\t\t\t\t\t\t\t\t\t\t\t\t<\/div>\n\t\t\t\t<\/div>\n\t\t\t\t<div class=\"elementor-element elementor-element-c429785 elementor-widget__width-initial elementor-widget elementor-widget-heading\" data-id=\"c429785\" data-element_type=\"widget\" data-e-type=\"widget\" data-widget_type=\"heading.default\">\n\t\t\t\t<div class=\"elementor-widget-container\">\n\t\t\t\t\t<h3 class=\"elementor-heading-title elementor-size-default\">Spazzolino sonico Sonic Health Suite<\/h3>\t\t\t\t<\/div>\n\t\t\t\t<\/div>\n\t\t\t\t<div class=\"elementor-element elementor-element-480ea59 elementor-widget elementor-widget-text-editor\" data-id=\"480ea59\" data-element_type=\"widget\" data-e-type=\"widget\" data-widget_type=\"text-editor.default\">\n\t\t\t\t<div class=\"elementor-widget-container\">\n\t\t\t\t\t\t\t\t\t<p>Il Sonic Generation Health Suite \u00e8 il nostro ultimo e pi\u00f9 grande spazzolino sonico idrodinamico. Combina in modo unico l&#8217;alta frequenza e l&#8217;altissima ampiezza per ottenere una migliore pulizia meccanica e senza contatto. <\/p><p>Il coltellino svizzero dell&#8217;igiene orale convince con un&#8217;ampia scelta di testine specializzate. Se soffri di sensibilit\u00e0, discromie, gengiviti o ulteriori esigenze di pulizia, la Health Suite \u00e8 la soluzione pi\u00f9 semplice.   <\/p><p>Ottieni il tuo igienista dentale portatile per casa.<\/p>\t\t\t\t\t\t\t\t<\/div>\n\t\t\t\t<\/div>\n\t\t\t\t<\/div>\n\t\t<div class=\"elementor-element elementor-element-dee9d2d e-con-full e-flex e-con e-child\" data-id=\"dee9d2d\" data-element_type=\"container\" data-e-type=\"container\">\n\t\t\t\t<div class=\"elementor-element elementor-element-2346aa1 elementor-widget elementor-widget-image\" data-id=\"2346aa1\" data-element_type=\"widget\" data-e-type=\"widget\" data-widget_type=\"image.default\">\n\t\t\t\t<div class=\"elementor-widget-container\">\n\t\t\t\t\t\t\t\t\t\t\t\t\t\t\t<img loading=\"lazy\" decoding=\"async\" width=\"300\" height=\"450\" src=\"https:\/\/bevercare.ch\/wp-content\/uploads\/2025\/02\/ew_products_100129.jpg\" class=\"attachment-full size-full wp-image-2168\" alt=\"edel+white CleanCurl 3D Zahnb\u00fcrste f\u00fcr eine effiziente Zahnreinigung\" srcset=\"https:\/\/bevercare.ch\/wp-content\/uploads\/2025\/02\/ew_products_100129.jpg 300w, https:\/\/bevercare.ch\/wp-content\/uploads\/2025\/02\/ew_products_100129-200x300.jpg 200w\" sizes=\"(max-width: 300px) 100vw, 300px\" \/>\t\t\t\t\t\t\t\t\t\t\t\t\t\t\t<\/div>\n\t\t\t\t<\/div>\n\t\t\t\t<div class=\"elementor-element elementor-element-b35dcb7 elementor-widget__width-initial elementor-widget elementor-widget-heading\" data-id=\"b35dcb7\" data-element_type=\"widget\" data-e-type=\"widget\" data-widget_type=\"heading.default\">\n\t\t\t\t<div class=\"elementor-widget-container\">\n\t\t\t\t\t<h3 class=\"elementor-heading-title elementor-size-default\">Spazzolino CleanCurl 3D<\/h3>\t\t\t\t<\/div>\n\t\t\t\t<\/div>\n\t\t\t\t<div class=\"elementor-element elementor-element-98c86af elementor-widget elementor-widget-text-editor\" data-id=\"98c86af\" data-element_type=\"widget\" data-e-type=\"widget\" data-widget_type=\"text-editor.default\">\n\t\t\t\t<div class=\"elementor-widget-container\">\n\t\t\t\t\t\t\t\t\t<p>Con setole curve che si adattano ai denti e li stringono. Con i suoi tre lati di setole, il CleanCurl 3D \u00e8 tre volte pi\u00f9 efficiente degli spazzolini tradizionali. Un semplice movimento di spazzolamento garantisce la pulizia simultanea delle superfici masticatorie, interne ed esterne dei denti e del bordo gengivale. Ci\u00f2 significa che in 1 minuto puoi spazzolare i denti in modo approfondito come con un normale spazzolino manuale in 3 minuti.   <\/p><p>Aumenta le prestazioni di spazzolamento del 300% con questo rivoluzionario spazzolino 3D.<\/p>\t\t\t\t\t\t\t\t<\/div>\n\t\t\t\t<\/div>\n\t\t\t\t<\/div>\n\t\t<div class=\"elementor-element elementor-element-ec586a1 e-con-full e-flex e-con e-child\" data-id=\"ec586a1\" data-element_type=\"container\" data-e-type=\"container\">\n\t\t\t\t<div class=\"elementor-element elementor-element-f5da908 elementor-widget elementor-widget-image\" data-id=\"f5da908\" data-element_type=\"widget\" data-e-type=\"widget\" data-widget_type=\"image.default\">\n\t\t\t\t<div class=\"elementor-widget-container\">\n\t\t\t\t\t\t\t\t\t\t\t\t\t\t\t<img loading=\"lazy\" decoding=\"async\" width=\"300\" height=\"450\" src=\"https:\/\/bevercare.ch\/wp-content\/uploads\/2025\/02\/ew_products_800850.jpg\" class=\"attachment-full size-full wp-image-2171\" alt=\"edel+white Woven Floss Zahnseide mit Zimtgeschmack\" srcset=\"https:\/\/bevercare.ch\/wp-content\/uploads\/2025\/02\/ew_products_800850.jpg 300w, https:\/\/bevercare.ch\/wp-content\/uploads\/2025\/02\/ew_products_800850-200x300.jpg 200w\" sizes=\"(max-width: 300px) 100vw, 300px\" \/>\t\t\t\t\t\t\t\t\t\t\t\t\t\t\t<\/div>\n\t\t\t\t<\/div>\n\t\t\t\t<div class=\"elementor-element elementor-element-1ae0f62 elementor-widget__width-initial elementor-widget elementor-widget-heading\" data-id=\"1ae0f62\" data-element_type=\"widget\" data-e-type=\"widget\" data-widget_type=\"heading.default\">\n\t\t\t\t<div class=\"elementor-widget-container\">\n\t\t\t\t\t<h3 class=\"elementor-heading-title elementor-size-default\">Filo interdentale con aroma di cannella<\/h3>\t\t\t\t<\/div>\n\t\t\t\t<\/div>\n\t\t\t\t<div class=\"elementor-element elementor-element-6e1b7e6 elementor-widget elementor-widget-text-editor\" data-id=\"6e1b7e6\" data-element_type=\"widget\" data-e-type=\"widget\" data-widget_type=\"text-editor.default\">\n\t\t\t\t<div class=\"elementor-widget-container\">\n\t\t\t\t\t\t\t\t\t<p>Il filo interdentale intrecciato per gengive sensibili. Il filo interdentale riduce la placca del 70%, \u00e8 delicato sulle gengive ed \u00e8 particolarmente indicato per gli spazi interdentali ampi. I quattro filamenti intrecciati impediscono il sanguinamento delle gengive e il taglio delle dita. Il filo interdentale spesso offre pi\u00f9 volume, \u00e8 sottile sotto tensione e si espande a contatto con la saliva. I piccoli spazi tra i filamenti assorbono la placca e la rimuovono efficacemente.    <\/p><p>Prova il gusto rinfrescante della cannella.<\/p>\t\t\t\t\t\t\t\t<\/div>\n\t\t\t\t<\/div>\n\t\t\t\t<\/div>\n\t\t<div class=\"elementor-element elementor-element-f313831 e-con-full e-flex e-con e-child\" data-id=\"f313831\" data-element_type=\"container\" data-e-type=\"container\">\n\t\t\t\t<div class=\"elementor-element elementor-element-2958dce elementor-widget elementor-widget-image\" data-id=\"2958dce\" data-element_type=\"widget\" data-e-type=\"widget\" data-widget_type=\"image.default\">\n\t\t\t\t<div class=\"elementor-widget-container\">\n\t\t\t\t\t\t\t\t\t\t\t\t\t\t\t<img loading=\"lazy\" decoding=\"async\" width=\"300\" height=\"450\" src=\"https:\/\/bevercare.ch\/wp-content\/uploads\/2025\/02\/ew_products_100171.jpg\" class=\"attachment-full size-full wp-image-2169\" alt=\"edel+white Flosserpik PowerSpa Munddusche\" srcset=\"https:\/\/bevercare.ch\/wp-content\/uploads\/2025\/02\/ew_products_100171.jpg 300w, https:\/\/bevercare.ch\/wp-content\/uploads\/2025\/02\/ew_products_100171-200x300.jpg 200w\" sizes=\"(max-width: 300px) 100vw, 300px\" \/>\t\t\t\t\t\t\t\t\t\t\t\t\t\t\t<\/div>\n\t\t\t\t<\/div>\n\t\t\t\t<div class=\"elementor-element elementor-element-8f4586d elementor-widget__width-initial elementor-widget elementor-widget-heading\" data-id=\"8f4586d\" data-element_type=\"widget\" data-e-type=\"widget\" data-widget_type=\"heading.default\">\n\t\t\t\t<div class=\"elementor-widget-container\">\n\t\t\t\t\t<h3 class=\"elementor-heading-title elementor-size-default\">Irrigatore orale Flosserpik Power Spa<\/h3>\t\t\t\t<\/div>\n\t\t\t\t<\/div>\n\t\t\t\t<div class=\"elementor-element elementor-element-efa5452 elementor-widget elementor-widget-text-editor\" data-id=\"efa5452\" data-element_type=\"widget\" data-e-type=\"widget\" data-widget_type=\"text-editor.default\">\n\t\t\t\t<div class=\"elementor-widget-container\">\n\t\t\t\t\t\t\t\t\t<p>Il Power Spa \u00e8 l&#8217;ultimo e pi\u00f9 avanzato sviluppo nel campo del filo interdentale ad acqua. Questo prodotto sottile e compatto \u00e8 dotato di un potente getto d&#8217;acqua che rimuove a fondo la placca e i residui di cibo tra i denti e sul bordo gengivale. Grazie al serbatoio facilmente accessibile e facile da pulire, \u00e8 anche compatibile con i collutori, per una maggiore freschezza o per trattare le aree sensibili con sciacqui medici.  <\/p><p>Prova il campione degli irrigatori orali portatili, anche sotto la doccia grazie alla protezione IPX7.<\/p>\t\t\t\t\t\t\t\t<\/div>\n\t\t\t\t<\/div>\n\t\t\t\t<\/div>\n\t\t\t\t<\/div>\n\t\t\t\t\t<\/div>\n\t\t\t\t<\/div>\n\t\t<div class=\"elementor-element elementor-element-5f883ca e-flex e-con-boxed e-con e-parent\" data-id=\"5f883ca\" data-element_type=\"container\" data-e-type=\"container\">\n\t\t\t\t\t<div class=\"e-con-inner\">\n\t\t\t\t<div class=\"elementor-element elementor-element-d905a32 elementor-align-center elementor-widget elementor-widget-button\" data-id=\"d905a32\" data-element_type=\"widget\" data-e-type=\"widget\" data-widget_type=\"button.default\">\n\t\t\t\t<div class=\"elementor-widget-container\">\n\t\t\t\t\t\t\t\t\t<div class=\"elementor-button-wrapper\">\n\t\t\t\t\t<a class=\"elementor-button elementor-button-link elementor-size-sm elementor-animation-bounce-in\" href=\"https:\/\/it.edelwhite.swiss\/\">\n\t\t\t\t\t\t<span class=\"elementor-button-content-wrapper\">\n\t\t\t\t\t\t\t\t\t<span class=\"elementor-button-text\">Maggiori informazioni su www.edelwhite.swiss<\/span>\n\t\t\t\t\t<\/span>\n\t\t\t\t\t<\/a>\n\t\t\t\t<\/div>\n\t\t\t\t\t\t\t\t<\/div>\n\t\t\t\t<\/div>\n\t\t\t\t\t<\/div>\n\t\t\t\t<\/div>\n\t\t<div class=\"elementor-element elementor-element-7322852 e-flex e-con-boxed e-con e-parent\" data-id=\"7322852\" data-element_type=\"container\" data-e-type=\"container\">\n\t\t\t\t\t<div class=\"e-con-inner\">\n\t\t\t\t<div class=\"elementor-element elementor-element-bf50134 elementor-widget elementor-widget-spacer\" data-id=\"bf50134\" data-element_type=\"widget\" data-e-type=\"widget\" data-widget_type=\"spacer.default\">\n\t\t\t\t<div class=\"elementor-widget-container\">\n\t\t\t\t\t\t\t<div class=\"elementor-spacer\">\n\t\t\t<div class=\"elementor-spacer-inner\"><\/div>\n\t\t<\/div>\n\t\t\t\t\t\t<\/div>\n\t\t\t\t<\/div>\n\t\t\t\t\t<\/div>\n\t\t\t\t<\/div>\n\t\t\t\t<\/div>\n\t\t","protected":false},"excerpt":{"rendered":"<p>edel+white il marchio svizzero specializzato in igiene orale La salute inizia dalla bocca. Prendersi cura della flora orale e dei denti \u00e8 il primo passo per mantenere la salute dell&#8217;intero organismo e ha conseguenze sulla salute che vanno ben oltre la bocca. Ecco perch\u00e9 edel+white inizia con prodotti e sistemi di cura eccellenti in grado [&hellip;]<\/p>\n","protected":false},"author":2,"featured_media":0,"parent":0,"menu_order":0,"comment_status":"closed","ping_status":"closed","template":"","meta":{"footnotes":""},"class_list":["post-2158","page","type-page","status-publish","hentry"],"yoast_head":"<!-- This site is optimized with the Yoast SEO plugin v26.9 - https:\/\/yoast.com\/product\/yoast-seo-wordpress\/ -->\n<title>edel+white - BeverCare<\/title>\n<meta name=\"robots\" content=\"index, follow, max-snippet:-1, max-image-preview:large, max-video-preview:-1\" \/>\n<link rel=\"canonical\" href=\"https:\/\/bevercare.ch\/it\/nobilebianco\/\" \/>\n<meta property=\"og:locale\" content=\"it_IT\" \/>\n<meta property=\"og:type\" content=\"article\" \/>\n<meta property=\"og:title\" content=\"edel+white - BeverCare\" \/>\n<meta property=\"og:description\" content=\"edel+white il marchio svizzero specializzato in igiene orale La salute inizia dalla bocca. Prendersi cura della flora orale e dei denti \u00e8 il primo passo per mantenere la salute dell&#8217;intero organismo e ha conseguenze sulla salute che vanno ben oltre la bocca. Ecco perch\u00e9 edel+white inizia con prodotti e sistemi di cura eccellenti in grado [&hellip;]\" \/>\n<meta property=\"og:url\" content=\"https:\/\/bevercare.ch\/it\/nobilebianco\/\" \/>\n<meta property=\"og:site_name\" content=\"BeverCare\" \/>\n<meta property=\"article:modified_time\" content=\"2025-11-12T14:34:46+00:00\" \/>\n<meta property=\"og:image\" content=\"http:\/\/bevercare.ch\/wp-content\/uploads\/2025\/01\/edelwhite_LOGO_400px.png\" \/>\n<meta name=\"twitter:card\" content=\"summary_large_image\" \/>\n<meta name=\"twitter:label1\" content=\"Tempo di lettura stimato\" \/>\n\t<meta name=\"twitter:data1\" content=\"3 minuti\" \/>\n<script type=\"application\/ld+json\" class=\"yoast-schema-graph\">{\"@context\":\"https:\/\/schema.org\",\"@graph\":[{\"@type\":\"WebPage\",\"@id\":\"https:\/\/bevercare.ch\/it\/nobilebianco\/\",\"url\":\"https:\/\/bevercare.ch\/it\/nobilebianco\/\",\"name\":\"edel+white - BeverCare\",\"isPartOf\":{\"@id\":\"https:\/\/bevercare.ch\/it\/#website\"},\"primaryImageOfPage\":{\"@id\":\"https:\/\/bevercare.ch\/it\/nobilebianco\/#primaryimage\"},\"image\":{\"@id\":\"https:\/\/bevercare.ch\/it\/nobilebianco\/#primaryimage\"},\"thumbnailUrl\":\"http:\/\/bevercare.ch\/wp-content\/uploads\/2025\/01\/edelwhite_LOGO_400px.png\",\"datePublished\":\"2025-01-29T12:50:05+00:00\",\"dateModified\":\"2025-11-12T14:34:46+00:00\",\"breadcrumb\":{\"@id\":\"https:\/\/bevercare.ch\/it\/nobilebianco\/#breadcrumb\"},\"inLanguage\":\"it-IT\",\"potentialAction\":[{\"@type\":\"ReadAction\",\"target\":[\"https:\/\/bevercare.ch\/it\/nobilebianco\/\"]}]},{\"@type\":\"ImageObject\",\"inLanguage\":\"it-IT\",\"@id\":\"https:\/\/bevercare.ch\/it\/nobilebianco\/#primaryimage\",\"url\":\"http:\/\/bevercare.ch\/wp-content\/uploads\/2025\/01\/edelwhite_LOGO_400px.png\",\"contentUrl\":\"http:\/\/bevercare.ch\/wp-content\/uploads\/2025\/01\/edelwhite_LOGO_400px.png\"},{\"@type\":\"BreadcrumbList\",\"@id\":\"https:\/\/bevercare.ch\/it\/nobilebianco\/#breadcrumb\",\"itemListElement\":[{\"@type\":\"ListItem\",\"position\":1,\"name\":\"Home\",\"item\":\"https:\/\/bevercare.ch\/it\/\"},{\"@type\":\"ListItem\",\"position\":2,\"name\":\"edel+white\"}]},{\"@type\":\"WebSite\",\"@id\":\"https:\/\/bevercare.ch\/it\/#website\",\"url\":\"https:\/\/bevercare.ch\/it\/\",\"name\":\"BeverCare\",\"description\":\"Swiss Selfcare Solutions\",\"potentialAction\":[{\"@type\":\"SearchAction\",\"target\":{\"@type\":\"EntryPoint\",\"urlTemplate\":\"https:\/\/bevercare.ch\/it\/?s={search_term_string}\"},\"query-input\":{\"@type\":\"PropertyValueSpecification\",\"valueRequired\":true,\"valueName\":\"search_term_string\"}}],\"inLanguage\":\"it-IT\"}]}<\/script>\n<!-- \/ Yoast SEO plugin. -->","yoast_head_json":{"title":"edel+white - BeverCare","robots":{"index":"index","follow":"follow","max-snippet":"max-snippet:-1","max-image-preview":"max-image-preview:large","max-video-preview":"max-video-preview:-1"},"canonical":"https:\/\/bevercare.ch\/it\/nobilebianco\/","og_locale":"it_IT","og_type":"article","og_title":"edel+white - BeverCare","og_description":"edel+white il marchio svizzero specializzato in igiene orale La salute inizia dalla bocca. Prendersi cura della flora orale e dei denti \u00e8 il primo passo per mantenere la salute dell&#8217;intero organismo e ha conseguenze sulla salute che vanno ben oltre la bocca. Ecco perch\u00e9 edel+white inizia con prodotti e sistemi di cura eccellenti in grado [&hellip;]","og_url":"https:\/\/bevercare.ch\/it\/nobilebianco\/","og_site_name":"BeverCare","article_modified_time":"2025-11-12T14:34:46+00:00","og_image":[{"url":"http:\/\/bevercare.ch\/wp-content\/uploads\/2025\/01\/edelwhite_LOGO_400px.png","type":"","width":"","height":""}],"twitter_card":"summary_large_image","twitter_misc":{"Tempo di lettura stimato":"3 minuti"},"schema":{"@context":"https:\/\/schema.org","@graph":[{"@type":"WebPage","@id":"https:\/\/bevercare.ch\/it\/nobilebianco\/","url":"https:\/\/bevercare.ch\/it\/nobilebianco\/","name":"edel+white - BeverCare","isPartOf":{"@id":"https:\/\/bevercare.ch\/it\/#website"},"primaryImageOfPage":{"@id":"https:\/\/bevercare.ch\/it\/nobilebianco\/#primaryimage"},"image":{"@id":"https:\/\/bevercare.ch\/it\/nobilebianco\/#primaryimage"},"thumbnailUrl":"http:\/\/bevercare.ch\/wp-content\/uploads\/2025\/01\/edelwhite_LOGO_400px.png","datePublished":"2025-01-29T12:50:05+00:00","dateModified":"2025-11-12T14:34:46+00:00","breadcrumb":{"@id":"https:\/\/bevercare.ch\/it\/nobilebianco\/#breadcrumb"},"inLanguage":"it-IT","potentialAction":[{"@type":"ReadAction","target":["https:\/\/bevercare.ch\/it\/nobilebianco\/"]}]},{"@type":"ImageObject","inLanguage":"it-IT","@id":"https:\/\/bevercare.ch\/it\/nobilebianco\/#primaryimage","url":"http:\/\/bevercare.ch\/wp-content\/uploads\/2025\/01\/edelwhite_LOGO_400px.png","contentUrl":"http:\/\/bevercare.ch\/wp-content\/uploads\/2025\/01\/edelwhite_LOGO_400px.png"},{"@type":"BreadcrumbList","@id":"https:\/\/bevercare.ch\/it\/nobilebianco\/#breadcrumb","itemListElement":[{"@type":"ListItem","position":1,"name":"Home","item":"https:\/\/bevercare.ch\/it\/"},{"@type":"ListItem","position":2,"name":"edel+white"}]},{"@type":"WebSite","@id":"https:\/\/bevercare.ch\/it\/#website","url":"https:\/\/bevercare.ch\/it\/","name":"BeverCare","description":"Swiss Selfcare Solutions","potentialAction":[{"@type":"SearchAction","target":{"@type":"EntryPoint","urlTemplate":"https:\/\/bevercare.ch\/it\/?s={search_term_string}"},"query-input":{"@type":"PropertyValueSpecification","valueRequired":true,"valueName":"search_term_string"}}],"inLanguage":"it-IT"}]}},"_links":{"self":[{"href":"https:\/\/bevercare.ch\/it\/wp-json\/wp\/v2\/pages\/2158","targetHints":{"allow":["GET"]}}],"collection":[{"href":"https:\/\/bevercare.ch\/it\/wp-json\/wp\/v2\/pages"}],"about":[{"href":"https:\/\/bevercare.ch\/it\/wp-json\/wp\/v2\/types\/page"}],"author":[{"embeddable":true,"href":"https:\/\/bevercare.ch\/it\/wp-json\/wp\/v2\/users\/2"}],"replies":[{"embeddable":true,"href":"https:\/\/bevercare.ch\/it\/wp-json\/wp\/v2\/comments?post=2158"}],"version-history":[{"count":7,"href":"https:\/\/bevercare.ch\/it\/wp-json\/wp\/v2\/pages\/2158\/revisions"}],"predecessor-version":[{"id":2488,"href":"https:\/\/bevercare.ch\/it\/wp-json\/wp\/v2\/pages\/2158\/revisions\/2488"}],"wp:attachment":[{"href":"https:\/\/bevercare.ch\/it\/wp-json\/wp\/v2\/media?parent=2158"}],"curies":[{"name":"wp","href":"https:\/\/api.w.org\/{rel}","templated":true}]}}