{"id":2155,"date":"2022-02-25T18:56:58","date_gmt":"2022-02-25T17:56:58","guid":{"rendered":"https:\/\/bevercare.ch\/impronta\/"},"modified":"2025-09-15T15:23:58","modified_gmt":"2025-09-15T13:23:58","slug":"impronta","status":"publish","type":"page","link":"https:\/\/bevercare.ch\/it\/impronta\/","title":{"rendered":"Impronta"},"content":{"rendered":"\t\t<div data-elementor-type=\"wp-page\" data-elementor-id=\"2155\" class=\"elementor elementor-2155 elementor-8\" data-elementor-post-type=\"page\">\n\t\t\t\t<div class=\"elementor-element elementor-element-1bdebf3 e-flex e-con-boxed e-con e-parent\" data-id=\"1bdebf3\" data-element_type=\"container\" data-e-type=\"container\">\n\t\t\t\t\t<div class=\"e-con-inner\">\n\t\t\t\t<div class=\"elementor-element elementor-element-c8873f2 elementor-widget elementor-widget-spacer\" data-id=\"c8873f2\" data-element_type=\"widget\" data-e-type=\"widget\" data-widget_type=\"spacer.default\">\n\t\t\t\t<div class=\"elementor-widget-container\">\n\t\t\t\t\t\t\t<div class=\"elementor-spacer\">\n\t\t\t<div class=\"elementor-spacer-inner\"><\/div>\n\t\t<\/div>\n\t\t\t\t\t\t<\/div>\n\t\t\t\t<\/div>\n\t\t\t\t\t<\/div>\n\t\t\t\t<\/div>\n\t\t<div class=\"elementor-element elementor-element-00f34bc e-flex e-con-boxed e-con e-parent\" data-id=\"00f34bc\" data-element_type=\"container\" data-e-type=\"container\">\n\t\t\t\t\t<div class=\"e-con-inner\">\n\t\t\t\t<div class=\"elementor-element elementor-element-764649d elementor-widget elementor-widget-heading\" data-id=\"764649d\" data-element_type=\"widget\" data-e-type=\"widget\" data-widget_type=\"heading.default\">\n\t\t\t\t<div class=\"elementor-widget-container\">\n\t\t\t\t\t<h1 class=\"elementor-heading-title elementor-size-default\">Impronta<\/h1>\t\t\t\t<\/div>\n\t\t\t\t<\/div>\n\t\t\t\t\t<\/div>\n\t\t\t\t<\/div>\n\t\t<div class=\"elementor-element elementor-element-5789959 e-flex e-con-boxed e-con e-parent\" data-id=\"5789959\" data-element_type=\"container\" data-e-type=\"container\">\n\t\t\t\t\t<div class=\"e-con-inner\">\n\t\t<div class=\"elementor-element elementor-element-0592ce6 e-con-full e-flex e-con e-child\" data-id=\"0592ce6\" data-element_type=\"container\" data-e-type=\"container\">\n\t\t\t\t<div class=\"elementor-element elementor-element-b37dd82 elementor-widget elementor-widget-text-editor\" data-id=\"b37dd82\" data-element_type=\"widget\" data-e-type=\"widget\" data-widget_type=\"text-editor.default\">\n\t\t\t\t<div class=\"elementor-widget-container\">\n\t\t\t\t\t\t\t\t\t<div class=\"wpb_column vc_column_container vc_col-sm-6\"><div class=\"vc_column-inner\"><div class=\"wpb_wrapper\"><div class=\"wpb_text_column wpb_content_element post-formatting \"><div class=\"wpb_wrapper\"><p>Indirizzo di contatto<\/p><p><strong>BeverCare (BeverFood AG)<\/strong><br>Chaltenbodenstrasse 6C<br>8834 Schindellegi<br>Svizzera<\/p><p>E-mail:<br>hello@bevercare.ch<\/p><\/div><\/div><div class=\"wpb_text_column wpb_content_element post-formatting \"><div class=\"wpb_wrapper\"><p><strong>Rappresentante\/i autorizzato\/i<\/strong><\/p><p>Jan Iselin<br>Fabio Iselin<\/p><\/div><\/div><div class=\"wpb_text_column wpb_content_element post-formatting \"><div class=\"wpb_wrapper\"><p><strong>Iscrizione al registro delle imprese<\/strong><\/p><p>Nome della societ\u00e0 registrata:<br>BeverFood AG<\/p><p>Numero di azienda (UID):<br>CHE-148.131.871<\/p><p>Partita IVA<br>CHE-148.131.871 IVA<\/p><\/div><\/div><\/div><\/div><\/div>\t\t\t\t\t\t\t\t<\/div>\n\t\t\t\t<\/div>\n\t\t\t\t<\/div>\n\t\t<div class=\"elementor-element elementor-element-f6fc798 e-con-full e-flex e-con e-child\" data-id=\"f6fc798\" data-element_type=\"container\" data-e-type=\"container\">\n\t\t\t\t<div class=\"elementor-element elementor-element-1c0a777 elementor-widget elementor-widget-text-editor\" data-id=\"1c0a777\" data-element_type=\"widget\" data-e-type=\"widget\" data-widget_type=\"text-editor.default\">\n\t\t\t\t<div class=\"elementor-widget-container\">\n\t\t\t\t\t\t\t\t\t<div class=\"wpb_text_column wpb_content_element post-formatting \"><div class=\"wpb_wrapper\"><p><strong>Esclusione di responsabilit\u00e0<\/strong><\/p><p>L&#8217;autore non si assume alcuna responsabilit\u00e0 in merito alla correttezza, all&#8217;accuratezza, all&#8217;aggiornamento, all&#8217;affidabilit\u00e0 e alla completezza delle informazioni.<\/p><p>Sono escluse le richieste di responsabilit\u00e0 nei confronti dell&#8217;autore per danni di natura materiale o immateriale derivanti dall&#8217;accesso, dall&#8217;uso o dal mancato uso delle informazioni pubblicate, dall&#8217;uso improprio della connessione o da guasti tecnici.<\/p><p>Tutte le offerte non sono vincolanti. L&#8217;autore si riserva espressamente il diritto di modificare, integrare o cancellare parti delle pagine o l&#8217;intera offerta senza alcun preavviso o di interrompere la pubblicazione in modo temporaneo o permanente. <\/p><\/div><\/div><div class=\"wpb_text_column wpb_content_element post-formatting \"><div class=\"wpb_wrapper\"><p><strong>Disclaimer per i link<\/strong><\/p><p>I riferimenti e i link a siti web di terzi non rientrano nella nostra sfera di responsabilit\u00e0. Si declina ogni responsabilit\u00e0 per tali siti web. L&#8217;accesso e l&#8217;utilizzo di tali siti web \u00e8 a rischio dell&#8217;utente.  <\/p><\/div><\/div><div class=\"wpb_text_column wpb_content_element post-formatting \"><div class=\"wpb_wrapper\"><p><strong>Diritti d&#8217;autore<\/strong><\/p><p>Il copyright e tutti gli altri diritti relativi a contenuti, immagini, foto o altri file presenti in questo sito web appartengono esclusivamente <strong>a BeverFood AG<\/strong> o ai titolari dei diritti specificatamente indicati. Per la riproduzione di qualsiasi elemento \u00e8 necessario ottenere preventivamente il consenso scritto del titolare del copyright. <\/p><\/div><\/div>\t\t\t\t\t\t\t\t<\/div>\n\t\t\t\t<\/div>\n\t\t\t\t<\/div>\n\t\t\t\t\t<\/div>\n\t\t\t\t<\/div>\n\t\t<div class=\"elementor-element elementor-element-3aa21f1 e-flex e-con-boxed e-con e-parent\" data-id=\"3aa21f1\" data-element_type=\"container\" data-e-type=\"container\">\n\t\t\t\t\t<div class=\"e-con-inner\">\n\t\t\t\t<div class=\"elementor-element elementor-element-da355f5 elementor-widget elementor-widget-spacer\" data-id=\"da355f5\" data-element_type=\"widget\" data-e-type=\"widget\" data-widget_type=\"spacer.default\">\n\t\t\t\t<div class=\"elementor-widget-container\">\n\t\t\t\t\t\t\t<div class=\"elementor-spacer\">\n\t\t\t<div class=\"elementor-spacer-inner\"><\/div>\n\t\t<\/div>\n\t\t\t\t\t\t<\/div>\n\t\t\t\t<\/div>\n\t\t\t\t\t<\/div>\n\t\t\t\t<\/div>\n\t\t\t\t<\/div>\n\t\t","protected":false},"excerpt":{"rendered":"<p>Impronta Indirizzo di contatto BeverCare (BeverFood AG)Chaltenbodenstrasse 6C8834 SchindellegiSvizzera E-mail:hello@bevercare.ch Rappresentante\/i autorizzato\/i Jan IselinFabio Iselin Iscrizione al registro delle imprese Nome della societ\u00e0 registrata:BeverFood AG Numero di azienda (UID):CHE-148.131.871 Partita IVACHE-148.131.871 IVA Esclusione di responsabilit\u00e0 L&#8217;autore non si assume alcuna responsabilit\u00e0 in merito alla correttezza, all&#8217;accuratezza, all&#8217;aggiornamento, all&#8217;affidabilit\u00e0 e alla completezza delle informazioni. Sono escluse [&hellip;]<\/p>\n","protected":false},"author":2,"featured_media":0,"parent":0,"menu_order":0,"comment_status":"closed","ping_status":"closed","template":"","meta":{"footnotes":""},"class_list":["post-2155","page","type-page","status-publish","hentry"],"yoast_head":"<!-- This site is optimized with the Yoast SEO plugin v26.9 - https:\/\/yoast.com\/product\/yoast-seo-wordpress\/ -->\n<title>Impronta - BeverCare<\/title>\n<meta name=\"robots\" content=\"index, follow, max-snippet:-1, max-image-preview:large, max-video-preview:-1\" \/>\n<link rel=\"canonical\" href=\"https:\/\/bevercare.ch\/it\/impronta\/\" \/>\n<meta property=\"og:locale\" content=\"it_IT\" \/>\n<meta property=\"og:type\" content=\"article\" \/>\n<meta property=\"og:title\" content=\"Impronta - BeverCare\" \/>\n<meta property=\"og:description\" content=\"Impronta Indirizzo di contatto BeverCare (BeverFood AG)Chaltenbodenstrasse 6C8834 SchindellegiSvizzera E-mail:hello@bevercare.ch Rappresentante\/i autorizzato\/i Jan IselinFabio Iselin Iscrizione al registro delle imprese Nome della societ\u00e0 registrata:BeverFood AG Numero di azienda (UID):CHE-148.131.871 Partita IVACHE-148.131.871 IVA Esclusione di responsabilit\u00e0 L&#8217;autore non si assume alcuna responsabilit\u00e0 in merito alla correttezza, all&#8217;accuratezza, all&#8217;aggiornamento, all&#8217;affidabilit\u00e0 e alla completezza delle informazioni. Sono escluse [&hellip;]\" \/>\n<meta property=\"og:url\" content=\"https:\/\/bevercare.ch\/it\/impronta\/\" \/>\n<meta property=\"og:site_name\" content=\"BeverCare\" \/>\n<meta property=\"article:modified_time\" content=\"2025-09-15T13:23:58+00:00\" \/>\n<meta name=\"twitter:card\" content=\"summary_large_image\" \/>\n<meta name=\"twitter:label1\" content=\"Tempo di lettura stimato\" \/>\n\t<meta name=\"twitter:data1\" content=\"1 minuto\" \/>\n<script type=\"application\/ld+json\" class=\"yoast-schema-graph\">{\"@context\":\"https:\/\/schema.org\",\"@graph\":[{\"@type\":\"WebPage\",\"@id\":\"https:\/\/bevercare.ch\/it\/impronta\/\",\"url\":\"https:\/\/bevercare.ch\/it\/impronta\/\",\"name\":\"Impronta - BeverCare\",\"isPartOf\":{\"@id\":\"https:\/\/bevercare.ch\/it\/#website\"},\"datePublished\":\"2022-02-25T17:56:58+00:00\",\"dateModified\":\"2025-09-15T13:23:58+00:00\",\"breadcrumb\":{\"@id\":\"https:\/\/bevercare.ch\/it\/impronta\/#breadcrumb\"},\"inLanguage\":\"it-IT\",\"potentialAction\":[{\"@type\":\"ReadAction\",\"target\":[\"https:\/\/bevercare.ch\/it\/impronta\/\"]}]},{\"@type\":\"BreadcrumbList\",\"@id\":\"https:\/\/bevercare.ch\/it\/impronta\/#breadcrumb\",\"itemListElement\":[{\"@type\":\"ListItem\",\"position\":1,\"name\":\"Home\",\"item\":\"https:\/\/bevercare.ch\/it\/\"},{\"@type\":\"ListItem\",\"position\":2,\"name\":\"Impronta\"}]},{\"@type\":\"WebSite\",\"@id\":\"https:\/\/bevercare.ch\/it\/#website\",\"url\":\"https:\/\/bevercare.ch\/it\/\",\"name\":\"BeverCare\",\"description\":\"Swiss Selfcare Solutions\",\"potentialAction\":[{\"@type\":\"SearchAction\",\"target\":{\"@type\":\"EntryPoint\",\"urlTemplate\":\"https:\/\/bevercare.ch\/it\/?s={search_term_string}\"},\"query-input\":{\"@type\":\"PropertyValueSpecification\",\"valueRequired\":true,\"valueName\":\"search_term_string\"}}],\"inLanguage\":\"it-IT\"}]}<\/script>\n<!-- \/ Yoast SEO plugin. -->","yoast_head_json":{"title":"Impronta - BeverCare","robots":{"index":"index","follow":"follow","max-snippet":"max-snippet:-1","max-image-preview":"max-image-preview:large","max-video-preview":"max-video-preview:-1"},"canonical":"https:\/\/bevercare.ch\/it\/impronta\/","og_locale":"it_IT","og_type":"article","og_title":"Impronta - BeverCare","og_description":"Impronta Indirizzo di contatto BeverCare (BeverFood AG)Chaltenbodenstrasse 6C8834 SchindellegiSvizzera E-mail:hello@bevercare.ch Rappresentante\/i autorizzato\/i Jan IselinFabio Iselin Iscrizione al registro delle imprese Nome della societ\u00e0 registrata:BeverFood AG Numero di azienda (UID):CHE-148.131.871 Partita IVACHE-148.131.871 IVA Esclusione di responsabilit\u00e0 L&#8217;autore non si assume alcuna responsabilit\u00e0 in merito alla correttezza, all&#8217;accuratezza, all&#8217;aggiornamento, all&#8217;affidabilit\u00e0 e alla completezza delle informazioni. Sono escluse [&hellip;]","og_url":"https:\/\/bevercare.ch\/it\/impronta\/","og_site_name":"BeverCare","article_modified_time":"2025-09-15T13:23:58+00:00","twitter_card":"summary_large_image","twitter_misc":{"Tempo di lettura stimato":"1 minuto"},"schema":{"@context":"https:\/\/schema.org","@graph":[{"@type":"WebPage","@id":"https:\/\/bevercare.ch\/it\/impronta\/","url":"https:\/\/bevercare.ch\/it\/impronta\/","name":"Impronta - BeverCare","isPartOf":{"@id":"https:\/\/bevercare.ch\/it\/#website"},"datePublished":"2022-02-25T17:56:58+00:00","dateModified":"2025-09-15T13:23:58+00:00","breadcrumb":{"@id":"https:\/\/bevercare.ch\/it\/impronta\/#breadcrumb"},"inLanguage":"it-IT","potentialAction":[{"@type":"ReadAction","target":["https:\/\/bevercare.ch\/it\/impronta\/"]}]},{"@type":"BreadcrumbList","@id":"https:\/\/bevercare.ch\/it\/impronta\/#breadcrumb","itemListElement":[{"@type":"ListItem","position":1,"name":"Home","item":"https:\/\/bevercare.ch\/it\/"},{"@type":"ListItem","position":2,"name":"Impronta"}]},{"@type":"WebSite","@id":"https:\/\/bevercare.ch\/it\/#website","url":"https:\/\/bevercare.ch\/it\/","name":"BeverCare","description":"Swiss Selfcare Solutions","potentialAction":[{"@type":"SearchAction","target":{"@type":"EntryPoint","urlTemplate":"https:\/\/bevercare.ch\/it\/?s={search_term_string}"},"query-input":{"@type":"PropertyValueSpecification","valueRequired":true,"valueName":"search_term_string"}}],"inLanguage":"it-IT"}]}},"_links":{"self":[{"href":"https:\/\/bevercare.ch\/it\/wp-json\/wp\/v2\/pages\/2155","targetHints":{"allow":["GET"]}}],"collection":[{"href":"https:\/\/bevercare.ch\/it\/wp-json\/wp\/v2\/pages"}],"about":[{"href":"https:\/\/bevercare.ch\/it\/wp-json\/wp\/v2\/types\/page"}],"author":[{"embeddable":true,"href":"https:\/\/bevercare.ch\/it\/wp-json\/wp\/v2\/users\/2"}],"replies":[{"embeddable":true,"href":"https:\/\/bevercare.ch\/it\/wp-json\/wp\/v2\/comments?post=2155"}],"version-history":[{"count":1,"href":"https:\/\/bevercare.ch\/it\/wp-json\/wp\/v2\/pages\/2155\/revisions"}],"predecessor-version":[{"id":2157,"href":"https:\/\/bevercare.ch\/it\/wp-json\/wp\/v2\/pages\/2155\/revisions\/2157"}],"wp:attachment":[{"href":"https:\/\/bevercare.ch\/it\/wp-json\/wp\/v2\/media?parent=2155"}],"curies":[{"name":"wp","href":"https:\/\/api.w.org\/{rel}","templated":true}]}}