{"id":2136,"date":"2025-06-03T11:00:20","date_gmt":"2025-06-03T09:00:20","guid":{"rendered":"https:\/\/bevercare.ch\/belif\/"},"modified":"2025-11-12T15:21:49","modified_gmt":"2025-11-12T14:21:49","slug":"belif","status":"publish","type":"page","link":"https:\/\/bevercare.ch\/it\/belif\/","title":{"rendered":"belif"},"content":{"rendered":"\t\t<div data-elementor-type=\"wp-page\" data-elementor-id=\"2136\" class=\"elementor elementor-2136 elementor-783\" data-elementor-post-type=\"page\">\n\t\t\t\t<div class=\"elementor-element elementor-element-1886f65 e-flex e-con-boxed e-con e-parent\" data-id=\"1886f65\" data-element_type=\"container\" data-e-type=\"container\" data-settings=\"{&quot;background_background&quot;:&quot;classic&quot;}\">\n\t\t\t\t\t<div class=\"e-con-inner\">\n\t\t\t\t\t<\/div>\n\t\t\t\t<\/div>\n\t\t<div class=\"elementor-element elementor-element-d93a9de e-flex e-con-boxed e-con e-parent\" data-id=\"d93a9de\" data-element_type=\"container\" data-e-type=\"container\">\n\t\t\t\t\t<div class=\"e-con-inner\">\n\t\t<div class=\"elementor-element elementor-element-7716693 e-con-full e-flex e-con e-child\" data-id=\"7716693\" data-element_type=\"container\" data-e-type=\"container\">\n\t\t\t\t<div class=\"elementor-element elementor-element-97d9aae elementor-widget elementor-widget-image\" data-id=\"97d9aae\" data-element_type=\"widget\" data-e-type=\"widget\" data-widget_type=\"image.default\">\n\t\t\t\t<div class=\"elementor-widget-container\">\n\t\t\t\t\t\t\t\t\t\t\t\t\t\t\t<img fetchpriority=\"high\" decoding=\"async\" width=\"328\" height=\"154\" src=\"https:\/\/bevercare.ch\/wp-content\/uploads\/2025\/06\/belif_logo.png\" class=\"attachment-full size-full wp-image-2142\" alt=\"\" srcset=\"https:\/\/bevercare.ch\/wp-content\/uploads\/2025\/06\/belif_logo.png 328w, https:\/\/bevercare.ch\/wp-content\/uploads\/2025\/06\/belif_logo-300x141.png 300w\" sizes=\"(max-width: 328px) 100vw, 328px\" \/>\t\t\t\t\t\t\t\t\t\t\t\t\t\t\t<\/div>\n\t\t\t\t<\/div>\n\t\t\t\t<div class=\"elementor-element elementor-element-85c2bfe elementor-widget__width-initial elementor-widget elementor-widget-heading\" data-id=\"85c2bfe\" data-element_type=\"widget\" data-e-type=\"widget\" data-widget_type=\"heading.default\">\n\t\t\t\t<div class=\"elementor-widget-container\">\n\t\t\t\t\t<h1 class=\"elementor-heading-title elementor-size-default\">belif - Scopri la vera idratazione<\/h1>\t\t\t\t<\/div>\n\t\t\t\t<\/div>\n\t\t\t\t<div class=\"elementor-element elementor-element-72b63c6 elementor-widget__width-initial elementor-widget elementor-widget-text-editor\" data-id=\"72b63c6\" data-element_type=\"widget\" data-e-type=\"widget\" data-widget_type=\"text-editor.default\">\n\t\t\t\t<div class=\"elementor-widget-container\">\n\t\t\t\t\t\t\t\t\t<div class=\"elementor-element elementor-element-f180130 elementor-widget-mobile__width-auto elementor-widget elementor-widget-heading\" data-id=\"f180130\" data-element_type=\"widget\" data-widget_type=\"heading.default\"><p>Esperta in trattamenti efficaci anti-et\u00e0, vitaminici e idratanti, belif combina la medicina tradizionale a base di erbe con l&#8217;avanzata scienza coreana della cura della pelle per offrire potenti soluzioni di cura della pelle che idratano profondamente per una pelle radiosa e una bellezza senza tempo.  <\/p><p>belif si affida a liste di ingredienti trasparenti e prive di sostanze chimiche nascoste o dannose: tutti i prodotti belif sono formulati con erbe pure e sono privi di conservanti, coloranti e profumi sintetici, oli minerali e ingredienti di origine animale.<\/p><p>belif &#8211; credere nella verit\u00e0.<\/p><\/div>\t\t\t\t\t\t\t\t<\/div>\n\t\t\t\t<\/div>\n\t\t\t\t<div class=\"elementor-element elementor-element-f704370 elementor-align-left elementor-tablet-align-center elementor-widget elementor-widget-button\" data-id=\"f704370\" data-element_type=\"widget\" data-e-type=\"widget\" data-widget_type=\"button.default\">\n\t\t\t\t<div class=\"elementor-widget-container\">\n\t\t\t\t\t\t\t\t\t<div class=\"elementor-button-wrapper\">\n\t\t\t\t\t<a class=\"elementor-button elementor-button-link elementor-size-sm elementor-animation-bounce-in\" href=\"https:\/\/careista.ch\/en\/brands\/belif\/\" target=\"_blank\">\n\t\t\t\t\t\t<span class=\"elementor-button-content-wrapper\">\n\t\t\t\t\t\t\t\t\t<span class=\"elementor-button-text\">Acquista ora<\/span>\n\t\t\t\t\t<\/span>\n\t\t\t\t\t<\/a>\n\t\t\t\t<\/div>\n\t\t\t\t\t\t\t\t<\/div>\n\t\t\t\t<\/div>\n\t\t\t\t<\/div>\n\t\t\t\t<div class=\"elementor-element elementor-element-94f4e2f elementor-widget__width-initial elementor-widget-tablet__width-inherit elementor-widget elementor-widget-image\" data-id=\"94f4e2f\" data-element_type=\"widget\" data-e-type=\"widget\" data-widget_type=\"image.default\">\n\t\t\t\t<div class=\"elementor-widget-container\">\n\t\t\t\t\t\t\t\t\t\t\t\t\t\t\t<img decoding=\"async\" width=\"1038\" height=\"1000\" src=\"https:\/\/bevercare.ch\/wp-content\/uploads\/2025\/11\/belif_imagebild_2_careista_web.jpg\" class=\"attachment-full size-full wp-image-2408\" alt=\"\" srcset=\"https:\/\/bevercare.ch\/wp-content\/uploads\/2025\/11\/belif_imagebild_2_careista_web.jpg 1038w, https:\/\/bevercare.ch\/wp-content\/uploads\/2025\/11\/belif_imagebild_2_careista_web-300x289.jpg 300w, https:\/\/bevercare.ch\/wp-content\/uploads\/2025\/11\/belif_imagebild_2_careista_web-1024x987.jpg 1024w, https:\/\/bevercare.ch\/wp-content\/uploads\/2025\/11\/belif_imagebild_2_careista_web-768x740.jpg 768w\" sizes=\"(max-width: 1038px) 100vw, 1038px\" \/>\t\t\t\t\t\t\t\t\t\t\t\t\t\t\t<\/div>\n\t\t\t\t<\/div>\n\t\t\t\t\t<\/div>\n\t\t\t\t<\/div>\n\t\t<div class=\"elementor-element elementor-element-13f538e e-flex e-con-boxed e-con e-parent\" data-id=\"13f538e\" data-element_type=\"container\" data-e-type=\"container\">\n\t\t\t\t\t<div class=\"e-con-inner\">\n\t\t<div class=\"elementor-element elementor-element-e42d6ba e-con-full e-flex e-con e-child\" data-id=\"e42d6ba\" data-element_type=\"container\" data-e-type=\"container\">\n\t\t\t\t<div class=\"elementor-element elementor-element-198d7c5 elementor-widget elementor-widget-heading\" data-id=\"198d7c5\" data-element_type=\"widget\" data-e-type=\"widget\" data-widget_type=\"heading.default\">\n\t\t\t\t<div class=\"elementor-widget-container\">\n\t\t\t\t\t<h2 class=\"elementor-heading-title elementor-size-default\">Alcuni dei nostri punti salienti di Belif<\/h2>\t\t\t\t<\/div>\n\t\t\t\t<\/div>\n\t\t\t\t<\/div>\n\t\t<div class=\"elementor-element elementor-element-0cb7f92 e-con-full e-flex e-con e-child\" data-id=\"0cb7f92\" data-element_type=\"container\" data-e-type=\"container\">\n\t\t<div class=\"elementor-element elementor-element-da9c5ac e-con-full e-flex e-con e-child\" data-id=\"da9c5ac\" data-element_type=\"container\" data-e-type=\"container\">\n\t\t\t\t<div class=\"elementor-element elementor-element-1dd98e8 elementor-widget elementor-widget-image\" data-id=\"1dd98e8\" data-element_type=\"widget\" data-e-type=\"widget\" data-widget_type=\"image.default\">\n\t\t\t\t<div class=\"elementor-widget-container\">\n\t\t\t\t\t\t\t\t\t\t\t\t\t\t\t<img decoding=\"async\" width=\"600\" height=\"600\" src=\"https:\/\/bevercare.ch\/wp-content\/uploads\/2025\/11\/52102389-belif-The-True-Cream-Aqua-Bomb-50ml-800x800px2-600x600-1.jpg\" class=\"attachment-full size-full wp-image-2424\" alt=\"\" srcset=\"https:\/\/bevercare.ch\/wp-content\/uploads\/2025\/11\/52102389-belif-The-True-Cream-Aqua-Bomb-50ml-800x800px2-600x600-1.jpg 600w, https:\/\/bevercare.ch\/wp-content\/uploads\/2025\/11\/52102389-belif-The-True-Cream-Aqua-Bomb-50ml-800x800px2-600x600-1-300x300.jpg 300w, https:\/\/bevercare.ch\/wp-content\/uploads\/2025\/11\/52102389-belif-The-True-Cream-Aqua-Bomb-50ml-800x800px2-600x600-1-150x150.jpg 150w\" sizes=\"(max-width: 600px) 100vw, 600px\" \/>\t\t\t\t\t\t\t\t\t\t\t\t\t\t\t<\/div>\n\t\t\t\t<\/div>\n\t\t\t\t<div class=\"elementor-element elementor-element-2132c14 elementor-widget__width-initial elementor-widget elementor-widget-heading\" data-id=\"2132c14\" data-element_type=\"widget\" data-e-type=\"widget\" data-widget_type=\"heading.default\">\n\t\t\t\t<div class=\"elementor-widget-container\">\n\t\t\t\t\t<h3 class=\"elementor-heading-title elementor-size-default\">La vera bomba d'acqua alla crema<\/h3>\t\t\t\t<\/div>\n\t\t\t\t<\/div>\n\t\t\t\t<div class=\"elementor-element elementor-element-c2ddb46 elementor-widget elementor-widget-text-editor\" data-id=\"c2ddb46\" data-element_type=\"widget\" data-e-type=\"widget\" data-widget_type=\"text-editor.default\">\n\t\t\t\t<div class=\"elementor-widget-container\">\n\t\t\t\t\t\t\t\t\t<p>La True Cream Aqua Bomb \u00e8 una crema ultra leggera e priva di oli con acido ialuronico e niacinamide, ideale per un&#8217;idratazione istantanea e profonda senza appiccicare. Perfetta come base per il trucco e adatta a tutti i tipi di pelle. <\/p><ul><li>Idrata istantaneamente e aumenta il tasso di idratazione della pelle<\/li><li>Rinfresca e rinfresca immediatamente<\/li><li>Affina i pori per una carnagione pi\u00f9 liscia, pi\u00f9 elastica e pi\u00f9 morbida<\/li><li>Serve come base idratante perfetta per il trucco<\/li><li>Colore blu rinfrescante grazie a ingredienti naturali e antiossidanti<\/li><li>Ideale per pelli normali, miste e grasse<\/li><\/ul>\t\t\t\t\t\t\t\t<\/div>\n\t\t\t\t<\/div>\n\t\t\t\t<\/div>\n\t\t<div class=\"elementor-element elementor-element-48c5c4a e-con-full e-flex e-con e-child\" data-id=\"48c5c4a\" data-element_type=\"container\" data-e-type=\"container\">\n\t\t\t\t<div class=\"elementor-element elementor-element-9c0a54a elementor-widget elementor-widget-image\" data-id=\"9c0a54a\" data-element_type=\"widget\" data-e-type=\"widget\" data-widget_type=\"image.default\">\n\t\t\t\t<div class=\"elementor-widget-container\">\n\t\t\t\t\t\t\t\t\t\t\t\t\t\t\t<img loading=\"lazy\" decoding=\"async\" width=\"600\" height=\"600\" src=\"https:\/\/bevercare.ch\/wp-content\/uploads\/2025\/11\/52102541-belif-Aqua-Bomb-Depuffing-Eye-Gel-15ml-800x800px3-600x600-1.jpg\" class=\"attachment-full size-full wp-image-2428\" alt=\"\" srcset=\"https:\/\/bevercare.ch\/wp-content\/uploads\/2025\/11\/52102541-belif-Aqua-Bomb-Depuffing-Eye-Gel-15ml-800x800px3-600x600-1.jpg 600w, https:\/\/bevercare.ch\/wp-content\/uploads\/2025\/11\/52102541-belif-Aqua-Bomb-Depuffing-Eye-Gel-15ml-800x800px3-600x600-1-300x300.jpg 300w, https:\/\/bevercare.ch\/wp-content\/uploads\/2025\/11\/52102541-belif-Aqua-Bomb-Depuffing-Eye-Gel-15ml-800x800px3-600x600-1-150x150.jpg 150w\" sizes=\"(max-width: 600px) 100vw, 600px\" \/>\t\t\t\t\t\t\t\t\t\t\t\t\t\t\t<\/div>\n\t\t\t\t<\/div>\n\t\t\t\t<div class=\"elementor-element elementor-element-e4099ea elementor-widget__width-initial elementor-widget elementor-widget-heading\" data-id=\"e4099ea\" data-element_type=\"widget\" data-e-type=\"widget\" data-widget_type=\"heading.default\">\n\t\t\t\t<div class=\"elementor-widget-container\">\n\t\t\t\t\t<h3 class=\"elementor-heading-title elementor-size-default\">Aqua Bomb Depuffing Eye Gel<\/h3>\t\t\t\t<\/div>\n\t\t\t\t<\/div>\n\t\t\t\t<div class=\"elementor-element elementor-element-e3b0d7b elementor-widget elementor-widget-text-editor\" data-id=\"e3b0d7b\" data-element_type=\"widget\" data-e-type=\"widget\" data-widget_type=\"text-editor.default\">\n\t\t\t\t<div class=\"elementor-widget-container\">\n\t\t\t\t\t\t\t\t\t<p>Scopri il leggero Aqua Bomb Depuffing Eye Gel con il trio rivitalizzante di caffeina, acido ialuronico e niacinamide: rinfresca, riduce le borse e minimizza le occhiaie.<\/p><ul><li>L&#8217;applicatore in ceramica a forma di penna assicura un raffreddamento immediato del contorno occhi<\/li><li>Idrata istantaneamente e riduce le linee sottili e le rughe nel tempo<\/li><li>La caffeina riduce il gonfiore, attiva le cellule e rivitalizza immediatamente gli occhi stanchi<\/li><li>Ideale da usare al mattino per risvegliare e rivitalizzare gli occhi stanchi<\/li><li>Un gel leggero che viene assorbito dalla pelle senza lasciare residui<\/li><li>Ideale per la pelle normale, secca, mista e grassa<\/li><\/ul>\t\t\t\t\t\t\t\t<\/div>\n\t\t\t\t<\/div>\n\t\t\t\t<\/div>\n\t\t<div class=\"elementor-element elementor-element-9cddbe8 e-con-full e-flex e-con e-child\" data-id=\"9cddbe8\" data-element_type=\"container\" data-e-type=\"container\">\n\t\t\t\t<div class=\"elementor-element elementor-element-6faaae7 elementor-widget elementor-widget-image\" data-id=\"6faaae7\" data-element_type=\"widget\" data-e-type=\"widget\" data-widget_type=\"image.default\">\n\t\t\t\t<div class=\"elementor-widget-container\">\n\t\t\t\t\t\t\t\t\t\t\t\t\t\t\t<img loading=\"lazy\" decoding=\"async\" width=\"600\" height=\"600\" src=\"https:\/\/bevercare.ch\/wp-content\/uploads\/2025\/11\/52102296-belif-Super-Drops-Niacinamide-Vitamin-C-Brightening-Serum-30ml-800x800px2-600x600-1.jpg\" class=\"attachment-full size-full wp-image-2420\" alt=\"\" srcset=\"https:\/\/bevercare.ch\/wp-content\/uploads\/2025\/11\/52102296-belif-Super-Drops-Niacinamide-Vitamin-C-Brightening-Serum-30ml-800x800px2-600x600-1.jpg 600w, https:\/\/bevercare.ch\/wp-content\/uploads\/2025\/11\/52102296-belif-Super-Drops-Niacinamide-Vitamin-C-Brightening-Serum-30ml-800x800px2-600x600-1-300x300.jpg 300w, https:\/\/bevercare.ch\/wp-content\/uploads\/2025\/11\/52102296-belif-Super-Drops-Niacinamide-Vitamin-C-Brightening-Serum-30ml-800x800px2-600x600-1-150x150.jpg 150w\" sizes=\"(max-width: 600px) 100vw, 600px\" \/>\t\t\t\t\t\t\t\t\t\t\t\t\t\t\t<\/div>\n\t\t\t\t<\/div>\n\t\t\t\t<div class=\"elementor-element elementor-element-90a2f5a elementor-widget__width-initial elementor-widget elementor-widget-heading\" data-id=\"90a2f5a\" data-element_type=\"widget\" data-e-type=\"widget\" data-widget_type=\"heading.default\">\n\t\t\t\t<div class=\"elementor-widget-container\">\n\t\t\t\t\t<h3 class=\"elementor-heading-title elementor-size-default\">Siero illuminante Super Drops 5% Niacinamide e Vitamina C<\/h3>\t\t\t\t<\/div>\n\t\t\t\t<\/div>\n\t\t\t\t<div class=\"elementor-element elementor-element-5e45c71 elementor-widget elementor-widget-text-editor\" data-id=\"5e45c71\" data-element_type=\"widget\" data-e-type=\"widget\" data-widget_type=\"text-editor.default\">\n\t\t\t\t<div class=\"elementor-widget-container\">\n\t\t\t\t\t\t\t\t\t<p>Il siero illuminante Super Drops 5% Niacinamide e Vitamina C aiuta a ridurre l&#8217;iperpigmentazione e a rivitalizzare e illuminare la pelle con macchie o pelle spenta, per un colorito chiaro e uniforme.<\/p><ul><li>Riduce le macchie di pigmentazione, le macchie scure e le lentiggini<\/li><li>Lenisce gli arrossamenti temporanei causati da stimoli esterni<\/li><li>Illumina la pelle spenta e rivitalizza l&#8217;incarnato<\/li><li>Rassoda e compatta la pelle<\/li><li>Ideale per la pelle spenta e secca<\/li><\/ul>\t\t\t\t\t\t\t\t<\/div>\n\t\t\t\t<\/div>\n\t\t\t\t<\/div>\n\t\t<div class=\"elementor-element elementor-element-f82e0a5 e-con-full e-flex e-con e-child\" data-id=\"f82e0a5\" data-element_type=\"container\" data-e-type=\"container\">\n\t\t\t\t<div class=\"elementor-element elementor-element-1c5cc7f elementor-widget elementor-widget-image\" data-id=\"1c5cc7f\" data-element_type=\"widget\" data-e-type=\"widget\" data-widget_type=\"image.default\">\n\t\t\t\t<div class=\"elementor-widget-container\">\n\t\t\t\t\t\t\t\t\t\t\t\t\t\t\t<img loading=\"lazy\" decoding=\"async\" width=\"600\" height=\"600\" src=\"https:\/\/bevercare.ch\/wp-content\/uploads\/2025\/11\/52102554-belif-Super-Knights-Berry-Tinted-Lipcerin-15ml-800x800px9-600x600-1.jpg\" class=\"attachment-full size-full wp-image-2432\" alt=\"\" srcset=\"https:\/\/bevercare.ch\/wp-content\/uploads\/2025\/11\/52102554-belif-Super-Knights-Berry-Tinted-Lipcerin-15ml-800x800px9-600x600-1.jpg 600w, https:\/\/bevercare.ch\/wp-content\/uploads\/2025\/11\/52102554-belif-Super-Knights-Berry-Tinted-Lipcerin-15ml-800x800px9-600x600-1-300x300.jpg 300w, https:\/\/bevercare.ch\/wp-content\/uploads\/2025\/11\/52102554-belif-Super-Knights-Berry-Tinted-Lipcerin-15ml-800x800px9-600x600-1-150x150.jpg 150w\" sizes=\"(max-width: 600px) 100vw, 600px\" \/>\t\t\t\t\t\t\t\t\t\t\t\t\t\t\t<\/div>\n\t\t\t\t<\/div>\n\t\t\t\t<div class=\"elementor-element elementor-element-b368aa9 elementor-widget__width-initial elementor-widget elementor-widget-heading\" data-id=\"b368aa9\" data-element_type=\"widget\" data-e-type=\"widget\" data-widget_type=\"heading.default\">\n\t\t\t\t<div class=\"elementor-widget-container\">\n\t\t\t\t\t<h3 class=\"elementor-heading-title elementor-size-default\">Super Knights Mint Plumping Lipcerin<\/h3>\t\t\t\t<\/div>\n\t\t\t\t<\/div>\n\t\t\t\t<div class=\"elementor-element elementor-element-5c334e0 elementor-widget elementor-widget-text-editor\" data-id=\"5c334e0\" data-element_type=\"widget\" data-e-type=\"widget\" data-widget_type=\"text-editor.default\">\n\t\t\t\t<div class=\"elementor-widget-container\">\n\t\t\t\t\t\t\t\t\t<p>Prova l&#8217;esperienza di labbra immediatamente pi\u00f9 turgide e rinfrescate con Super Knights Mint Plumping Lipcerin &#8211; ideale per le calde giornate estive! Con menta e mentolo rinfrescanti per un&#8217;immediata sensazione di freschezza e un volume visibilmente maggiore. <\/p><ul><li>Effetto rimpolpante immediato: mentolo e menta garantiscono labbra rinfrescate e visibilmente rimpolpate.<\/li><li>Idratazione intensa e luminosit\u00e0 &#8211; l&#8217;acido ialuronico idrata profondamente, rafforza la barriera delle labbra e leviga delicatamente.<\/li><li>Il Complesso Multivitaminico\u2122 (C, E, B3 e B12) rivitalizza le labbra spente, mentre i peptidi stimolano la produzione di collagene.<\/li><li>Leggero e non appiccicoso: la formula rosa tenue si fonde con le labbra e lascia una finitura trasparente e confortevole.<\/li><li>Dispenser Air-Fit &#8211; igienico, fresco, perfettamente dosato<\/li><li>Adatto a tutti i tipi di pelle<\/li><\/ul>\t\t\t\t\t\t\t\t<\/div>\n\t\t\t\t<\/div>\n\t\t\t\t<\/div>\n\t\t\t\t<\/div>\n\t\t\t\t\t<\/div>\n\t\t\t\t<\/div>\n\t\t<div class=\"elementor-element elementor-element-c486449 e-flex e-con-boxed e-con e-parent\" data-id=\"c486449\" data-element_type=\"container\" data-e-type=\"container\">\n\t\t\t\t\t<div class=\"e-con-inner\">\n\t\t\t\t<div class=\"elementor-element elementor-element-c054fc7 elementor-tablet-align-center elementor-widget elementor-widget-button\" data-id=\"c054fc7\" data-element_type=\"widget\" data-e-type=\"widget\" data-widget_type=\"button.default\">\n\t\t\t\t<div class=\"elementor-widget-container\">\n\t\t\t\t\t\t\t\t\t<div class=\"elementor-button-wrapper\">\n\t\t\t\t\t<a class=\"elementor-button elementor-button-link elementor-size-sm elementor-animation-bounce-in\" href=\"https:\/\/careista.ch\/en\/brands\/belif\/\" target=\"_blank\">\n\t\t\t\t\t\t<span class=\"elementor-button-content-wrapper\">\n\t\t\t\t\t\t\t\t\t<span class=\"elementor-button-text\">Scopri subito CAREISTA<\/span>\n\t\t\t\t\t<\/span>\n\t\t\t\t\t<\/a>\n\t\t\t\t<\/div>\n\t\t\t\t\t\t\t\t<\/div>\n\t\t\t\t<\/div>\n\t\t\t\t<div class=\"elementor-element elementor-element-c6f452c elementor-widget elementor-widget-spacer\" data-id=\"c6f452c\" data-element_type=\"widget\" data-e-type=\"widget\" data-widget_type=\"spacer.default\">\n\t\t\t\t<div class=\"elementor-widget-container\">\n\t\t\t\t\t\t\t<div class=\"elementor-spacer\">\n\t\t\t<div class=\"elementor-spacer-inner\"><\/div>\n\t\t<\/div>\n\t\t\t\t\t\t<\/div>\n\t\t\t\t<\/div>\n\t\t\t\t\t<\/div>\n\t\t\t\t<\/div>\n\t\t\t\t<\/div>\n\t\t","protected":false},"excerpt":{"rendered":"<p>belif &#8211; Scopri la vera idratazione Esperta in trattamenti efficaci anti-et\u00e0, vitaminici e idratanti, belif combina la medicina tradizionale a base di erbe con l&#8217;avanzata scienza coreana della cura della pelle per offrire potenti soluzioni di cura della pelle che idratano profondamente per una pelle radiosa e una bellezza senza tempo. belif si affida a [&hellip;]<\/p>\n","protected":false},"author":2,"featured_media":0,"parent":0,"menu_order":0,"comment_status":"closed","ping_status":"closed","template":"","meta":{"footnotes":""},"class_list":["post-2136","page","type-page","status-publish","hentry"],"yoast_head":"<!-- This site is optimized with the Yoast SEO plugin v26.9 - https:\/\/yoast.com\/product\/yoast-seo-wordpress\/ -->\n<title>belif - BeverCare<\/title>\n<meta name=\"robots\" content=\"index, follow, max-snippet:-1, max-image-preview:large, max-video-preview:-1\" \/>\n<link rel=\"canonical\" href=\"https:\/\/bevercare.ch\/it\/belif\/\" \/>\n<meta property=\"og:locale\" content=\"it_IT\" \/>\n<meta property=\"og:type\" content=\"article\" \/>\n<meta property=\"og:title\" content=\"belif - BeverCare\" \/>\n<meta property=\"og:description\" content=\"belif &#8211; Scopri la vera idratazione Esperta in trattamenti efficaci anti-et\u00e0, vitaminici e idratanti, belif combina la medicina tradizionale a base di erbe con l&#8217;avanzata scienza coreana della cura della pelle per offrire potenti soluzioni di cura della pelle che idratano profondamente per una pelle radiosa e una bellezza senza tempo. belif si affida a [&hellip;]\" \/>\n<meta property=\"og:url\" content=\"https:\/\/bevercare.ch\/it\/belif\/\" \/>\n<meta property=\"og:site_name\" content=\"BeverCare\" \/>\n<meta property=\"article:modified_time\" content=\"2025-11-12T14:21:49+00:00\" \/>\n<meta property=\"og:image\" content=\"http:\/\/bevercare.ch\/wp-content\/uploads\/2025\/06\/belif_logo.png\" \/>\n<meta name=\"twitter:card\" content=\"summary_large_image\" \/>\n<meta name=\"twitter:label1\" content=\"Tempo di lettura stimato\" \/>\n\t<meta name=\"twitter:data1\" content=\"2 minuti\" \/>\n<script type=\"application\/ld+json\" class=\"yoast-schema-graph\">{\"@context\":\"https:\/\/schema.org\",\"@graph\":[{\"@type\":\"WebPage\",\"@id\":\"https:\/\/bevercare.ch\/it\/belif\/\",\"url\":\"https:\/\/bevercare.ch\/it\/belif\/\",\"name\":\"belif - BeverCare\",\"isPartOf\":{\"@id\":\"https:\/\/bevercare.ch\/it\/#website\"},\"primaryImageOfPage\":{\"@id\":\"https:\/\/bevercare.ch\/it\/belif\/#primaryimage\"},\"image\":{\"@id\":\"https:\/\/bevercare.ch\/it\/belif\/#primaryimage\"},\"thumbnailUrl\":\"http:\/\/bevercare.ch\/wp-content\/uploads\/2025\/06\/belif_logo.png\",\"datePublished\":\"2025-06-03T09:00:20+00:00\",\"dateModified\":\"2025-11-12T14:21:49+00:00\",\"breadcrumb\":{\"@id\":\"https:\/\/bevercare.ch\/it\/belif\/#breadcrumb\"},\"inLanguage\":\"it-IT\",\"potentialAction\":[{\"@type\":\"ReadAction\",\"target\":[\"https:\/\/bevercare.ch\/it\/belif\/\"]}]},{\"@type\":\"ImageObject\",\"inLanguage\":\"it-IT\",\"@id\":\"https:\/\/bevercare.ch\/it\/belif\/#primaryimage\",\"url\":\"http:\/\/bevercare.ch\/wp-content\/uploads\/2025\/06\/belif_logo.png\",\"contentUrl\":\"http:\/\/bevercare.ch\/wp-content\/uploads\/2025\/06\/belif_logo.png\"},{\"@type\":\"BreadcrumbList\",\"@id\":\"https:\/\/bevercare.ch\/it\/belif\/#breadcrumb\",\"itemListElement\":[{\"@type\":\"ListItem\",\"position\":1,\"name\":\"Home\",\"item\":\"https:\/\/bevercare.ch\/it\/\"},{\"@type\":\"ListItem\",\"position\":2,\"name\":\"belif\"}]},{\"@type\":\"WebSite\",\"@id\":\"https:\/\/bevercare.ch\/it\/#website\",\"url\":\"https:\/\/bevercare.ch\/it\/\",\"name\":\"BeverCare\",\"description\":\"Swiss Selfcare Solutions\",\"potentialAction\":[{\"@type\":\"SearchAction\",\"target\":{\"@type\":\"EntryPoint\",\"urlTemplate\":\"https:\/\/bevercare.ch\/it\/?s={search_term_string}\"},\"query-input\":{\"@type\":\"PropertyValueSpecification\",\"valueRequired\":true,\"valueName\":\"search_term_string\"}}],\"inLanguage\":\"it-IT\"}]}<\/script>\n<!-- \/ Yoast SEO plugin. -->","yoast_head_json":{"title":"belif - BeverCare","robots":{"index":"index","follow":"follow","max-snippet":"max-snippet:-1","max-image-preview":"max-image-preview:large","max-video-preview":"max-video-preview:-1"},"canonical":"https:\/\/bevercare.ch\/it\/belif\/","og_locale":"it_IT","og_type":"article","og_title":"belif - BeverCare","og_description":"belif &#8211; Scopri la vera idratazione Esperta in trattamenti efficaci anti-et\u00e0, vitaminici e idratanti, belif combina la medicina tradizionale a base di erbe con l&#8217;avanzata scienza coreana della cura della pelle per offrire potenti soluzioni di cura della pelle che idratano profondamente per una pelle radiosa e una bellezza senza tempo. belif si affida a [&hellip;]","og_url":"https:\/\/bevercare.ch\/it\/belif\/","og_site_name":"BeverCare","article_modified_time":"2025-11-12T14:21:49+00:00","og_image":[{"url":"http:\/\/bevercare.ch\/wp-content\/uploads\/2025\/06\/belif_logo.png","type":"","width":"","height":""}],"twitter_card":"summary_large_image","twitter_misc":{"Tempo di lettura stimato":"2 minuti"},"schema":{"@context":"https:\/\/schema.org","@graph":[{"@type":"WebPage","@id":"https:\/\/bevercare.ch\/it\/belif\/","url":"https:\/\/bevercare.ch\/it\/belif\/","name":"belif - BeverCare","isPartOf":{"@id":"https:\/\/bevercare.ch\/it\/#website"},"primaryImageOfPage":{"@id":"https:\/\/bevercare.ch\/it\/belif\/#primaryimage"},"image":{"@id":"https:\/\/bevercare.ch\/it\/belif\/#primaryimage"},"thumbnailUrl":"http:\/\/bevercare.ch\/wp-content\/uploads\/2025\/06\/belif_logo.png","datePublished":"2025-06-03T09:00:20+00:00","dateModified":"2025-11-12T14:21:49+00:00","breadcrumb":{"@id":"https:\/\/bevercare.ch\/it\/belif\/#breadcrumb"},"inLanguage":"it-IT","potentialAction":[{"@type":"ReadAction","target":["https:\/\/bevercare.ch\/it\/belif\/"]}]},{"@type":"ImageObject","inLanguage":"it-IT","@id":"https:\/\/bevercare.ch\/it\/belif\/#primaryimage","url":"http:\/\/bevercare.ch\/wp-content\/uploads\/2025\/06\/belif_logo.png","contentUrl":"http:\/\/bevercare.ch\/wp-content\/uploads\/2025\/06\/belif_logo.png"},{"@type":"BreadcrumbList","@id":"https:\/\/bevercare.ch\/it\/belif\/#breadcrumb","itemListElement":[{"@type":"ListItem","position":1,"name":"Home","item":"https:\/\/bevercare.ch\/it\/"},{"@type":"ListItem","position":2,"name":"belif"}]},{"@type":"WebSite","@id":"https:\/\/bevercare.ch\/it\/#website","url":"https:\/\/bevercare.ch\/it\/","name":"BeverCare","description":"Swiss Selfcare Solutions","potentialAction":[{"@type":"SearchAction","target":{"@type":"EntryPoint","urlTemplate":"https:\/\/bevercare.ch\/it\/?s={search_term_string}"},"query-input":{"@type":"PropertyValueSpecification","valueRequired":true,"valueName":"search_term_string"}}],"inLanguage":"it-IT"}]}},"_links":{"self":[{"href":"https:\/\/bevercare.ch\/it\/wp-json\/wp\/v2\/pages\/2136","targetHints":{"allow":["GET"]}}],"collection":[{"href":"https:\/\/bevercare.ch\/it\/wp-json\/wp\/v2\/pages"}],"about":[{"href":"https:\/\/bevercare.ch\/it\/wp-json\/wp\/v2\/types\/page"}],"author":[{"embeddable":true,"href":"https:\/\/bevercare.ch\/it\/wp-json\/wp\/v2\/users\/2"}],"replies":[{"embeddable":true,"href":"https:\/\/bevercare.ch\/it\/wp-json\/wp\/v2\/comments?post=2136"}],"version-history":[{"count":2,"href":"https:\/\/bevercare.ch\/it\/wp-json\/wp\/v2\/pages\/2136\/revisions"}],"predecessor-version":[{"id":2475,"href":"https:\/\/bevercare.ch\/it\/wp-json\/wp\/v2\/pages\/2136\/revisions\/2475"}],"wp:attachment":[{"href":"https:\/\/bevercare.ch\/it\/wp-json\/wp\/v2\/media?parent=2136"}],"curies":[{"name":"wp","href":"https:\/\/api.w.org\/{rel}","templated":true}]}}