{"id":1871,"date":"2022-02-25T18:56:58","date_gmt":"2022-02-25T17:56:58","guid":{"rendered":"https:\/\/bevercare.ch\/mentions-legales\/"},"modified":"2026-04-24T10:10:16","modified_gmt":"2026-04-24T08:10:16","slug":"mentions-legales","status":"publish","type":"page","link":"https:\/\/bevercare.ch\/fr\/mentions-legales\/","title":{"rendered":"Mentions l\u00e9gales"},"content":{"rendered":"\t\t<div data-elementor-type=\"wp-page\" data-elementor-id=\"1871\" class=\"elementor elementor-1871 elementor-8\" data-elementor-post-type=\"page\">\n\t\t\t\t<div class=\"elementor-element elementor-element-1bdebf3 e-flex e-con-boxed e-con e-parent\" data-id=\"1bdebf3\" data-element_type=\"container\" data-e-type=\"container\">\n\t\t\t\t\t<div class=\"e-con-inner\">\n\t\t\t\t<div class=\"elementor-element elementor-element-c8873f2 elementor-widget elementor-widget-spacer\" data-id=\"c8873f2\" data-element_type=\"widget\" data-e-type=\"widget\" data-widget_type=\"spacer.default\">\n\t\t\t\t<div class=\"elementor-widget-container\">\n\t\t\t\t\t\t\t<div class=\"elementor-spacer\">\n\t\t\t<div class=\"elementor-spacer-inner\"><\/div>\n\t\t<\/div>\n\t\t\t\t\t\t<\/div>\n\t\t\t\t<\/div>\n\t\t\t\t\t<\/div>\n\t\t\t\t<\/div>\n\t\t<div class=\"elementor-element elementor-element-00f34bc e-flex e-con-boxed e-con e-parent\" data-id=\"00f34bc\" data-element_type=\"container\" data-e-type=\"container\">\n\t\t\t\t\t<div class=\"e-con-inner\">\n\t\t\t\t<div class=\"elementor-element elementor-element-764649d elementor-widget elementor-widget-heading\" data-id=\"764649d\" data-element_type=\"widget\" data-e-type=\"widget\" data-widget_type=\"heading.default\">\n\t\t\t\t<div class=\"elementor-widget-container\">\n\t\t\t\t\t<h1 class=\"elementor-heading-title elementor-size-default\">Mentions l\u00e9gales<\/h1>\t\t\t\t<\/div>\n\t\t\t\t<\/div>\n\t\t\t\t\t<\/div>\n\t\t\t\t<\/div>\n\t\t<div class=\"elementor-element elementor-element-5789959 e-flex e-con-boxed e-con e-parent\" data-id=\"5789959\" data-element_type=\"container\" data-e-type=\"container\">\n\t\t\t\t\t<div class=\"e-con-inner\">\n\t\t<div class=\"elementor-element elementor-element-0592ce6 e-con-full e-flex e-con e-child\" data-id=\"0592ce6\" data-element_type=\"container\" data-e-type=\"container\">\n\t\t\t\t<div class=\"elementor-element elementor-element-b37dd82 elementor-widget elementor-widget-text-editor\" data-id=\"b37dd82\" data-element_type=\"widget\" data-e-type=\"widget\" data-widget_type=\"text-editor.default\">\n\t\t\t\t<div class=\"elementor-widget-container\">\n\t\t\t\t\t\t\t\t\t<div class=\"wpb_column vc_column_container vc_col-sm-6\"><div class=\"vc_column-inner\"><div class=\"wpb_wrapper\"><div class=\"wpb_text_column wpb_content_element post-formatting \"><div class=\"wpb_wrapper\"><p>Adresse de contact<\/p><p><strong>BeverCare Suisse SA<\/strong><br>Brown Boveri Platz 3<br>5400 Baden<br>Suisse<\/p><p>Courrier \u00e9lectronique :<br>hello@bevercare.ch<\/p><\/div><\/div><div class=\"wpb_text_column wpb_content_element post-formatting \"><div class=\"wpb_wrapper\"><p><strong>Personne(s) habilit\u00e9e(s) \u00e0 repr\u00e9senter l&rsquo;entreprise<\/strong><\/p><p>Jan Iselin<br>Fabio Iselin<\/p><\/div><\/div><div class=\"wpb_text_column wpb_content_element post-formatting \"><div class=\"wpb_wrapper\"><p><strong>Inscription au registre du commerce<\/strong><\/p><p>Raison sociale:<br>BeverCare Suisse SA<\/p><p>Num\u00e9ro d&rsquo;entreprise (UID) :<br>CHE-148.131.871<\/p><p>Num\u00e9ro de TVA<br>CHE-148.131.871 TVA<\/p><\/div><\/div><\/div><\/div><\/div>\t\t\t\t\t\t\t\t<\/div>\n\t\t\t\t<\/div>\n\t\t\t\t<\/div>\n\t\t<div class=\"elementor-element elementor-element-f6fc798 e-con-full e-flex e-con e-child\" data-id=\"f6fc798\" data-element_type=\"container\" data-e-type=\"container\">\n\t\t\t\t<div class=\"elementor-element elementor-element-1c0a777 elementor-widget elementor-widget-text-editor\" data-id=\"1c0a777\" data-element_type=\"widget\" data-e-type=\"widget\" data-widget_type=\"text-editor.default\">\n\t\t\t\t<div class=\"elementor-widget-container\">\n\t\t\t\t\t\t\t\t\t<div class=\"wpb_text_column wpb_content_element post-formatting \"><div class=\"wpb_wrapper\"><p><strong>Clause de non-responsabilit\u00e9<\/strong><\/p><p>L&rsquo;auteur n&rsquo;assume aucune responsabilit\u00e9 quant \u00e0 la v\u00e9racit\u00e9, l&rsquo;exactitude, l&rsquo;actualit\u00e9, la fiabilit\u00e9 et l&rsquo;exhaustivit\u00e9 du contenu des informations.<\/p><p>L&rsquo;auteur ne saurait \u00eatre tenu pour responsable des dommages mat\u00e9riels ou immat\u00e9riels qui pourraient \u00eatre caus\u00e9s par l&rsquo;acc\u00e8s aux informations diffus\u00e9es ou par leur utilisation ou non-utilisation, par le mauvais usage de la connexion ou par des probl\u00e8mes techniques.<\/p><p>Toutes les offres sont sans engagement. L&rsquo;auteur se r\u00e9serve express\u00e9ment le droit de modifier, de compl\u00e9ter ou de supprimer des parties de pages ou l&rsquo;ensemble de l&rsquo;offre sans pr\u00e9avis particulier, ou d&rsquo;en suspendre temporairement ou d\u00e9finitivement la publication. <\/p><\/div><\/div><div class=\"wpb_text_column wpb_content_element post-formatting \"><div class=\"wpb_wrapper\"><p><strong>Clause de non-responsabilit\u00e9 pour les liens<\/strong><\/p><p>Les renvois et liens vers des sites web de tiers ne rel\u00e8vent pas de notre responsabilit\u00e9. Nous d\u00e9clinons toute responsabilit\u00e9 pour de tels sites. L&rsquo;acc\u00e8s \u00e0 ces sites et leur utilisation se font aux risques et p\u00e9rils de l&rsquo;utilisateur.  <\/p><\/div><\/div><div class=\"wpb_text_column wpb_content_element post-formatting \"><div class=\"wpb_wrapper\"><p><strong>Urheberrechte<\/strong><\/p><p>Les droits d&rsquo;auteur et tous les autres droits relatifs aux contenus, images, photos ou autres fichiers pr\u00e9sents sur ce site web appartiennent exclusivement \u00e0 la soci\u00e9t\u00e9 BeverCare Suisse SA ou aux titulaires de droits express\u00e9ment mentionn\u00e9s. La reproduction de tout \u00e9l\u00e9ment doit faire l&rsquo;objet d&rsquo;une autorisation \u00e9crite pr\u00e9alable du titulaire des droits d&rsquo;auteur.<\/p><\/div><\/div>\t\t\t\t\t\t\t\t<\/div>\n\t\t\t\t<\/div>\n\t\t\t\t<\/div>\n\t\t\t\t\t<\/div>\n\t\t\t\t<\/div>\n\t\t<div class=\"elementor-element elementor-element-3aa21f1 e-flex e-con-boxed e-con e-parent\" data-id=\"3aa21f1\" data-element_type=\"container\" data-e-type=\"container\">\n\t\t\t\t\t<div class=\"e-con-inner\">\n\t\t\t\t<div class=\"elementor-element elementor-element-da355f5 elementor-widget elementor-widget-spacer\" data-id=\"da355f5\" data-element_type=\"widget\" data-e-type=\"widget\" data-widget_type=\"spacer.default\">\n\t\t\t\t<div class=\"elementor-widget-container\">\n\t\t\t\t\t\t\t<div class=\"elementor-spacer\">\n\t\t\t<div class=\"elementor-spacer-inner\"><\/div>\n\t\t<\/div>\n\t\t\t\t\t\t<\/div>\n\t\t\t\t<\/div>\n\t\t\t\t\t<\/div>\n\t\t\t\t<\/div>\n\t\t\t\t<\/div>\n\t\t","protected":false},"excerpt":{"rendered":"<p>Mentions l\u00e9gales Adresse de contact BeverCare Suisse SABrown Boveri Platz 35400 BadenSuisse Courrier \u00e9lectronique :hello@bevercare.ch Personne(s) habilit\u00e9e(s) \u00e0 repr\u00e9senter l&rsquo;entreprise Jan IselinFabio Iselin Inscription au registre du commerce Raison sociale:BeverCare Suisse SA Num\u00e9ro d&rsquo;entreprise (UID) :CHE-148.131.871 Num\u00e9ro de TVACHE-148.131.871 TVA Clause de non-responsabilit\u00e9 L&rsquo;auteur n&rsquo;assume aucune responsabilit\u00e9 quant \u00e0 la v\u00e9racit\u00e9, l&rsquo;exactitude, l&rsquo;actualit\u00e9, la fiabilit\u00e9 [&hellip;]<\/p>\n","protected":false},"author":2,"featured_media":0,"parent":0,"menu_order":0,"comment_status":"closed","ping_status":"closed","template":"","meta":{"footnotes":""},"class_list":["post-1871","page","type-page","status-publish","hentry"],"yoast_head":"<!-- This site is optimized with the Yoast SEO plugin v27.4 - https:\/\/yoast.com\/product\/yoast-seo-wordpress\/ -->\n<title>Mentions l\u00e9gales - BeverCare<\/title>\n<meta name=\"robots\" content=\"index, follow, max-snippet:-1, max-image-preview:large, max-video-preview:-1\" \/>\n<link rel=\"canonical\" href=\"https:\/\/bevercare.ch\/fr\/mentions-legales\/\" \/>\n<meta property=\"og:locale\" content=\"fr_FR\" \/>\n<meta property=\"og:type\" content=\"article\" \/>\n<meta property=\"og:title\" content=\"Mentions l\u00e9gales - BeverCare\" \/>\n<meta property=\"og:description\" content=\"Mentions l\u00e9gales Adresse de contact BeverCare Suisse SABrown Boveri Platz 35400 BadenSuisse Courrier \u00e9lectronique :hello@bevercare.ch Personne(s) habilit\u00e9e(s) \u00e0 repr\u00e9senter l&rsquo;entreprise Jan IselinFabio Iselin Inscription au registre du commerce Raison sociale:BeverCare Suisse SA Num\u00e9ro d&rsquo;entreprise (UID) :CHE-148.131.871 Num\u00e9ro de TVACHE-148.131.871 TVA Clause de non-responsabilit\u00e9 L&rsquo;auteur n&rsquo;assume aucune responsabilit\u00e9 quant \u00e0 la v\u00e9racit\u00e9, l&rsquo;exactitude, l&rsquo;actualit\u00e9, la fiabilit\u00e9 [&hellip;]\" \/>\n<meta property=\"og:url\" content=\"https:\/\/bevercare.ch\/fr\/mentions-legales\/\" \/>\n<meta property=\"og:site_name\" content=\"BeverCare\" \/>\n<meta property=\"article:modified_time\" content=\"2026-04-24T08:10:16+00:00\" \/>\n<meta name=\"twitter:card\" content=\"summary_large_image\" \/>\n<meta name=\"twitter:label1\" content=\"Dur\u00e9e de lecture estim\u00e9e\" \/>\n\t<meta name=\"twitter:data1\" content=\"1 minute\" \/>\n<script type=\"application\/ld+json\" class=\"yoast-schema-graph\">{\"@context\":\"https:\\\/\\\/schema.org\",\"@graph\":[{\"@type\":\"WebPage\",\"@id\":\"https:\\\/\\\/bevercare.ch\\\/fr\\\/mentions-legales\\\/\",\"url\":\"https:\\\/\\\/bevercare.ch\\\/fr\\\/mentions-legales\\\/\",\"name\":\"Mentions l\u00e9gales - BeverCare\",\"isPartOf\":{\"@id\":\"https:\\\/\\\/bevercare.ch\\\/fr\\\/#website\"},\"datePublished\":\"2022-02-25T17:56:58+00:00\",\"dateModified\":\"2026-04-24T08:10:16+00:00\",\"breadcrumb\":{\"@id\":\"https:\\\/\\\/bevercare.ch\\\/fr\\\/mentions-legales\\\/#breadcrumb\"},\"inLanguage\":\"fr-FR\",\"potentialAction\":[{\"@type\":\"ReadAction\",\"target\":[\"https:\\\/\\\/bevercare.ch\\\/fr\\\/mentions-legales\\\/\"]}]},{\"@type\":\"BreadcrumbList\",\"@id\":\"https:\\\/\\\/bevercare.ch\\\/fr\\\/mentions-legales\\\/#breadcrumb\",\"itemListElement\":[{\"@type\":\"ListItem\",\"position\":1,\"name\":\"Home\",\"item\":\"https:\\\/\\\/bevercare.ch\\\/fr\\\/\"},{\"@type\":\"ListItem\",\"position\":2,\"name\":\"Mentions l\u00e9gales\"}]},{\"@type\":\"WebSite\",\"@id\":\"https:\\\/\\\/bevercare.ch\\\/fr\\\/#website\",\"url\":\"https:\\\/\\\/bevercare.ch\\\/fr\\\/\",\"name\":\"BeverCare\",\"description\":\"Swiss Selfcare Solutions\",\"publisher\":{\"@id\":\"https:\\\/\\\/bevercare.ch\\\/fr\\\/#organization\"},\"potentialAction\":[{\"@type\":\"SearchAction\",\"target\":{\"@type\":\"EntryPoint\",\"urlTemplate\":\"https:\\\/\\\/bevercare.ch\\\/fr\\\/?s={search_term_string}\"},\"query-input\":{\"@type\":\"PropertyValueSpecification\",\"valueRequired\":true,\"valueName\":\"search_term_string\"}}],\"inLanguage\":\"fr-FR\"},{\"@type\":\"Organization\",\"@id\":\"https:\\\/\\\/bevercare.ch\\\/fr\\\/#organization\",\"name\":\"BeverCare\",\"url\":\"https:\\\/\\\/bevercare.ch\\\/fr\\\/\",\"logo\":{\"@type\":\"ImageObject\",\"inLanguage\":\"fr-FR\",\"@id\":\"https:\\\/\\\/bevercare.ch\\\/fr\\\/#\\\/schema\\\/logo\\\/image\\\/\",\"url\":\"https:\\\/\\\/bevercare.ch\\\/wp-content\\\/uploads\\\/2022\\\/02\\\/bever_logo_5.svg\",\"contentUrl\":\"https:\\\/\\\/bevercare.ch\\\/wp-content\\\/uploads\\\/2022\\\/02\\\/bever_logo_5.svg\",\"width\":320,\"height\":80,\"caption\":\"BeverCare\"},\"image\":{\"@id\":\"https:\\\/\\\/bevercare.ch\\\/fr\\\/#\\\/schema\\\/logo\\\/image\\\/\"}}]}<\/script>\n<!-- \/ Yoast SEO plugin. -->","yoast_head_json":{"title":"Mentions l\u00e9gales - BeverCare","robots":{"index":"index","follow":"follow","max-snippet":"max-snippet:-1","max-image-preview":"max-image-preview:large","max-video-preview":"max-video-preview:-1"},"canonical":"https:\/\/bevercare.ch\/fr\/mentions-legales\/","og_locale":"fr_FR","og_type":"article","og_title":"Mentions l\u00e9gales - BeverCare","og_description":"Mentions l\u00e9gales Adresse de contact BeverCare Suisse SABrown Boveri Platz 35400 BadenSuisse Courrier \u00e9lectronique :hello@bevercare.ch Personne(s) habilit\u00e9e(s) \u00e0 repr\u00e9senter l&rsquo;entreprise Jan IselinFabio Iselin Inscription au registre du commerce Raison sociale:BeverCare Suisse SA Num\u00e9ro d&rsquo;entreprise (UID) :CHE-148.131.871 Num\u00e9ro de TVACHE-148.131.871 TVA Clause de non-responsabilit\u00e9 L&rsquo;auteur n&rsquo;assume aucune responsabilit\u00e9 quant \u00e0 la v\u00e9racit\u00e9, l&rsquo;exactitude, l&rsquo;actualit\u00e9, la fiabilit\u00e9 [&hellip;]","og_url":"https:\/\/bevercare.ch\/fr\/mentions-legales\/","og_site_name":"BeverCare","article_modified_time":"2026-04-24T08:10:16+00:00","twitter_card":"summary_large_image","twitter_misc":{"Dur\u00e9e de lecture estim\u00e9e":"1 minute"},"schema":{"@context":"https:\/\/schema.org","@graph":[{"@type":"WebPage","@id":"https:\/\/bevercare.ch\/fr\/mentions-legales\/","url":"https:\/\/bevercare.ch\/fr\/mentions-legales\/","name":"Mentions l\u00e9gales - BeverCare","isPartOf":{"@id":"https:\/\/bevercare.ch\/fr\/#website"},"datePublished":"2022-02-25T17:56:58+00:00","dateModified":"2026-04-24T08:10:16+00:00","breadcrumb":{"@id":"https:\/\/bevercare.ch\/fr\/mentions-legales\/#breadcrumb"},"inLanguage":"fr-FR","potentialAction":[{"@type":"ReadAction","target":["https:\/\/bevercare.ch\/fr\/mentions-legales\/"]}]},{"@type":"BreadcrumbList","@id":"https:\/\/bevercare.ch\/fr\/mentions-legales\/#breadcrumb","itemListElement":[{"@type":"ListItem","position":1,"name":"Home","item":"https:\/\/bevercare.ch\/fr\/"},{"@type":"ListItem","position":2,"name":"Mentions l\u00e9gales"}]},{"@type":"WebSite","@id":"https:\/\/bevercare.ch\/fr\/#website","url":"https:\/\/bevercare.ch\/fr\/","name":"BeverCare","description":"Swiss Selfcare Solutions","publisher":{"@id":"https:\/\/bevercare.ch\/fr\/#organization"},"potentialAction":[{"@type":"SearchAction","target":{"@type":"EntryPoint","urlTemplate":"https:\/\/bevercare.ch\/fr\/?s={search_term_string}"},"query-input":{"@type":"PropertyValueSpecification","valueRequired":true,"valueName":"search_term_string"}}],"inLanguage":"fr-FR"},{"@type":"Organization","@id":"https:\/\/bevercare.ch\/fr\/#organization","name":"BeverCare","url":"https:\/\/bevercare.ch\/fr\/","logo":{"@type":"ImageObject","inLanguage":"fr-FR","@id":"https:\/\/bevercare.ch\/fr\/#\/schema\/logo\/image\/","url":"https:\/\/bevercare.ch\/wp-content\/uploads\/2022\/02\/bever_logo_5.svg","contentUrl":"https:\/\/bevercare.ch\/wp-content\/uploads\/2022\/02\/bever_logo_5.svg","width":320,"height":80,"caption":"BeverCare"},"image":{"@id":"https:\/\/bevercare.ch\/fr\/#\/schema\/logo\/image\/"}}]}},"_links":{"self":[{"href":"https:\/\/bevercare.ch\/fr\/wp-json\/wp\/v2\/pages\/1871","targetHints":{"allow":["GET"]}}],"collection":[{"href":"https:\/\/bevercare.ch\/fr\/wp-json\/wp\/v2\/pages"}],"about":[{"href":"https:\/\/bevercare.ch\/fr\/wp-json\/wp\/v2\/types\/page"}],"author":[{"embeddable":true,"href":"https:\/\/bevercare.ch\/fr\/wp-json\/wp\/v2\/users\/2"}],"replies":[{"embeddable":true,"href":"https:\/\/bevercare.ch\/fr\/wp-json\/wp\/v2\/comments?post=1871"}],"version-history":[{"count":4,"href":"https:\/\/bevercare.ch\/fr\/wp-json\/wp\/v2\/pages\/1871\/revisions"}],"predecessor-version":[{"id":2586,"href":"https:\/\/bevercare.ch\/fr\/wp-json\/wp\/v2\/pages\/1871\/revisions\/2586"}],"wp:attachment":[{"href":"https:\/\/bevercare.ch\/fr\/wp-json\/wp\/v2\/media?parent=1871"}],"curies":[{"name":"wp","href":"https:\/\/api.w.org\/{rel}","templated":true}]}}