{"id":1866,"date":"2022-02-25T19:13:21","date_gmt":"2022-02-25T18:13:21","guid":{"rendered":"https:\/\/bevercare.ch\/a-propos-de-nous\/"},"modified":"2025-09-15T17:23:48","modified_gmt":"2025-09-15T15:23:48","slug":"a-propos-de-nous","status":"publish","type":"page","link":"https:\/\/bevercare.ch\/fr\/a-propos-de-nous\/","title":{"rendered":"\u00c0 propos de nous"},"content":{"rendered":"\t\t<div data-elementor-type=\"wp-page\" data-elementor-id=\"1866\" class=\"elementor elementor-1866 elementor-36\" data-elementor-post-type=\"page\">\n\t\t\t\t<div class=\"elementor-element elementor-element-b2ab352 e-flex e-con-boxed e-con e-parent\" data-id=\"b2ab352\" data-element_type=\"container\" data-e-type=\"container\">\n\t\t\t\t\t<div class=\"e-con-inner\">\n\t\t\t\t<div class=\"elementor-element elementor-element-34d67e7 elementor-widget elementor-widget-spacer\" data-id=\"34d67e7\" data-element_type=\"widget\" data-e-type=\"widget\" data-widget_type=\"spacer.default\">\n\t\t\t\t<div class=\"elementor-widget-container\">\n\t\t\t\t\t\t\t<div class=\"elementor-spacer\">\n\t\t\t<div class=\"elementor-spacer-inner\"><\/div>\n\t\t<\/div>\n\t\t\t\t\t\t<\/div>\n\t\t\t\t<\/div>\n\t\t\t\t\t<\/div>\n\t\t\t\t<\/div>\n\t\t<div class=\"elementor-element elementor-element-0987ce9 e-flex e-con-boxed e-con e-parent\" data-id=\"0987ce9\" data-element_type=\"container\" data-e-type=\"container\">\n\t\t\t\t\t<div class=\"e-con-inner\">\n\t\t\t\t<div class=\"elementor-element elementor-element-de16e8c elementor-widget elementor-widget-heading\" data-id=\"de16e8c\" data-element_type=\"widget\" data-e-type=\"widget\" data-widget_type=\"heading.default\">\n\t\t\t\t<div class=\"elementor-widget-container\">\n\t\t\t\t\t<h1 class=\"elementor-heading-title elementor-size-default\">\u00c0 propos de nous<\/h1>\t\t\t\t<\/div>\n\t\t\t\t<\/div>\n\t\t\t\t\t<\/div>\n\t\t\t\t<\/div>\n\t\t<div class=\"elementor-element elementor-element-cd77f1c e-flex e-con-boxed e-con e-parent\" data-id=\"cd77f1c\" data-element_type=\"container\" data-e-type=\"container\">\n\t\t\t\t\t<div class=\"e-con-inner\">\n\t\t<div class=\"elementor-element elementor-element-1889e4d e-con-full e-flex e-con e-child\" data-id=\"1889e4d\" data-element_type=\"container\" data-e-type=\"container\">\n\t\t\t\t<div class=\"elementor-element elementor-element-8d6f54e elementor-widget elementor-widget-text-editor\" data-id=\"8d6f54e\" data-element_type=\"widget\" data-e-type=\"widget\" data-widget_type=\"text-editor.default\">\n\t\t\t\t<div class=\"elementor-widget-container\">\n\t\t\t\t\t\t\t\t\t<p><strong>BeverCare &#8211; Solutions d&rsquo;auto-assistance suisses<\/strong><\/p><p>Bever, le joyau cach\u00e9 de l&rsquo;Engadine, est une source d&rsquo;inspiration pour l&rsquo;harmonie entre la tradition et la science moderne. Un lieu qui allie nature, histoire et authenticit\u00e9 suisse.<\/p><p>BeverCare est synonyme de soins personnels et s&rsquo;engage \u00e0 respecter la tradition ainsi que la science moderne dans le choix des aides et des produits. Pour BeverCare, une compr\u00e9hension holistique de la sant\u00e9 et de la responsabilit\u00e9 personnelle de l&rsquo;homme \u00e9clair\u00e9 est en harmonie avec les soins m\u00e9dicaux et la fonction de plus en plus importante de l&rsquo;expert en sant\u00e9 et en beaut\u00e9 qui conseille et traite.<\/p><p>Faites-nous confiance pour choisir des produits qui apportent un r\u00e9el b\u00e9n\u00e9fice \u00e0 votre sant\u00e9 gr\u00e2ce \u00e0 des formules honn\u00eates, les meilleurs mat\u00e9riaux et un tr\u00e8s bon rapport qualit\u00e9-prix.<\/p>\t\t\t\t\t\t\t\t<\/div>\n\t\t\t\t<\/div>\n\t\t\t\t<\/div>\n\t\t<div class=\"elementor-element elementor-element-29f580a e-con-full e-flex e-con e-child\" data-id=\"29f580a\" data-element_type=\"container\" data-e-type=\"container\">\n\t\t\t\t<div class=\"elementor-element elementor-element-36cf2fc elementor-widget elementor-widget-image\" data-id=\"36cf2fc\" data-element_type=\"widget\" data-e-type=\"widget\" data-widget_type=\"image.default\">\n\t\t\t\t<div class=\"elementor-widget-container\">\n\t\t\t\t\t\t\t\t\t\t\t\t\t\t\t<img fetchpriority=\"high\" decoding=\"async\" width=\"500\" height=\"500\" src=\"https:\/\/bevercare.ch\/wp-content\/uploads\/2025\/02\/Website-Standard-Bilder-1.jpg\" class=\"attachment-full size-full wp-image-1777\" alt=\"\" srcset=\"https:\/\/bevercare.ch\/wp-content\/uploads\/2025\/02\/Website-Standard-Bilder-1.jpg 500w, https:\/\/bevercare.ch\/wp-content\/uploads\/2025\/02\/Website-Standard-Bilder-1-300x300.jpg 300w, https:\/\/bevercare.ch\/wp-content\/uploads\/2025\/02\/Website-Standard-Bilder-1-150x150.jpg 150w\" sizes=\"(max-width: 500px) 100vw, 500px\" \/>\t\t\t\t\t\t\t\t\t\t\t\t\t\t\t<\/div>\n\t\t\t\t<\/div>\n\t\t\t\t<\/div>\n\t\t\t\t\t<\/div>\n\t\t\t\t<\/div>\n\t\t<div class=\"elementor-element elementor-element-3094c53 e-flex e-con-boxed e-con e-parent\" data-id=\"3094c53\" data-element_type=\"container\" data-e-type=\"container\">\n\t\t\t\t\t<div class=\"e-con-inner\">\n\t\t<div class=\"elementor-element elementor-element-edbf808 e-con-full e-flex e-con e-child\" data-id=\"edbf808\" data-element_type=\"container\" data-e-type=\"container\">\n\t\t\t\t<div class=\"elementor-element elementor-element-ed5c13d elementor-widget elementor-widget-heading\" data-id=\"ed5c13d\" data-element_type=\"widget\" data-e-type=\"widget\" data-widget_type=\"heading.default\">\n\t\t\t\t<div class=\"elementor-widget-container\">\n\t\t\t\t\t<h1 class=\"elementor-heading-title elementor-size-default\">Notre \u00e9quipe de gestion<\/h1>\t\t\t\t<\/div>\n\t\t\t\t<\/div>\n\t\t<div class=\"elementor-element elementor-element-b70183b e-con-full e-flex e-con e-child\" data-id=\"b70183b\" data-element_type=\"container\" data-e-type=\"container\">\n\t\t<div class=\"elementor-element elementor-element-a1ae0e4 e-con-full e-flex e-con e-child\" data-id=\"a1ae0e4\" data-element_type=\"container\" data-e-type=\"container\">\n\t\t\t\t<div class=\"elementor-element elementor-element-5ea9949 elementor-position-top elementor-widget elementor-widget-image-box\" data-id=\"5ea9949\" data-element_type=\"widget\" data-e-type=\"widget\" data-widget_type=\"image-box.default\">\n\t\t\t\t<div class=\"elementor-widget-container\">\n\t\t\t\t\t<div class=\"elementor-image-box-wrapper\"><figure class=\"elementor-image-box-img\"><img decoding=\"async\" src=\"https:\/\/bevercare.ch\/wp-content\/uploads\/elementor\/thumbs\/Design-ohne-Titel61-1-r0u7ddlpdxgbfm0sw4oncs7xil4prwbq2258zwspx4.png\" title=\"Design-ohne-Titel61-1\" alt=\"Design-ohne-Titel61-1\" class=\"elementor-animation-grow\" loading=\"lazy\" \/><\/figure><div class=\"elementor-image-box-content\"><h4 class=\"elementor-image-box-title\">Jan Iselin<\/h4><p class=\"elementor-image-box-description\">Directeur g\u00e9n\u00e9ral, co-propri\u00e9taire<\/p><\/div><\/div>\t\t\t\t<\/div>\n\t\t\t\t<\/div>\n\t\t\t\t<div class=\"elementor-element elementor-element-ca4b447 elementor-widget elementor-widget-text-editor\" data-id=\"ca4b447\" data-element_type=\"widget\" data-e-type=\"widget\" data-widget_type=\"text-editor.default\">\n\t\t\t\t<div class=\"elementor-widget-container\">\n\t\t\t\t\t\t\t\t\t<p>J&rsquo;ai toujours r\u00eav\u00e9 de pouvoir faire bouger les choses directement sur le march\u00e9 avec une petite PME agile. Aujourd&rsquo;hui, je suis tr\u00e8s heureux de pouvoir commercialiser d&rsquo;excellents produits innovants avec une \u00e9quipe formidable et de les faire conna\u00eetre \u00e0 nos clients.<\/p><p>N&rsquo;h\u00e9sitez pas \u00e0 nous contacter \u00e0 tout moment sur jan(a)bevercare.ch<\/p>\t\t\t\t\t\t\t\t<\/div>\n\t\t\t\t<\/div>\n\t\t\t\t<\/div>\n\t\t<div class=\"elementor-element elementor-element-92332ad e-con-full e-flex e-con e-child\" data-id=\"92332ad\" data-element_type=\"container\" data-e-type=\"container\">\n\t\t\t\t<div class=\"elementor-element elementor-element-c58a281 elementor-position-top elementor-widget elementor-widget-image-box\" data-id=\"c58a281\" data-element_type=\"widget\" data-e-type=\"widget\" data-widget_type=\"image-box.default\">\n\t\t\t\t<div class=\"elementor-widget-container\">\n\t\t\t\t\t<div class=\"elementor-image-box-wrapper\"><figure class=\"elementor-image-box-img\"><img decoding=\"async\" src=\"https:\/\/bevercare.ch\/wp-content\/uploads\/elementor\/thumbs\/Design-ohne-Titel60-r0u7cykackvq9umnby6m8w0k0f6ucqo0nzphbhf0oo.png\" title=\"Design-ohne-Titel60\" alt=\"Design-ohne-Titel60\" class=\"elementor-animation-grow\" loading=\"lazy\" \/><\/figure><div class=\"elementor-image-box-content\"><h4 class=\"elementor-image-box-title\">Fabio Iselin<\/h4><p class=\"elementor-image-box-description\">Directeur du d\u00e9veloppement commercial, co-propri\u00e9taire<\/p><\/div><\/div>\t\t\t\t<\/div>\n\t\t\t\t<\/div>\n\t\t\t\t<div class=\"elementor-element elementor-element-e1dc5be elementor-widget elementor-widget-text-editor\" data-id=\"e1dc5be\" data-element_type=\"widget\" data-e-type=\"widget\" data-widget_type=\"text-editor.default\">\n\t\t\t\t<div class=\"elementor-widget-container\">\n\t\t\t\t\t\t\t\t\t<p>Apr\u00e8s 10 ans pass\u00e9s \u00ab\u00a0en coulisses\u00a0\u00bb dans le monde des fabricants, j&rsquo;agis aujourd&rsquo;hui en premi\u00e8re ligne avec BeverCare. Bever est synonyme d&rsquo;id\u00e9es fra\u00eeches, volontiers non conventionnelles, qui prennent vie en collaboration avec nos partenaires et sont mises en \u0153uvre directement sur le march\u00e9. Une petite \u00e9quipe avec de grandes ambitions : Ensemble, nous affrontons la vie avec un beau sourire et en bonne sant\u00e9.<\/p><p>Contactez-moi pour votre projet personnalis\u00e9 via fabio(a)bevercare.ch<\/p>\t\t\t\t\t\t\t\t<\/div>\n\t\t\t\t<\/div>\n\t\t\t\t<\/div>\n\t\t\t\t<\/div>\n\t\t<div class=\"elementor-element elementor-element-b38b57b e-con-full e-flex e-con e-child\" data-id=\"b38b57b\" data-element_type=\"container\" data-e-type=\"container\">\n\t\t<div class=\"elementor-element elementor-element-d541f5a e-con-full e-flex e-con e-child\" data-id=\"d541f5a\" data-element_type=\"container\" data-e-type=\"container\">\n\t\t\t\t<div class=\"elementor-element elementor-element-8e219d4 elementor-position-top elementor-widget elementor-widget-image-box\" data-id=\"8e219d4\" data-element_type=\"widget\" data-e-type=\"widget\" data-widget_type=\"image-box.default\">\n\t\t\t\t<div class=\"elementor-widget-container\">\n\t\t\t\t\t<div class=\"elementor-image-box-wrapper\"><figure class=\"elementor-image-box-img\"><img decoding=\"async\" src=\"https:\/\/bevercare.ch\/wp-content\/uploads\/elementor\/thumbs\/Design-ohne-Titel62-r0u7e3x6pagcgoykmg27alku5dizrf87hoeufnpp2w.png\" title=\"Design-ohne-Titel62\" alt=\"Design-ohne-Titel62\" class=\"elementor-animation-grow\" loading=\"lazy\" \/><\/figure><div class=\"elementor-image-box-content\"><h4 class=\"elementor-image-box-title\">Evelyn Lanz<\/h4><p class=\"elementor-image-box-description\">  Coordinateur Marketing + Ventes<\/p><\/div><\/div>\t\t\t\t<\/div>\n\t\t\t\t<\/div>\n\t\t\t\t<div class=\"elementor-element elementor-element-ade1d86 elementor-widget elementor-widget-text-editor\" data-id=\"ade1d86\" data-element_type=\"widget\" data-e-type=\"widget\" data-widget_type=\"text-editor.default\">\n\t\t\t\t<div class=\"elementor-widget-container\">\n\t\t\t\t\t\t\t\t\t<p>Passionn\u00e9 par les soins dentaires et la fiabilit\u00e9 suisse, je m&rsquo;engage chaque jour \u00e0 offrir le meilleur sourire \u00e0 nos clients &#8211; personnellement, avec engagement et beaucoup de plaisir.<\/p><p>Je me r\u00e9jouis de votre prise de contact evelyn(a)bevercare.ch<\/p>\t\t\t\t\t\t\t\t<\/div>\n\t\t\t\t<\/div>\n\t\t\t\t<\/div>\n\t\t<div class=\"elementor-element elementor-element-ff0aeb2 e-con-full e-flex e-con e-child\" data-id=\"ff0aeb2\" data-element_type=\"container\" data-e-type=\"container\">\n\t\t\t\t<div class=\"elementor-element elementor-element-0188266 elementor-position-top elementor-widget elementor-widget-image-box\" data-id=\"0188266\" data-element_type=\"widget\" data-e-type=\"widget\" data-widget_type=\"image-box.default\">\n\t\t\t\t<div class=\"elementor-widget-container\">\n\t\t\t\t\t<div class=\"elementor-image-box-wrapper\"><figure class=\"elementor-image-box-img\"><img decoding=\"async\" src=\"https:\/\/bevercare.ch\/wp-content\/uploads\/elementor\/thumbs\/IMG_2470-scaled-r0yr4158l2sg1fpi94k8yadwdv4qz3oyhvyo2sqhbs.jpg\" title=\"IMG_2470\" alt=\"IMG_2470\" class=\"elementor-animation-grow\" loading=\"lazy\" \/><\/figure><div class=\"elementor-image-box-content\"><h4 class=\"elementor-image-box-title\">Val\u00e9rie Blatter<\/h4><p class=\"elementor-image-box-description\">Directeur marketing<\/p><\/div><\/div>\t\t\t\t<\/div>\n\t\t\t\t<\/div>\n\t\t\t\t<div class=\"elementor-element elementor-element-acbdcb0 elementor-widget elementor-widget-text-editor\" data-id=\"acbdcb0\" data-element_type=\"widget\" data-e-type=\"widget\" data-widget_type=\"text-editor.default\">\n\t\t\t\t<div class=\"elementor-widget-container\">\n\t\t\t\t\t\t\t\t\t<p>Concevoir et mettre en \u0153uvre des strat\u00e9gies de marketing num\u00e9rique, c&rsquo;est ma passion. Chez BeverCare, je peux id\u00e9alement mettre \u00e0 profit mes points forts au sein d&rsquo;une \u00e9quipe agile et dynamique.<\/p><p>Rock the market avec valerie(a)bevercare.ch<\/p>\t\t\t\t\t\t\t\t<\/div>\n\t\t\t\t<\/div>\n\t\t\t\t<\/div>\n\t\t\t\t<\/div>\n\t\t\t\t<\/div>\n\t\t\t\t\t<\/div>\n\t\t\t\t<\/div>\n\t\t<div class=\"elementor-element elementor-element-b23f373 e-flex e-con-boxed e-con e-parent\" data-id=\"b23f373\" data-element_type=\"container\" data-e-type=\"container\">\n\t\t\t\t\t<div class=\"e-con-inner\">\n\t\t\t\t<div class=\"elementor-element elementor-element-976bc70 elementor-widget elementor-widget-spacer\" data-id=\"976bc70\" data-element_type=\"widget\" data-e-type=\"widget\" data-widget_type=\"spacer.default\">\n\t\t\t\t<div class=\"elementor-widget-container\">\n\t\t\t\t\t\t\t<div class=\"elementor-spacer\">\n\t\t\t<div class=\"elementor-spacer-inner\"><\/div>\n\t\t<\/div>\n\t\t\t\t\t\t<\/div>\n\t\t\t\t<\/div>\n\t\t\t\t\t<\/div>\n\t\t\t\t<\/div>\n\t\t\t\t<\/div>\n\t\t","protected":false},"excerpt":{"rendered":"<p>\u00c0 propos de nous BeverCare &#8211; Solutions d&rsquo;auto-assistance suisses Bever, le joyau cach\u00e9 de l&rsquo;Engadine, est une source d&rsquo;inspiration pour l&rsquo;harmonie entre la tradition et la science moderne. Un lieu qui allie nature, histoire et authenticit\u00e9 suisse. BeverCare est synonyme de soins personnels et s&rsquo;engage \u00e0 respecter la tradition ainsi que la science moderne dans [&hellip;]<\/p>\n","protected":false},"author":2,"featured_media":0,"parent":0,"menu_order":0,"comment_status":"closed","ping_status":"closed","template":"","meta":{"footnotes":""},"class_list":["post-1866","page","type-page","status-publish","hentry"],"yoast_head":"<!-- This site is optimized with the Yoast SEO plugin v26.9 - https:\/\/yoast.com\/product\/yoast-seo-wordpress\/ -->\n<title>\u00c0 propos de nous - BeverCare<\/title>\n<meta name=\"robots\" content=\"index, follow, max-snippet:-1, max-image-preview:large, max-video-preview:-1\" \/>\n<link rel=\"canonical\" href=\"https:\/\/bevercare.ch\/fr\/a-propos-de-nous\/\" \/>\n<meta property=\"og:locale\" content=\"fr_FR\" \/>\n<meta property=\"og:type\" content=\"article\" \/>\n<meta property=\"og:title\" content=\"\u00c0 propos de nous - BeverCare\" \/>\n<meta property=\"og:description\" content=\"\u00c0 propos de nous BeverCare &#8211; Solutions d&rsquo;auto-assistance suisses Bever, le joyau cach\u00e9 de l&rsquo;Engadine, est une source d&rsquo;inspiration pour l&rsquo;harmonie entre la tradition et la science moderne. Un lieu qui allie nature, histoire et authenticit\u00e9 suisse. BeverCare est synonyme de soins personnels et s&rsquo;engage \u00e0 respecter la tradition ainsi que la science moderne dans [&hellip;]\" \/>\n<meta property=\"og:url\" content=\"https:\/\/bevercare.ch\/fr\/a-propos-de-nous\/\" \/>\n<meta property=\"og:site_name\" content=\"BeverCare\" \/>\n<meta property=\"article:modified_time\" content=\"2025-09-15T15:23:48+00:00\" \/>\n<meta property=\"og:image\" content=\"http:\/\/bevercare.ch\/wp-content\/uploads\/2025\/02\/Website-Standard-Bilder-1.jpg\" \/>\n<meta name=\"twitter:card\" content=\"summary_large_image\" \/>\n<meta name=\"twitter:label1\" content=\"Dur\u00e9e de lecture estim\u00e9e\" \/>\n\t<meta name=\"twitter:data1\" content=\"2 minutes\" \/>\n<script type=\"application\/ld+json\" class=\"yoast-schema-graph\">{\"@context\":\"https:\/\/schema.org\",\"@graph\":[{\"@type\":\"WebPage\",\"@id\":\"https:\/\/bevercare.ch\/fr\/a-propos-de-nous\/\",\"url\":\"https:\/\/bevercare.ch\/fr\/a-propos-de-nous\/\",\"name\":\"\u00c0 propos de nous - BeverCare\",\"isPartOf\":{\"@id\":\"https:\/\/bevercare.ch\/fr\/#website\"},\"primaryImageOfPage\":{\"@id\":\"https:\/\/bevercare.ch\/fr\/a-propos-de-nous\/#primaryimage\"},\"image\":{\"@id\":\"https:\/\/bevercare.ch\/fr\/a-propos-de-nous\/#primaryimage\"},\"thumbnailUrl\":\"http:\/\/bevercare.ch\/wp-content\/uploads\/2025\/02\/Website-Standard-Bilder-1.jpg\",\"datePublished\":\"2022-02-25T18:13:21+00:00\",\"dateModified\":\"2025-09-15T15:23:48+00:00\",\"breadcrumb\":{\"@id\":\"https:\/\/bevercare.ch\/fr\/a-propos-de-nous\/#breadcrumb\"},\"inLanguage\":\"fr-FR\",\"potentialAction\":[{\"@type\":\"ReadAction\",\"target\":[\"https:\/\/bevercare.ch\/fr\/a-propos-de-nous\/\"]}]},{\"@type\":\"ImageObject\",\"inLanguage\":\"fr-FR\",\"@id\":\"https:\/\/bevercare.ch\/fr\/a-propos-de-nous\/#primaryimage\",\"url\":\"http:\/\/bevercare.ch\/wp-content\/uploads\/2025\/02\/Website-Standard-Bilder-1.jpg\",\"contentUrl\":\"http:\/\/bevercare.ch\/wp-content\/uploads\/2025\/02\/Website-Standard-Bilder-1.jpg\"},{\"@type\":\"BreadcrumbList\",\"@id\":\"https:\/\/bevercare.ch\/fr\/a-propos-de-nous\/#breadcrumb\",\"itemListElement\":[{\"@type\":\"ListItem\",\"position\":1,\"name\":\"Home\",\"item\":\"https:\/\/bevercare.ch\/fr\/\"},{\"@type\":\"ListItem\",\"position\":2,\"name\":\"\u00c0 propos de nous\"}]},{\"@type\":\"WebSite\",\"@id\":\"https:\/\/bevercare.ch\/fr\/#website\",\"url\":\"https:\/\/bevercare.ch\/fr\/\",\"name\":\"BeverCare\",\"description\":\"Swiss Selfcare Solutions\",\"publisher\":{\"@id\":\"https:\/\/bevercare.ch\/fr\/#organization\"},\"potentialAction\":[{\"@type\":\"SearchAction\",\"target\":{\"@type\":\"EntryPoint\",\"urlTemplate\":\"https:\/\/bevercare.ch\/fr\/?s={search_term_string}\"},\"query-input\":{\"@type\":\"PropertyValueSpecification\",\"valueRequired\":true,\"valueName\":\"search_term_string\"}}],\"inLanguage\":\"fr-FR\"},{\"@type\":\"Organization\",\"@id\":\"https:\/\/bevercare.ch\/fr\/#organization\",\"name\":\"BeverCare\",\"url\":\"https:\/\/bevercare.ch\/fr\/\",\"logo\":{\"@type\":\"ImageObject\",\"inLanguage\":\"fr-FR\",\"@id\":\"https:\/\/bevercare.ch\/fr\/#\/schema\/logo\/image\/\",\"url\":\"https:\/\/bevercare.ch\/wp-content\/uploads\/2022\/02\/bever_logo_5.svg\",\"contentUrl\":\"https:\/\/bevercare.ch\/wp-content\/uploads\/2022\/02\/bever_logo_5.svg\",\"width\":320,\"height\":80,\"caption\":\"BeverCare\"},\"image\":{\"@id\":\"https:\/\/bevercare.ch\/fr\/#\/schema\/logo\/image\/\"}}]}<\/script>\n<!-- \/ Yoast SEO plugin. -->","yoast_head_json":{"title":"\u00c0 propos de nous - BeverCare","robots":{"index":"index","follow":"follow","max-snippet":"max-snippet:-1","max-image-preview":"max-image-preview:large","max-video-preview":"max-video-preview:-1"},"canonical":"https:\/\/bevercare.ch\/fr\/a-propos-de-nous\/","og_locale":"fr_FR","og_type":"article","og_title":"\u00c0 propos de nous - BeverCare","og_description":"\u00c0 propos de nous BeverCare &#8211; Solutions d&rsquo;auto-assistance suisses Bever, le joyau cach\u00e9 de l&rsquo;Engadine, est une source d&rsquo;inspiration pour l&rsquo;harmonie entre la tradition et la science moderne. Un lieu qui allie nature, histoire et authenticit\u00e9 suisse. BeverCare est synonyme de soins personnels et s&rsquo;engage \u00e0 respecter la tradition ainsi que la science moderne dans [&hellip;]","og_url":"https:\/\/bevercare.ch\/fr\/a-propos-de-nous\/","og_site_name":"BeverCare","article_modified_time":"2025-09-15T15:23:48+00:00","og_image":[{"url":"http:\/\/bevercare.ch\/wp-content\/uploads\/2025\/02\/Website-Standard-Bilder-1.jpg","type":"","width":"","height":""}],"twitter_card":"summary_large_image","twitter_misc":{"Dur\u00e9e de lecture estim\u00e9e":"2 minutes"},"schema":{"@context":"https:\/\/schema.org","@graph":[{"@type":"WebPage","@id":"https:\/\/bevercare.ch\/fr\/a-propos-de-nous\/","url":"https:\/\/bevercare.ch\/fr\/a-propos-de-nous\/","name":"\u00c0 propos de nous - BeverCare","isPartOf":{"@id":"https:\/\/bevercare.ch\/fr\/#website"},"primaryImageOfPage":{"@id":"https:\/\/bevercare.ch\/fr\/a-propos-de-nous\/#primaryimage"},"image":{"@id":"https:\/\/bevercare.ch\/fr\/a-propos-de-nous\/#primaryimage"},"thumbnailUrl":"http:\/\/bevercare.ch\/wp-content\/uploads\/2025\/02\/Website-Standard-Bilder-1.jpg","datePublished":"2022-02-25T18:13:21+00:00","dateModified":"2025-09-15T15:23:48+00:00","breadcrumb":{"@id":"https:\/\/bevercare.ch\/fr\/a-propos-de-nous\/#breadcrumb"},"inLanguage":"fr-FR","potentialAction":[{"@type":"ReadAction","target":["https:\/\/bevercare.ch\/fr\/a-propos-de-nous\/"]}]},{"@type":"ImageObject","inLanguage":"fr-FR","@id":"https:\/\/bevercare.ch\/fr\/a-propos-de-nous\/#primaryimage","url":"http:\/\/bevercare.ch\/wp-content\/uploads\/2025\/02\/Website-Standard-Bilder-1.jpg","contentUrl":"http:\/\/bevercare.ch\/wp-content\/uploads\/2025\/02\/Website-Standard-Bilder-1.jpg"},{"@type":"BreadcrumbList","@id":"https:\/\/bevercare.ch\/fr\/a-propos-de-nous\/#breadcrumb","itemListElement":[{"@type":"ListItem","position":1,"name":"Home","item":"https:\/\/bevercare.ch\/fr\/"},{"@type":"ListItem","position":2,"name":"\u00c0 propos de nous"}]},{"@type":"WebSite","@id":"https:\/\/bevercare.ch\/fr\/#website","url":"https:\/\/bevercare.ch\/fr\/","name":"BeverCare","description":"Swiss Selfcare Solutions","publisher":{"@id":"https:\/\/bevercare.ch\/fr\/#organization"},"potentialAction":[{"@type":"SearchAction","target":{"@type":"EntryPoint","urlTemplate":"https:\/\/bevercare.ch\/fr\/?s={search_term_string}"},"query-input":{"@type":"PropertyValueSpecification","valueRequired":true,"valueName":"search_term_string"}}],"inLanguage":"fr-FR"},{"@type":"Organization","@id":"https:\/\/bevercare.ch\/fr\/#organization","name":"BeverCare","url":"https:\/\/bevercare.ch\/fr\/","logo":{"@type":"ImageObject","inLanguage":"fr-FR","@id":"https:\/\/bevercare.ch\/fr\/#\/schema\/logo\/image\/","url":"https:\/\/bevercare.ch\/wp-content\/uploads\/2022\/02\/bever_logo_5.svg","contentUrl":"https:\/\/bevercare.ch\/wp-content\/uploads\/2022\/02\/bever_logo_5.svg","width":320,"height":80,"caption":"BeverCare"},"image":{"@id":"https:\/\/bevercare.ch\/fr\/#\/schema\/logo\/image\/"}}]}},"_links":{"self":[{"href":"https:\/\/bevercare.ch\/fr\/wp-json\/wp\/v2\/pages\/1866","targetHints":{"allow":["GET"]}}],"collection":[{"href":"https:\/\/bevercare.ch\/fr\/wp-json\/wp\/v2\/pages"}],"about":[{"href":"https:\/\/bevercare.ch\/fr\/wp-json\/wp\/v2\/types\/page"}],"author":[{"embeddable":true,"href":"https:\/\/bevercare.ch\/fr\/wp-json\/wp\/v2\/users\/2"}],"replies":[{"embeddable":true,"href":"https:\/\/bevercare.ch\/fr\/wp-json\/wp\/v2\/comments?post=1866"}],"version-history":[{"count":2,"href":"https:\/\/bevercare.ch\/fr\/wp-json\/wp\/v2\/pages\/1866\/revisions"}],"predecessor-version":[{"id":2241,"href":"https:\/\/bevercare.ch\/fr\/wp-json\/wp\/v2\/pages\/1866\/revisions\/2241"}],"wp:attachment":[{"href":"https:\/\/bevercare.ch\/fr\/wp-json\/wp\/v2\/media?parent=1866"}],"curies":[{"name":"wp","href":"https:\/\/api.w.org\/{rel}","templated":true}]}}