{"id":1854,"date":"2025-01-29T13:50:47","date_gmt":"2025-01-29T12:50:47","guid":{"rendered":"https:\/\/bevercare.ch\/ou-acheter\/"},"modified":"2026-01-08T13:05:12","modified_gmt":"2026-01-08T12:05:12","slug":"ou-acheter","status":"publish","type":"page","link":"https:\/\/bevercare.ch\/fr\/ou-acheter\/","title":{"rendered":"O\u00f9 acheter"},"content":{"rendered":"\t\t<div data-elementor-type=\"wp-page\" data-elementor-id=\"1854\" class=\"elementor elementor-1854 elementor-737\" data-elementor-post-type=\"page\">\n\t\t\t\t<div class=\"elementor-element elementor-element-8e0df18 e-flex e-con-boxed e-con e-parent\" data-id=\"8e0df18\" data-element_type=\"container\" data-e-type=\"container\">\n\t\t\t\t\t<div class=\"e-con-inner\">\n\t\t\t\t<div class=\"elementor-element elementor-element-d3dc432 elementor-widget elementor-widget-spacer\" data-id=\"d3dc432\" data-element_type=\"widget\" data-e-type=\"widget\" data-widget_type=\"spacer.default\">\n\t\t\t\t<div class=\"elementor-widget-container\">\n\t\t\t\t\t\t\t<div class=\"elementor-spacer\">\n\t\t\t<div class=\"elementor-spacer-inner\"><\/div>\n\t\t<\/div>\n\t\t\t\t\t\t<\/div>\n\t\t\t\t<\/div>\n\t\t\t\t\t<\/div>\n\t\t\t\t<\/div>\n\t\t<div class=\"elementor-element elementor-element-07cf39f e-flex e-con-boxed e-con e-parent\" data-id=\"07cf39f\" data-element_type=\"container\" data-e-type=\"container\">\n\t\t\t\t\t<div class=\"e-con-inner\">\n\t\t\t\t<div class=\"elementor-element elementor-element-df39c7d elementor-widget elementor-widget-heading\" data-id=\"df39c7d\" data-element_type=\"widget\" data-e-type=\"widget\" data-widget_type=\"heading.default\">\n\t\t\t\t<div class=\"elementor-widget-container\">\n\t\t\t\t\t<h1 class=\"elementor-heading-title elementor-size-default\">Vous pouvez acheter nos produits ici<\/h1>\t\t\t\t<\/div>\n\t\t\t\t<\/div>\n\t\t\t\t\t<\/div>\n\t\t\t\t<\/div>\n\t\t<div class=\"elementor-element elementor-element-345866b e-flex e-con-boxed e-con e-parent\" data-id=\"345866b\" data-element_type=\"container\" data-e-type=\"container\" data-settings=\"{&quot;background_background&quot;:&quot;classic&quot;}\">\n\t\t\t\t\t<div class=\"e-con-inner\">\n\t\t<div class=\"elementor-element elementor-element-f0df4d8 e-con-full e-flex e-con e-child\" data-id=\"f0df4d8\" data-element_type=\"container\" data-e-type=\"container\">\n\t\t\t\t<div class=\"elementor-element elementor-element-1ba6099 elementor-widget elementor-widget-heading\" data-id=\"1ba6099\" data-element_type=\"widget\" data-e-type=\"widget\" data-widget_type=\"heading.default\">\n\t\t\t\t<div class=\"elementor-widget-container\">\n\t\t\t\t\t<h2 class=\"elementor-heading-title elementor-size-default\">En tant que professionnel\/commercial<\/h2>\t\t\t\t<\/div>\n\t\t\t\t<\/div>\n\t\t\t\t<div class=\"elementor-element elementor-element-e704421 elementor-widget elementor-widget-image\" data-id=\"e704421\" data-element_type=\"widget\" data-e-type=\"widget\" data-widget_type=\"image.default\">\n\t\t\t\t<div class=\"elementor-widget-container\">\n\t\t\t\t\t\t\t\t\t\t\t\t\t\t\t<img decoding=\"async\" width=\"320\" height=\"80\" src=\"https:\/\/bevercare.ch\/wp-content\/uploads\/2022\/02\/bever_logo_5.svg\" class=\"attachment-full size-full wp-image-1677\" alt=\"\" \/>\t\t\t\t\t\t\t\t\t\t\t\t\t\t\t<\/div>\n\t\t\t\t<\/div>\n\t\t\t\t<div class=\"elementor-element elementor-element-e724181 elementor-widget elementor-widget-text-editor\" data-id=\"e724181\" data-element_type=\"widget\" data-e-type=\"widget\" data-widget_type=\"text-editor.default\">\n\t\t\t\t<div class=\"elementor-widget-container\">\n\t\t\t\t\t\t\t\t\t<p><strong>Notre boutique professionnelle B2B<\/strong><br><strong><a href=\"https:\/\/www.bevercare.pro\">www.bevercare.pro<\/a><\/strong><\/p>\t\t\t\t\t\t\t\t<\/div>\n\t\t\t\t<\/div>\n\t\t\t\t<div class=\"elementor-element elementor-element-939feba elementor-align-left elementor-mobile-align-center elementor-invisible elementor-widget elementor-widget-button\" data-id=\"939feba\" data-element_type=\"widget\" data-e-type=\"widget\" data-settings=\"{&quot;_animation&quot;:&quot;fadeInDown&quot;}\" data-widget_type=\"button.default\">\n\t\t\t\t<div class=\"elementor-widget-container\">\n\t\t\t\t\t\t\t\t\t<div class=\"elementor-button-wrapper\">\n\t\t\t\t\t<a class=\"elementor-button elementor-button-link elementor-size-sm elementor-animation-bounce-in\" href=\"https:\/\/www.bevercare.pro\">\n\t\t\t\t\t\t<span class=\"elementor-button-content-wrapper\">\n\t\t\t\t\t\t\t\t\t<span class=\"elementor-button-text\">Acheter maintenant<\/span>\n\t\t\t\t\t<\/span>\n\t\t\t\t\t<\/a>\n\t\t\t\t<\/div>\n\t\t\t\t\t\t\t\t<\/div>\n\t\t\t\t<\/div>\n\t\t\t\t<\/div>\n\t\t<div class=\"elementor-element elementor-element-a6db0f6 e-con-full e-flex e-con e-child\" data-id=\"a6db0f6\" data-element_type=\"container\" data-e-type=\"container\">\n\t\t\t\t<div class=\"elementor-element elementor-element-694960e elementor-widget elementor-widget-heading\" data-id=\"694960e\" data-element_type=\"widget\" data-e-type=\"widget\" data-widget_type=\"heading.default\">\n\t\t\t\t<div class=\"elementor-widget-container\">\n\t\t\t\t\t<h2 class=\"elementor-heading-title elementor-size-default\">En tant que client priv\u00e9<\/h2>\t\t\t\t<\/div>\n\t\t\t\t<\/div>\n\t\t\t\t<div class=\"elementor-element elementor-element-8303638 elementor-widget elementor-widget-image\" data-id=\"8303638\" data-element_type=\"widget\" data-e-type=\"widget\" data-widget_type=\"image.default\">\n\t\t\t\t<div class=\"elementor-widget-container\">\n\t\t\t\t\t\t\t\t\t\t\t\t\t\t\t<img decoding=\"async\" src=\"https:\/\/bevercare.ch\/wp-content\/uploads\/2025\/10\/Careista-Logo-S_rgb.svg.svg\" class=\"attachment-full size-full wp-image-2255\" alt=\"\" \/>\t\t\t\t\t\t\t\t\t\t\t\t\t\t\t<\/div>\n\t\t\t\t<\/div>\n\t\t\t\t<div class=\"elementor-element elementor-element-59ea66e elementor-widget elementor-widget-text-editor\" data-id=\"59ea66e\" data-element_type=\"widget\" data-e-type=\"widget\" data-widget_type=\"text-editor.default\">\n\t\t\t\t<div class=\"elementor-widget-container\">\n\t\t\t\t\t\t\t\t\t<p><strong>Notre boutique B2C avec tous nos produits<\/strong><br><a href=\"https:\/\/careista.ch\/fr\/\" data-wplink-edit=\"true\"><strong>www.CAREISTA.ch<\/strong><\/a><\/p>\t\t\t\t\t\t\t\t<\/div>\n\t\t\t\t<\/div>\n\t\t\t\t<div class=\"elementor-element elementor-element-3ac7acb elementor-align-left elementor-mobile-align-center elementor-invisible elementor-widget elementor-widget-button\" data-id=\"3ac7acb\" data-element_type=\"widget\" data-e-type=\"widget\" data-settings=\"{&quot;_animation&quot;:&quot;fadeInDown&quot;}\" data-widget_type=\"button.default\">\n\t\t\t\t<div class=\"elementor-widget-container\">\n\t\t\t\t\t\t\t\t\t<div class=\"elementor-button-wrapper\">\n\t\t\t\t\t<a class=\"elementor-button elementor-button-link elementor-size-sm elementor-animation-bounce-in\" href=\"https:\/\/www.careista.ch\">\n\t\t\t\t\t\t<span class=\"elementor-button-content-wrapper\">\n\t\t\t\t\t\t\t\t\t<span class=\"elementor-button-text\">D\u00e9couvrez d\u00e8s maintenant<\/span>\n\t\t\t\t\t<\/span>\n\t\t\t\t\t<\/a>\n\t\t\t\t<\/div>\n\t\t\t\t\t\t\t\t<\/div>\n\t\t\t\t<\/div>\n\t\t\t\t<\/div>\n\t\t\t\t\t<\/div>\n\t\t\t\t<\/div>\n\t\t<div class=\"elementor-element elementor-element-bbd3cd8 e-flex e-con-boxed e-con e-parent\" data-id=\"bbd3cd8\" data-element_type=\"container\" data-e-type=\"container\">\n\t\t\t\t\t<div class=\"e-con-inner\">\n\t\t\t\t<div class=\"elementor-element elementor-element-39cf661 elementor-widget elementor-widget-text-editor\" data-id=\"39cf661\" data-element_type=\"widget\" data-e-type=\"widget\" data-widget_type=\"text-editor.default\">\n\t\t\t\t<div class=\"elementor-widget-container\">\n\t\t\t\t\t\t\t\t\t<p>Vous trouverez \u00e9galement nos produits dans les magasins sp\u00e9cialis\u00e9s, dans diff\u00e9rentes pharmacies et drogueries ou chez les professionnels du dentaire.<\/p><p><span class=\"C9DxTc \">Si le produit souhait\u00e9 ne se trouve pas dans l&rsquo;assortiment de votre pharmacie\/droguerie, vous pouvez le commander aupr\u00e8s de n&rsquo;importe quelle pharmacie\/droguerie \u00e0 l&rsquo;aide du <strong>pharmacode<\/strong>. <\/span><span class=\"C9DxTc \">Vous trouverez <a href=\"https:\/\/drive.google.com\/file\/d\/1KGuoJzibgMty0AuKqd07KSslGTNlWlNJ\/view?usp=sharing\" target=\"_blank\" rel=\"noopener\">ici un aper\u00e7u des pharmacodes de nos marques .<\/a><\/span><\/p><p>Pour plus d&rsquo;informations ou si vous avez des questions, contactez notre \u00e9quipe de vente \u00e0 l&rsquo;adresse <a class=\"\" href=\"mailto:sales@bevercare.ch\">sales@bevercare.ch.<\/a><\/p>\t\t\t\t\t\t\t\t<\/div>\n\t\t\t\t<\/div>\n\t\t\t\t\t<\/div>\n\t\t\t\t<\/div>\n\t\t<div class=\"elementor-element elementor-element-27f34d2 e-flex e-con-boxed e-con e-parent\" data-id=\"27f34d2\" data-element_type=\"container\" data-e-type=\"container\">\n\t\t\t\t\t<div class=\"e-con-inner\">\n\t\t\t\t<div class=\"elementor-element elementor-element-d0e2a6a elementor-widget elementor-widget-spacer\" data-id=\"d0e2a6a\" data-element_type=\"widget\" data-e-type=\"widget\" data-widget_type=\"spacer.default\">\n\t\t\t\t<div class=\"elementor-widget-container\">\n\t\t\t\t\t\t\t<div class=\"elementor-spacer\">\n\t\t\t<div class=\"elementor-spacer-inner\"><\/div>\n\t\t<\/div>\n\t\t\t\t\t\t<\/div>\n\t\t\t\t<\/div>\n\t\t\t\t<div class=\"elementor-element elementor-element-6074571 elementor-widget elementor-widget-gallery\" data-id=\"6074571\" data-element_type=\"widget\" data-e-type=\"widget\" data-settings=\"{&quot;gallery_layout&quot;:&quot;masonry&quot;,&quot;gap&quot;:{&quot;unit&quot;:&quot;px&quot;,&quot;size&quot;:&quot;20&quot;,&quot;sizes&quot;:[]},&quot;lazyload&quot;:&quot;yes&quot;,&quot;columns&quot;:4,&quot;columns_tablet&quot;:2,&quot;columns_mobile&quot;:1,&quot;gap_tablet&quot;:{&quot;unit&quot;:&quot;px&quot;,&quot;size&quot;:10,&quot;sizes&quot;:[]},&quot;gap_mobile&quot;:{&quot;unit&quot;:&quot;px&quot;,&quot;size&quot;:10,&quot;sizes&quot;:[]},&quot;overlay_background&quot;:&quot;yes&quot;,&quot;content_hover_animation&quot;:&quot;fade-in&quot;}\" data-widget_type=\"gallery.default\">\n\t\t\t\t<div class=\"elementor-widget-container\">\n\t\t\t\t\t\t\t<div class=\"elementor-gallery__container\">\n\t\t\t\t\t\t\t<div class=\"e-gallery-item elementor-gallery-item elementor-animated-content\">\n\t\t\t\t\t<div class=\"e-gallery-image elementor-gallery-item__image\" data-thumbnail=\"https:\/\/bevercare.ch\/wp-content\/uploads\/2025\/02\/sunstore-300x150.png\" data-width=\"300\" data-height=\"150\" aria-label=\"\" role=\"img\" ><\/div>\n\t\t\t\t\t\t\t\t\t\t\t<div class=\"elementor-gallery-item__overlay\"><\/div>\n\t\t\t\t\t\t\t\t\t\t\t\t\t\t<\/div>\n\t\t\t\t\t\t\t<div class=\"e-gallery-item elementor-gallery-item elementor-animated-content\">\n\t\t\t\t\t<div class=\"e-gallery-image elementor-gallery-item__image\" data-thumbnail=\"https:\/\/bevercare.ch\/wp-content\/uploads\/2025\/02\/rotpunkt_apotheke_logo-300x71.webp\" data-width=\"300\" data-height=\"71\" aria-label=\"\" role=\"img\" ><\/div>\n\t\t\t\t\t\t\t\t\t\t\t<div class=\"elementor-gallery-item__overlay\"><\/div>\n\t\t\t\t\t\t\t\t\t\t\t\t\t\t<\/div>\n\t\t\t\t\t\t\t<div class=\"e-gallery-item elementor-gallery-item elementor-animated-content\">\n\t\t\t\t\t<div class=\"e-gallery-image elementor-gallery-item__image\" data-thumbnail=\"https:\/\/bevercare.ch\/wp-content\/uploads\/2025\/02\/logo.png-300x122.webp\" data-width=\"300\" data-height=\"122\" aria-label=\"\" role=\"img\" ><\/div>\n\t\t\t\t\t\t\t\t\t\t\t<div class=\"elementor-gallery-item__overlay\"><\/div>\n\t\t\t\t\t\t\t\t\t\t\t\t\t\t<\/div>\n\t\t\t\t\t\t\t<div class=\"e-gallery-item elementor-gallery-item elementor-animated-content\">\n\t\t\t\t\t<div class=\"e-gallery-image elementor-gallery-item__image\" data-thumbnail=\"https:\/\/bevercare.ch\/wp-content\/uploads\/2025\/02\/CoopVitality-1yygpagwwvbgg9rkawhg6zqgb24npnsvpk0q69eyvbb8-300x91.png\" data-width=\"300\" data-height=\"91\" aria-label=\"\" role=\"img\" ><\/div>\n\t\t\t\t\t\t\t\t\t\t\t<div class=\"elementor-gallery-item__overlay\"><\/div>\n\t\t\t\t\t\t\t\t\t\t\t\t\t\t<\/div>\n\t\t\t\t\t\t\t<div class=\"e-gallery-item elementor-gallery-item elementor-animated-content\">\n\t\t\t\t\t<div class=\"e-gallery-image elementor-gallery-item__image\" data-thumbnail=\"https:\/\/bevercare.ch\/wp-content\/uploads\/2025\/02\/Coop.svg-300x102.png\" data-width=\"300\" data-height=\"102\" aria-label=\"\" role=\"img\" ><\/div>\n\t\t\t\t\t\t\t\t\t\t\t<div class=\"elementor-gallery-item__overlay\"><\/div>\n\t\t\t\t\t\t\t\t\t\t\t\t\t\t<\/div>\n\t\t\t\t\t\t\t<div class=\"e-gallery-item elementor-gallery-item elementor-animated-content\">\n\t\t\t\t\t<div class=\"e-gallery-image elementor-gallery-item__image\" data-thumbnail=\"https:\/\/bevercare.ch\/wp-content\/uploads\/2025\/10\/logo-benu.png\" data-width=\"255\" data-height=\"79\" aria-label=\"Benu Apotheke\" role=\"img\" ><\/div>\n\t\t\t\t\t\t\t\t\t\t\t<div class=\"elementor-gallery-item__overlay\"><\/div>\n\t\t\t\t\t\t\t\t\t\t\t\t\t\t<\/div>\n\t\t\t\t\t\t\t<div class=\"e-gallery-item elementor-gallery-item elementor-animated-content\">\n\t\t\t\t\t<div class=\"e-gallery-image elementor-gallery-item__image\" data-thumbnail=\"https:\/\/bevercare.ch\/wp-content\/uploads\/2025\/11\/logo_baehler-apotheken-300x96.png\" data-width=\"300\" data-height=\"96\" aria-label=\"\" role=\"img\" ><\/div>\n\t\t\t\t\t\t\t\t\t\t\t<div class=\"elementor-gallery-item__overlay\"><\/div>\n\t\t\t\t\t\t\t\t\t\t\t\t\t\t<\/div>\n\t\t\t\t\t\t\t<div class=\"e-gallery-item elementor-gallery-item elementor-animated-content\">\n\t\t\t\t\t<div class=\"e-gallery-image elementor-gallery-item__image\" data-thumbnail=\"https:\/\/bevercare.ch\/wp-content\/uploads\/2025\/11\/logo_dropa-drogerien-300x158.png\" data-width=\"300\" data-height=\"158\" aria-label=\"\" role=\"img\" ><\/div>\n\t\t\t\t\t\t\t\t\t\t\t<div class=\"elementor-gallery-item__overlay\"><\/div>\n\t\t\t\t\t\t\t\t\t\t\t\t\t\t<\/div>\n\t\t\t\t\t\t\t<div class=\"e-gallery-item elementor-gallery-item elementor-animated-content\">\n\t\t\t\t\t<div class=\"e-gallery-image elementor-gallery-item__image\" data-thumbnail=\"https:\/\/bevercare.ch\/wp-content\/uploads\/2025\/11\/logo_toppharm-apotheken-300x157.png\" data-width=\"300\" data-height=\"157\" aria-label=\"\" role=\"img\" ><\/div>\n\t\t\t\t\t\t\t\t\t\t\t<div class=\"elementor-gallery-item__overlay\"><\/div>\n\t\t\t\t\t\t\t\t\t\t\t\t\t\t<\/div>\n\t\t\t\t\t\t\t<div class=\"e-gallery-item elementor-gallery-item elementor-animated-content\">\n\t\t\t\t\t<div class=\"e-gallery-image elementor-gallery-item__image\" data-thumbnail=\"https:\/\/bevercare.ch\/wp-content\/uploads\/2025\/11\/logo_ihre-apotheke-300x86.png\" data-width=\"300\" data-height=\"86\" aria-label=\"\" role=\"img\" ><\/div>\n\t\t\t\t\t\t\t\t\t\t\t<div class=\"elementor-gallery-item__overlay\"><\/div>\n\t\t\t\t\t\t\t\t\t\t\t\t\t\t<\/div>\n\t\t\t\t\t\t\t<div class=\"e-gallery-item elementor-gallery-item elementor-animated-content\">\n\t\t\t\t\t<div class=\"e-gallery-image elementor-gallery-item__image\" data-thumbnail=\"https:\/\/bevercare.ch\/wp-content\/uploads\/2025\/11\/logo_medbase-300x200.png\" data-width=\"300\" data-height=\"200\" aria-label=\"\" role=\"img\" ><\/div>\n\t\t\t\t\t\t\t\t\t\t\t<div class=\"elementor-gallery-item__overlay\"><\/div>\n\t\t\t\t\t\t\t\t\t\t\t\t\t\t<\/div>\n\t\t\t\t\t<\/div>\n\t\t\t\t\t<\/div>\n\t\t\t\t<\/div>\n\t\t\t\t\t<\/div>\n\t\t\t\t<\/div>\n\t\t<div class=\"elementor-element elementor-element-cdc7d41 e-flex e-con-boxed e-con e-parent\" data-id=\"cdc7d41\" data-element_type=\"container\" data-e-type=\"container\">\n\t\t\t\t\t<div class=\"e-con-inner\">\n\t\t\t\t<div class=\"elementor-element elementor-element-9010df5 elementor-widget elementor-widget-spacer\" data-id=\"9010df5\" data-element_type=\"widget\" data-e-type=\"widget\" data-widget_type=\"spacer.default\">\n\t\t\t\t<div class=\"elementor-widget-container\">\n\t\t\t\t\t\t\t<div class=\"elementor-spacer\">\n\t\t\t<div class=\"elementor-spacer-inner\"><\/div>\n\t\t<\/div>\n\t\t\t\t\t\t<\/div>\n\t\t\t\t<\/div>\n\t\t\t\t\t<\/div>\n\t\t\t\t<\/div>\n\t\t\t\t<\/div>\n\t\t","protected":false},"excerpt":{"rendered":"<p>Vous pouvez acheter nos produits ici En tant que professionnel\/commercial Notre boutique professionnelle B2Bwww.bevercare.pro Acheter maintenant En tant que client priv\u00e9 Notre boutique B2C avec tous nos produitswww.CAREISTA.ch D\u00e9couvrez d\u00e8s maintenant Vous trouverez \u00e9galement nos produits dans les magasins sp\u00e9cialis\u00e9s, dans diff\u00e9rentes pharmacies et drogueries ou chez les professionnels du dentaire. Si le produit souhait\u00e9 [&hellip;]<\/p>\n","protected":false},"author":2,"featured_media":0,"parent":0,"menu_order":0,"comment_status":"closed","ping_status":"closed","template":"","meta":{"footnotes":""},"class_list":["post-1854","page","type-page","status-publish","hentry"],"yoast_head":"<!-- This site is optimized with the Yoast SEO plugin v26.9 - https:\/\/yoast.com\/product\/yoast-seo-wordpress\/ -->\n<title>O\u00f9 acheter - BeverCare<\/title>\n<meta name=\"robots\" content=\"index, follow, max-snippet:-1, max-image-preview:large, max-video-preview:-1\" \/>\n<link rel=\"canonical\" href=\"https:\/\/bevercare.ch\/fr\/ou-acheter\/\" \/>\n<meta property=\"og:locale\" content=\"fr_FR\" \/>\n<meta property=\"og:type\" content=\"article\" \/>\n<meta property=\"og:title\" content=\"O\u00f9 acheter - BeverCare\" \/>\n<meta property=\"og:description\" content=\"Vous pouvez acheter nos produits ici En tant que professionnel\/commercial Notre boutique professionnelle B2Bwww.bevercare.pro Acheter maintenant En tant que client priv\u00e9 Notre boutique B2C avec tous nos produitswww.CAREISTA.ch D\u00e9couvrez d\u00e8s maintenant Vous trouverez \u00e9galement nos produits dans les magasins sp\u00e9cialis\u00e9s, dans diff\u00e9rentes pharmacies et drogueries ou chez les professionnels du dentaire. Si le produit souhait\u00e9 [&hellip;]\" \/>\n<meta property=\"og:url\" content=\"https:\/\/bevercare.ch\/fr\/ou-acheter\/\" \/>\n<meta property=\"og:site_name\" content=\"BeverCare\" \/>\n<meta property=\"article:modified_time\" content=\"2026-01-08T12:05:12+00:00\" \/>\n<meta name=\"twitter:card\" content=\"summary_large_image\" \/>\n<meta name=\"twitter:label1\" content=\"Dur\u00e9e de lecture estim\u00e9e\" \/>\n\t<meta name=\"twitter:data1\" content=\"1 minute\" \/>\n<script type=\"application\/ld+json\" class=\"yoast-schema-graph\">{\"@context\":\"https:\/\/schema.org\",\"@graph\":[{\"@type\":\"WebPage\",\"@id\":\"https:\/\/bevercare.ch\/fr\/ou-acheter\/\",\"url\":\"https:\/\/bevercare.ch\/fr\/ou-acheter\/\",\"name\":\"O\u00f9 acheter - BeverCare\",\"isPartOf\":{\"@id\":\"https:\/\/bevercare.ch\/fr\/#website\"},\"primaryImageOfPage\":{\"@id\":\"https:\/\/bevercare.ch\/fr\/ou-acheter\/#primaryimage\"},\"image\":{\"@id\":\"https:\/\/bevercare.ch\/fr\/ou-acheter\/#primaryimage\"},\"thumbnailUrl\":\"https:\/\/bevercare.ch\/wp-content\/uploads\/2022\/02\/bever_logo_5.svg\",\"datePublished\":\"2025-01-29T12:50:47+00:00\",\"dateModified\":\"2026-01-08T12:05:12+00:00\",\"breadcrumb\":{\"@id\":\"https:\/\/bevercare.ch\/fr\/ou-acheter\/#breadcrumb\"},\"inLanguage\":\"fr-FR\",\"potentialAction\":[{\"@type\":\"ReadAction\",\"target\":[\"https:\/\/bevercare.ch\/fr\/ou-acheter\/\"]}]},{\"@type\":\"ImageObject\",\"inLanguage\":\"fr-FR\",\"@id\":\"https:\/\/bevercare.ch\/fr\/ou-acheter\/#primaryimage\",\"url\":\"https:\/\/bevercare.ch\/wp-content\/uploads\/2022\/02\/bever_logo_5.svg\",\"contentUrl\":\"https:\/\/bevercare.ch\/wp-content\/uploads\/2022\/02\/bever_logo_5.svg\"},{\"@type\":\"BreadcrumbList\",\"@id\":\"https:\/\/bevercare.ch\/fr\/ou-acheter\/#breadcrumb\",\"itemListElement\":[{\"@type\":\"ListItem\",\"position\":1,\"name\":\"Home\",\"item\":\"https:\/\/bevercare.ch\/fr\/\"},{\"@type\":\"ListItem\",\"position\":2,\"name\":\"O\u00f9 acheter\"}]},{\"@type\":\"WebSite\",\"@id\":\"https:\/\/bevercare.ch\/fr\/#website\",\"url\":\"https:\/\/bevercare.ch\/fr\/\",\"name\":\"BeverCare\",\"description\":\"Swiss Selfcare Solutions\",\"publisher\":{\"@id\":\"https:\/\/bevercare.ch\/fr\/#organization\"},\"potentialAction\":[{\"@type\":\"SearchAction\",\"target\":{\"@type\":\"EntryPoint\",\"urlTemplate\":\"https:\/\/bevercare.ch\/fr\/?s={search_term_string}\"},\"query-input\":{\"@type\":\"PropertyValueSpecification\",\"valueRequired\":true,\"valueName\":\"search_term_string\"}}],\"inLanguage\":\"fr-FR\"},{\"@type\":\"Organization\",\"@id\":\"https:\/\/bevercare.ch\/fr\/#organization\",\"name\":\"BeverCare\",\"url\":\"https:\/\/bevercare.ch\/fr\/\",\"logo\":{\"@type\":\"ImageObject\",\"inLanguage\":\"fr-FR\",\"@id\":\"https:\/\/bevercare.ch\/fr\/#\/schema\/logo\/image\/\",\"url\":\"https:\/\/bevercare.ch\/wp-content\/uploads\/2022\/02\/bever_logo_5.svg\",\"contentUrl\":\"https:\/\/bevercare.ch\/wp-content\/uploads\/2022\/02\/bever_logo_5.svg\",\"width\":320,\"height\":80,\"caption\":\"BeverCare\"},\"image\":{\"@id\":\"https:\/\/bevercare.ch\/fr\/#\/schema\/logo\/image\/\"}}]}<\/script>\n<!-- \/ Yoast SEO plugin. -->","yoast_head_json":{"title":"O\u00f9 acheter - BeverCare","robots":{"index":"index","follow":"follow","max-snippet":"max-snippet:-1","max-image-preview":"max-image-preview:large","max-video-preview":"max-video-preview:-1"},"canonical":"https:\/\/bevercare.ch\/fr\/ou-acheter\/","og_locale":"fr_FR","og_type":"article","og_title":"O\u00f9 acheter - BeverCare","og_description":"Vous pouvez acheter nos produits ici En tant que professionnel\/commercial Notre boutique professionnelle B2Bwww.bevercare.pro Acheter maintenant En tant que client priv\u00e9 Notre boutique B2C avec tous nos produitswww.CAREISTA.ch D\u00e9couvrez d\u00e8s maintenant Vous trouverez \u00e9galement nos produits dans les magasins sp\u00e9cialis\u00e9s, dans diff\u00e9rentes pharmacies et drogueries ou chez les professionnels du dentaire. Si le produit souhait\u00e9 [&hellip;]","og_url":"https:\/\/bevercare.ch\/fr\/ou-acheter\/","og_site_name":"BeverCare","article_modified_time":"2026-01-08T12:05:12+00:00","twitter_card":"summary_large_image","twitter_misc":{"Dur\u00e9e de lecture estim\u00e9e":"1 minute"},"schema":{"@context":"https:\/\/schema.org","@graph":[{"@type":"WebPage","@id":"https:\/\/bevercare.ch\/fr\/ou-acheter\/","url":"https:\/\/bevercare.ch\/fr\/ou-acheter\/","name":"O\u00f9 acheter - BeverCare","isPartOf":{"@id":"https:\/\/bevercare.ch\/fr\/#website"},"primaryImageOfPage":{"@id":"https:\/\/bevercare.ch\/fr\/ou-acheter\/#primaryimage"},"image":{"@id":"https:\/\/bevercare.ch\/fr\/ou-acheter\/#primaryimage"},"thumbnailUrl":"https:\/\/bevercare.ch\/wp-content\/uploads\/2022\/02\/bever_logo_5.svg","datePublished":"2025-01-29T12:50:47+00:00","dateModified":"2026-01-08T12:05:12+00:00","breadcrumb":{"@id":"https:\/\/bevercare.ch\/fr\/ou-acheter\/#breadcrumb"},"inLanguage":"fr-FR","potentialAction":[{"@type":"ReadAction","target":["https:\/\/bevercare.ch\/fr\/ou-acheter\/"]}]},{"@type":"ImageObject","inLanguage":"fr-FR","@id":"https:\/\/bevercare.ch\/fr\/ou-acheter\/#primaryimage","url":"https:\/\/bevercare.ch\/wp-content\/uploads\/2022\/02\/bever_logo_5.svg","contentUrl":"https:\/\/bevercare.ch\/wp-content\/uploads\/2022\/02\/bever_logo_5.svg"},{"@type":"BreadcrumbList","@id":"https:\/\/bevercare.ch\/fr\/ou-acheter\/#breadcrumb","itemListElement":[{"@type":"ListItem","position":1,"name":"Home","item":"https:\/\/bevercare.ch\/fr\/"},{"@type":"ListItem","position":2,"name":"O\u00f9 acheter"}]},{"@type":"WebSite","@id":"https:\/\/bevercare.ch\/fr\/#website","url":"https:\/\/bevercare.ch\/fr\/","name":"BeverCare","description":"Swiss Selfcare Solutions","publisher":{"@id":"https:\/\/bevercare.ch\/fr\/#organization"},"potentialAction":[{"@type":"SearchAction","target":{"@type":"EntryPoint","urlTemplate":"https:\/\/bevercare.ch\/fr\/?s={search_term_string}"},"query-input":{"@type":"PropertyValueSpecification","valueRequired":true,"valueName":"search_term_string"}}],"inLanguage":"fr-FR"},{"@type":"Organization","@id":"https:\/\/bevercare.ch\/fr\/#organization","name":"BeverCare","url":"https:\/\/bevercare.ch\/fr\/","logo":{"@type":"ImageObject","inLanguage":"fr-FR","@id":"https:\/\/bevercare.ch\/fr\/#\/schema\/logo\/image\/","url":"https:\/\/bevercare.ch\/wp-content\/uploads\/2022\/02\/bever_logo_5.svg","contentUrl":"https:\/\/bevercare.ch\/wp-content\/uploads\/2022\/02\/bever_logo_5.svg","width":320,"height":80,"caption":"BeverCare"},"image":{"@id":"https:\/\/bevercare.ch\/fr\/#\/schema\/logo\/image\/"}}]}},"_links":{"self":[{"href":"https:\/\/bevercare.ch\/fr\/wp-json\/wp\/v2\/pages\/1854","targetHints":{"allow":["GET"]}}],"collection":[{"href":"https:\/\/bevercare.ch\/fr\/wp-json\/wp\/v2\/pages"}],"about":[{"href":"https:\/\/bevercare.ch\/fr\/wp-json\/wp\/v2\/types\/page"}],"author":[{"embeddable":true,"href":"https:\/\/bevercare.ch\/fr\/wp-json\/wp\/v2\/users\/2"}],"replies":[{"embeddable":true,"href":"https:\/\/bevercare.ch\/fr\/wp-json\/wp\/v2\/comments?post=1854"}],"version-history":[{"count":5,"href":"https:\/\/bevercare.ch\/fr\/wp-json\/wp\/v2\/pages\/1854\/revisions"}],"predecessor-version":[{"id":2519,"href":"https:\/\/bevercare.ch\/fr\/wp-json\/wp\/v2\/pages\/1854\/revisions\/2519"}],"wp:attachment":[{"href":"https:\/\/bevercare.ch\/fr\/wp-json\/wp\/v2\/media?parent=1854"}],"curies":[{"name":"wp","href":"https:\/\/api.w.org\/{rel}","templated":true}]}}