{"id":1850,"date":"2025-01-31T16:09:28","date_gmt":"2025-01-31T15:09:28","guid":{"rendered":"https:\/\/bevercare.ch\/euthymol\/"},"modified":"2025-11-12T15:40:40","modified_gmt":"2025-11-12T14:40:40","slug":"euthymol","status":"publish","type":"page","link":"https:\/\/bevercare.ch\/fr\/euthymol\/","title":{"rendered":"Euthymol"},"content":{"rendered":"\t\t<div data-elementor-type=\"wp-page\" data-elementor-id=\"1850\" class=\"elementor elementor-1850 elementor-773\" data-elementor-post-type=\"page\">\n\t\t\t\t<div class=\"elementor-element elementor-element-beda3d9 e-flex e-con-boxed e-con e-parent\" data-id=\"beda3d9\" data-element_type=\"container\" data-e-type=\"container\" data-settings=\"{&quot;background_background&quot;:&quot;classic&quot;}\">\n\t\t\t\t\t<div class=\"e-con-inner\">\n\t\t\t\t\t<\/div>\n\t\t\t\t<\/div>\n\t\t<div class=\"elementor-element elementor-element-9565efd e-flex e-con-boxed e-con e-parent\" data-id=\"9565efd\" data-element_type=\"container\" data-e-type=\"container\">\n\t\t\t\t\t<div class=\"e-con-inner\">\n\t\t<div class=\"elementor-element elementor-element-05835b7 e-con-full e-flex e-con e-child\" data-id=\"05835b7\" data-element_type=\"container\" data-e-type=\"container\">\n\t\t\t\t<div class=\"elementor-element elementor-element-8981712 elementor-widget elementor-widget-image\" data-id=\"8981712\" data-element_type=\"widget\" data-e-type=\"widget\" data-widget_type=\"image.default\">\n\t\t\t\t<div class=\"elementor-widget-container\">\n\t\t\t\t\t\t\t\t\t\t\t\t\t\t\t<img fetchpriority=\"high\" decoding=\"async\" width=\"309\" height=\"163\" src=\"https:\/\/bevercare.ch\/wp-content\/uploads\/2025\/01\/images-2.png\" class=\"attachment-full size-full wp-image-1697\" alt=\"\" srcset=\"https:\/\/bevercare.ch\/wp-content\/uploads\/2025\/01\/images-2.png 309w, https:\/\/bevercare.ch\/wp-content\/uploads\/2025\/01\/images-2-300x158.png 300w\" sizes=\"(max-width: 309px) 100vw, 309px\" \/>\t\t\t\t\t\t\t\t\t\t\t\t\t\t\t<\/div>\n\t\t\t\t<\/div>\n\t\t\t\t<div class=\"elementor-element elementor-element-c2fe3b9 elementor-widget__width-initial elementor-widget elementor-widget-heading\" data-id=\"c2fe3b9\" data-element_type=\"widget\" data-e-type=\"widget\" data-widget_type=\"heading.default\">\n\t\t\t\t<div class=\"elementor-widget-container\">\n\t\t\t\t\t<h1 class=\"elementor-heading-title elementor-size-default\">Euthymol - PINK et CRAZY<\/h1>\t\t\t\t<\/div>\n\t\t\t\t<\/div>\n\t\t\t\t<div class=\"elementor-element elementor-element-12e8b34 elementor-widget__width-initial elementor-widget elementor-widget-text-editor\" data-id=\"12e8b34\" data-element_type=\"widget\" data-e-type=\"widget\" data-widget_type=\"text-editor.default\">\n\t\t\t\t<div class=\"elementor-widget-container\">\n\t\t\t\t\t\t\t\t\t<div class=\"elementor-element elementor-element-f180130 elementor-widget-mobile__width-auto elementor-widget elementor-widget-heading\" data-id=\"f180130\" data-element_type=\"widget\" data-widget_type=\"heading.default\">La marque culte pour tous ceux qui osent.<\/div><div class=\"elementor-element elementor-element-51c1a26 elementor-widget elementor-widget-text-editor\" data-id=\"51c1a26\" data-element_type=\"widget\" data-widget_type=\"text-editor.default\"><p>\u2714 La marque traditionnelle d&rsquo;Angleterre<br>\u2714 Efficace contre la mauvaise haleine : 12 heures de fra\u00eecheur durable<br>\u2714 Unique par son go\u00fbt, sa couleur, son design et son caract\u00e8re<\/p><p>Des soins bucco-dentaires aussi audacieux et efficaces que les personnes qui les utilisent. Avec sa couleur rose distinctive, une formule sans fluor et un go\u00fbt unique, EUTHYMOL apporte une nouvelle approche aux soins dentaires suisses. Avec une mission simple : offrir un sourire audacieux, unique, rafra\u00eechissant et confiant \u00e0 tous ceux qui osent se d\u00e9marquer.  <\/p><\/div>\t\t\t\t\t\t\t\t<\/div>\n\t\t\t\t<\/div>\n\t\t\t\t<div class=\"elementor-element elementor-element-8761b84 elementor-align-left elementor-tablet-align-center elementor-widget elementor-widget-button\" data-id=\"8761b84\" data-element_type=\"widget\" data-e-type=\"widget\" data-widget_type=\"button.default\">\n\t\t\t\t<div class=\"elementor-widget-container\">\n\t\t\t\t\t\t\t\t\t<div class=\"elementor-button-wrapper\">\n\t\t\t\t\t<a class=\"elementor-button elementor-button-link elementor-size-sm elementor-animation-bounce-in\" href=\"https:\/\/careista.ch\/fr\/marques\/euthymol\/\" target=\"_blank\">\n\t\t\t\t\t\t<span class=\"elementor-button-content-wrapper\">\n\t\t\t\t\t\t\t\t\t<span class=\"elementor-button-text\">Acheter maintenant<\/span>\n\t\t\t\t\t<\/span>\n\t\t\t\t\t<\/a>\n\t\t\t\t<\/div>\n\t\t\t\t\t\t\t\t<\/div>\n\t\t\t\t<\/div>\n\t\t\t\t<\/div>\n\t\t\t\t<div class=\"elementor-element elementor-element-45765be elementor-widget__width-initial elementor-widget-tablet__width-inherit elementor-widget elementor-widget-image\" data-id=\"45765be\" data-element_type=\"widget\" data-e-type=\"widget\" data-widget_type=\"image.default\">\n\t\t\t\t<div class=\"elementor-widget-container\">\n\t\t\t\t\t\t\t\t\t\t\t\t\t\t\t<img decoding=\"async\" width=\"1250\" height=\"1250\" src=\"https:\/\/bevercare.ch\/wp-content\/uploads\/2025\/11\/euthymol_images_square_2.jpg\" class=\"attachment-full size-full wp-image-2379\" alt=\"\" srcset=\"https:\/\/bevercare.ch\/wp-content\/uploads\/2025\/11\/euthymol_images_square_2.jpg 1250w, https:\/\/bevercare.ch\/wp-content\/uploads\/2025\/11\/euthymol_images_square_2-300x300.jpg 300w, https:\/\/bevercare.ch\/wp-content\/uploads\/2025\/11\/euthymol_images_square_2-1024x1024.jpg 1024w, https:\/\/bevercare.ch\/wp-content\/uploads\/2025\/11\/euthymol_images_square_2-150x150.jpg 150w, https:\/\/bevercare.ch\/wp-content\/uploads\/2025\/11\/euthymol_images_square_2-768x768.jpg 768w\" sizes=\"(max-width: 1250px) 100vw, 1250px\" \/>\t\t\t\t\t\t\t\t\t\t\t\t\t\t\t<\/div>\n\t\t\t\t<\/div>\n\t\t\t\t\t<\/div>\n\t\t\t\t<\/div>\n\t\t<div class=\"elementor-element elementor-element-c897e92 e-flex e-con-boxed e-con e-parent\" data-id=\"c897e92\" data-element_type=\"container\" data-e-type=\"container\">\n\t\t\t\t\t<div class=\"e-con-inner\">\n\t\t<div class=\"elementor-element elementor-element-39f7156 e-con-full e-flex e-con e-child\" data-id=\"39f7156\" data-element_type=\"container\" data-e-type=\"container\">\n\t\t\t\t<div class=\"elementor-element elementor-element-cab90f9 elementor-widget elementor-widget-heading\" data-id=\"cab90f9\" data-element_type=\"widget\" data-e-type=\"widget\" data-widget_type=\"heading.default\">\n\t\t\t\t<div class=\"elementor-widget-container\">\n\t\t\t\t\t<h2 class=\"elementor-heading-title elementor-size-default\">Nos points forts Euthymol<\/h2>\t\t\t\t<\/div>\n\t\t\t\t<\/div>\n\t\t\t\t<\/div>\n\t\t<div class=\"elementor-element elementor-element-41e7240 e-con-full e-flex e-con e-child\" data-id=\"41e7240\" data-element_type=\"container\" data-e-type=\"container\">\n\t\t<div class=\"elementor-element elementor-element-c74782a e-con-full e-flex e-con e-child\" data-id=\"c74782a\" data-element_type=\"container\" data-e-type=\"container\">\n\t\t\t\t<div class=\"elementor-element elementor-element-8234f0d elementor-widget elementor-widget-image\" data-id=\"8234f0d\" data-element_type=\"widget\" data-e-type=\"widget\" data-widget_type=\"image.default\">\n\t\t\t\t<div class=\"elementor-widget-container\">\n\t\t\t\t\t\t\t\t\t\t\t\t\t\t\t<img decoding=\"async\" width=\"800\" height=\"800\" src=\"https:\/\/bevercare.ch\/wp-content\/uploads\/2025\/11\/18400089-Euthymol-Original-Zahnpasta-75ml-800x800px1-white.jpg\" class=\"attachment-full size-full wp-image-2387\" alt=\"\" srcset=\"https:\/\/bevercare.ch\/wp-content\/uploads\/2025\/11\/18400089-Euthymol-Original-Zahnpasta-75ml-800x800px1-white.jpg 800w, https:\/\/bevercare.ch\/wp-content\/uploads\/2025\/11\/18400089-Euthymol-Original-Zahnpasta-75ml-800x800px1-white-300x300.jpg 300w, https:\/\/bevercare.ch\/wp-content\/uploads\/2025\/11\/18400089-Euthymol-Original-Zahnpasta-75ml-800x800px1-white-150x150.jpg 150w, https:\/\/bevercare.ch\/wp-content\/uploads\/2025\/11\/18400089-Euthymol-Original-Zahnpasta-75ml-800x800px1-white-768x768.jpg 768w\" sizes=\"(max-width: 800px) 100vw, 800px\" \/>\t\t\t\t\t\t\t\t\t\t\t\t\t\t\t<\/div>\n\t\t\t\t<\/div>\n\t\t\t\t<div class=\"elementor-element elementor-element-267e13e elementor-widget__width-initial elementor-widget elementor-widget-heading\" data-id=\"267e13e\" data-element_type=\"widget\" data-e-type=\"widget\" data-widget_type=\"heading.default\">\n\t\t\t\t<div class=\"elementor-widget-container\">\n\t\t\t\t\t<h3 class=\"elementor-heading-title elementor-size-default\">Dentifrice Euthymol Original 75ml<\/h3>\t\t\t\t<\/div>\n\t\t\t\t<\/div>\n\t\t\t\t<div class=\"elementor-element elementor-element-0f01ea8 elementor-widget elementor-widget-text-editor\" data-id=\"0f01ea8\" data-element_type=\"widget\" data-e-type=\"widget\" data-widget_type=\"text-editor.default\">\n\t\t\t\t<div class=\"elementor-widget-container\">\n\t\t\t\t\t\t\t\t\t<p>Ce dentifrice r\u00e9tro-rose au go\u00fbt unique d&rsquo;euthymol contient de la vitamine E pour favoriser la sant\u00e9 des gencives et pr\u00e9venir les inflammations, lutter contre la mauvaise haleine et assurer une fra\u00eecheur durable.<\/p><ul><li>Formule naturelle, sans fluor<\/li><li>Agent antiseptique : thymol<\/li><li>Aide \u00e0 l&rsquo;\u00e9limination de la plaque dentaire<\/li><li>Pr\u00e9vient les caries<\/li><li>V\u00e9g\u00e9talien et non test\u00e9 sur les animaux<\/li><li>En tube d&rsquo;aluminium recyclable<\/li><\/ul>\t\t\t\t\t\t\t\t<\/div>\n\t\t\t\t<\/div>\n\t\t\t\t<\/div>\n\t\t<div class=\"elementor-element elementor-element-47f1673 e-con-full e-flex e-con e-child\" data-id=\"47f1673\" data-element_type=\"container\" data-e-type=\"container\">\n\t\t\t\t<div class=\"elementor-element elementor-element-c95cb5a elementor-widget elementor-widget-image\" data-id=\"c95cb5a\" data-element_type=\"widget\" data-e-type=\"widget\" data-widget_type=\"image.default\">\n\t\t\t\t<div class=\"elementor-widget-container\">\n\t\t\t\t\t\t\t\t\t\t\t\t\t\t\t<img loading=\"lazy\" decoding=\"async\" width=\"800\" height=\"800\" src=\"https:\/\/bevercare.ch\/wp-content\/uploads\/2025\/11\/18400113-Euthymol-Flex-Firm-Whitening-Zahnbuerste-800x800px1-white.jpg\" class=\"attachment-full size-full wp-image-2392\" alt=\"\" srcset=\"https:\/\/bevercare.ch\/wp-content\/uploads\/2025\/11\/18400113-Euthymol-Flex-Firm-Whitening-Zahnbuerste-800x800px1-white.jpg 800w, https:\/\/bevercare.ch\/wp-content\/uploads\/2025\/11\/18400113-Euthymol-Flex-Firm-Whitening-Zahnbuerste-800x800px1-white-300x300.jpg 300w, https:\/\/bevercare.ch\/wp-content\/uploads\/2025\/11\/18400113-Euthymol-Flex-Firm-Whitening-Zahnbuerste-800x800px1-white-150x150.jpg 150w, https:\/\/bevercare.ch\/wp-content\/uploads\/2025\/11\/18400113-Euthymol-Flex-Firm-Whitening-Zahnbuerste-800x800px1-white-768x768.jpg 768w\" sizes=\"(max-width: 800px) 100vw, 800px\" \/>\t\t\t\t\t\t\t\t\t\t\t\t\t\t\t<\/div>\n\t\t\t\t<\/div>\n\t\t\t\t<div class=\"elementor-element elementor-element-686c728 elementor-widget__width-initial elementor-widget elementor-widget-heading\" data-id=\"686c728\" data-element_type=\"widget\" data-e-type=\"widget\" data-widget_type=\"heading.default\">\n\t\t\t\t<div class=\"elementor-widget-container\">\n\t\t\t\t\t<h3 class=\"elementor-heading-title elementor-size-default\">Brosse \u00e0 dents blanchissante Euthymol Flex-Firm<\/h3>\t\t\t\t<\/div>\n\t\t\t\t<\/div>\n\t\t\t\t<div class=\"elementor-element elementor-element-dcee06b elementor-widget elementor-widget-text-editor\" data-id=\"dcee06b\" data-element_type=\"widget\" data-e-type=\"widget\" data-widget_type=\"text-editor.default\">\n\t\t\t\t<div class=\"elementor-widget-container\">\n\t\t\t\t\t\t\t\t\t<p>Les poils fins Flex-Firm \u00e0 haute stabilit\u00e9 et la technologie LG combinent les avantages des poils durs &amp; souples.<\/p><ul><li>Des poils fins et souples pour un brossage en douceur et moins d&rsquo;irritations.<\/li><li>La grande stabilit\u00e9 des poils contribue \u00e0 l&rsquo;\u00e9limination de la plaque dentaire et renforce l&rsquo;effet du blanchiment<\/li><li>Le sel rose et l&rsquo;hexam\u00e9taphosphate de sodium (SHMP) aident \u00e0 \u00e9liminer les taches sur les dents.<\/li><li>\u00c9limine la plaque dentaire sous les gencives et entre les dents mieux que les poils normaux<\/li><\/ul>\t\t\t\t\t\t\t\t<\/div>\n\t\t\t\t<\/div>\n\t\t\t\t<\/div>\n\t\t\t\t<\/div>\n\t\t\t\t\t<\/div>\n\t\t\t\t<\/div>\n\t\t<div class=\"elementor-element elementor-element-15d8e47 e-flex e-con-boxed e-con e-parent\" data-id=\"15d8e47\" data-element_type=\"container\" data-e-type=\"container\">\n\t\t\t\t\t<div class=\"e-con-inner\">\n\t\t\t\t<div class=\"elementor-element elementor-element-1c496bc elementor-tablet-align-center elementor-widget elementor-widget-button\" data-id=\"1c496bc\" data-element_type=\"widget\" data-e-type=\"widget\" data-widget_type=\"button.default\">\n\t\t\t\t<div class=\"elementor-widget-container\">\n\t\t\t\t\t\t\t\t\t<div class=\"elementor-button-wrapper\">\n\t\t\t\t\t<a class=\"elementor-button elementor-button-link elementor-size-sm elementor-animation-bounce-in\" href=\"https:\/\/careista.ch\/fr\/marques\/euthymol\/\" target=\"_blank\">\n\t\t\t\t\t\t<span class=\"elementor-button-content-wrapper\">\n\t\t\t\t\t\t\t\t\t<span class=\"elementor-button-text\">D\u00e9couvrez maintenant chez CAREISTA<\/span>\n\t\t\t\t\t<\/span>\n\t\t\t\t\t<\/a>\n\t\t\t\t<\/div>\n\t\t\t\t\t\t\t\t<\/div>\n\t\t\t\t<\/div>\n\t\t\t\t<div class=\"elementor-element elementor-element-47beac1 elementor-widget elementor-widget-spacer\" data-id=\"47beac1\" data-element_type=\"widget\" data-e-type=\"widget\" data-widget_type=\"spacer.default\">\n\t\t\t\t<div class=\"elementor-widget-container\">\n\t\t\t\t\t\t\t<div class=\"elementor-spacer\">\n\t\t\t<div class=\"elementor-spacer-inner\"><\/div>\n\t\t<\/div>\n\t\t\t\t\t\t<\/div>\n\t\t\t\t<\/div>\n\t\t\t\t\t<\/div>\n\t\t\t\t<\/div>\n\t\t\t\t<\/div>\n\t\t","protected":false},"excerpt":{"rendered":"<p>Euthymol &#8211; PINK et CRAZY La marque culte pour tous ceux qui osent. \u2714 La marque traditionnelle d&rsquo;Angleterre\u2714 Efficace contre la mauvaise haleine : 12 heures de fra\u00eecheur durable\u2714 Unique par son go\u00fbt, sa couleur, son design et son caract\u00e8re Des soins bucco-dentaires aussi audacieux et efficaces que les personnes qui les utilisent. Avec sa [&hellip;]<\/p>\n","protected":false},"author":2,"featured_media":0,"parent":0,"menu_order":0,"comment_status":"closed","ping_status":"closed","template":"","meta":{"footnotes":""},"class_list":["post-1850","page","type-page","status-publish","hentry"],"yoast_head":"<!-- This site is optimized with the Yoast SEO plugin v26.9 - https:\/\/yoast.com\/product\/yoast-seo-wordpress\/ -->\n<title>Euthymol - BeverCare<\/title>\n<meta name=\"robots\" content=\"index, follow, max-snippet:-1, max-image-preview:large, max-video-preview:-1\" \/>\n<link rel=\"canonical\" href=\"https:\/\/bevercare.ch\/fr\/euthymol\/\" \/>\n<meta property=\"og:locale\" content=\"fr_FR\" \/>\n<meta property=\"og:type\" content=\"article\" \/>\n<meta property=\"og:title\" content=\"Euthymol - BeverCare\" \/>\n<meta property=\"og:description\" content=\"Euthymol &#8211; PINK et CRAZY La marque culte pour tous ceux qui osent. \u2714 La marque traditionnelle d&rsquo;Angleterre\u2714 Efficace contre la mauvaise haleine : 12 heures de fra\u00eecheur durable\u2714 Unique par son go\u00fbt, sa couleur, son design et son caract\u00e8re Des soins bucco-dentaires aussi audacieux et efficaces que les personnes qui les utilisent. Avec sa [&hellip;]\" \/>\n<meta property=\"og:url\" content=\"https:\/\/bevercare.ch\/fr\/euthymol\/\" \/>\n<meta property=\"og:site_name\" content=\"BeverCare\" \/>\n<meta property=\"article:modified_time\" content=\"2025-11-12T14:40:40+00:00\" \/>\n<meta property=\"og:image\" content=\"http:\/\/bevercare.ch\/wp-content\/uploads\/2025\/01\/images-2.png\" \/>\n<meta name=\"twitter:card\" content=\"summary_large_image\" \/>\n<meta name=\"twitter:label1\" content=\"Dur\u00e9e de lecture estim\u00e9e\" \/>\n\t<meta name=\"twitter:data1\" content=\"1 minute\" \/>\n<script type=\"application\/ld+json\" class=\"yoast-schema-graph\">{\"@context\":\"https:\/\/schema.org\",\"@graph\":[{\"@type\":\"WebPage\",\"@id\":\"https:\/\/bevercare.ch\/fr\/euthymol\/\",\"url\":\"https:\/\/bevercare.ch\/fr\/euthymol\/\",\"name\":\"Euthymol - BeverCare\",\"isPartOf\":{\"@id\":\"https:\/\/bevercare.ch\/fr\/#website\"},\"primaryImageOfPage\":{\"@id\":\"https:\/\/bevercare.ch\/fr\/euthymol\/#primaryimage\"},\"image\":{\"@id\":\"https:\/\/bevercare.ch\/fr\/euthymol\/#primaryimage\"},\"thumbnailUrl\":\"http:\/\/bevercare.ch\/wp-content\/uploads\/2025\/01\/images-2.png\",\"datePublished\":\"2025-01-31T15:09:28+00:00\",\"dateModified\":\"2025-11-12T14:40:40+00:00\",\"breadcrumb\":{\"@id\":\"https:\/\/bevercare.ch\/fr\/euthymol\/#breadcrumb\"},\"inLanguage\":\"fr-FR\",\"potentialAction\":[{\"@type\":\"ReadAction\",\"target\":[\"https:\/\/bevercare.ch\/fr\/euthymol\/\"]}]},{\"@type\":\"ImageObject\",\"inLanguage\":\"fr-FR\",\"@id\":\"https:\/\/bevercare.ch\/fr\/euthymol\/#primaryimage\",\"url\":\"http:\/\/bevercare.ch\/wp-content\/uploads\/2025\/01\/images-2.png\",\"contentUrl\":\"http:\/\/bevercare.ch\/wp-content\/uploads\/2025\/01\/images-2.png\"},{\"@type\":\"BreadcrumbList\",\"@id\":\"https:\/\/bevercare.ch\/fr\/euthymol\/#breadcrumb\",\"itemListElement\":[{\"@type\":\"ListItem\",\"position\":1,\"name\":\"Home\",\"item\":\"https:\/\/bevercare.ch\/fr\/\"},{\"@type\":\"ListItem\",\"position\":2,\"name\":\"Euthymol\"}]},{\"@type\":\"WebSite\",\"@id\":\"https:\/\/bevercare.ch\/fr\/#website\",\"url\":\"https:\/\/bevercare.ch\/fr\/\",\"name\":\"BeverCare\",\"description\":\"Swiss Selfcare Solutions\",\"publisher\":{\"@id\":\"https:\/\/bevercare.ch\/fr\/#organization\"},\"potentialAction\":[{\"@type\":\"SearchAction\",\"target\":{\"@type\":\"EntryPoint\",\"urlTemplate\":\"https:\/\/bevercare.ch\/fr\/?s={search_term_string}\"},\"query-input\":{\"@type\":\"PropertyValueSpecification\",\"valueRequired\":true,\"valueName\":\"search_term_string\"}}],\"inLanguage\":\"fr-FR\"},{\"@type\":\"Organization\",\"@id\":\"https:\/\/bevercare.ch\/fr\/#organization\",\"name\":\"BeverCare\",\"url\":\"https:\/\/bevercare.ch\/fr\/\",\"logo\":{\"@type\":\"ImageObject\",\"inLanguage\":\"fr-FR\",\"@id\":\"https:\/\/bevercare.ch\/fr\/#\/schema\/logo\/image\/\",\"url\":\"https:\/\/bevercare.ch\/wp-content\/uploads\/2022\/02\/bever_logo_5.svg\",\"contentUrl\":\"https:\/\/bevercare.ch\/wp-content\/uploads\/2022\/02\/bever_logo_5.svg\",\"width\":320,\"height\":80,\"caption\":\"BeverCare\"},\"image\":{\"@id\":\"https:\/\/bevercare.ch\/fr\/#\/schema\/logo\/image\/\"}}]}<\/script>\n<!-- \/ Yoast SEO plugin. -->","yoast_head_json":{"title":"Euthymol - BeverCare","robots":{"index":"index","follow":"follow","max-snippet":"max-snippet:-1","max-image-preview":"max-image-preview:large","max-video-preview":"max-video-preview:-1"},"canonical":"https:\/\/bevercare.ch\/fr\/euthymol\/","og_locale":"fr_FR","og_type":"article","og_title":"Euthymol - BeverCare","og_description":"Euthymol &#8211; PINK et CRAZY La marque culte pour tous ceux qui osent. \u2714 La marque traditionnelle d&rsquo;Angleterre\u2714 Efficace contre la mauvaise haleine : 12 heures de fra\u00eecheur durable\u2714 Unique par son go\u00fbt, sa couleur, son design et son caract\u00e8re Des soins bucco-dentaires aussi audacieux et efficaces que les personnes qui les utilisent. Avec sa [&hellip;]","og_url":"https:\/\/bevercare.ch\/fr\/euthymol\/","og_site_name":"BeverCare","article_modified_time":"2025-11-12T14:40:40+00:00","og_image":[{"url":"http:\/\/bevercare.ch\/wp-content\/uploads\/2025\/01\/images-2.png","type":"","width":"","height":""}],"twitter_card":"summary_large_image","twitter_misc":{"Dur\u00e9e de lecture estim\u00e9e":"1 minute"},"schema":{"@context":"https:\/\/schema.org","@graph":[{"@type":"WebPage","@id":"https:\/\/bevercare.ch\/fr\/euthymol\/","url":"https:\/\/bevercare.ch\/fr\/euthymol\/","name":"Euthymol - BeverCare","isPartOf":{"@id":"https:\/\/bevercare.ch\/fr\/#website"},"primaryImageOfPage":{"@id":"https:\/\/bevercare.ch\/fr\/euthymol\/#primaryimage"},"image":{"@id":"https:\/\/bevercare.ch\/fr\/euthymol\/#primaryimage"},"thumbnailUrl":"http:\/\/bevercare.ch\/wp-content\/uploads\/2025\/01\/images-2.png","datePublished":"2025-01-31T15:09:28+00:00","dateModified":"2025-11-12T14:40:40+00:00","breadcrumb":{"@id":"https:\/\/bevercare.ch\/fr\/euthymol\/#breadcrumb"},"inLanguage":"fr-FR","potentialAction":[{"@type":"ReadAction","target":["https:\/\/bevercare.ch\/fr\/euthymol\/"]}]},{"@type":"ImageObject","inLanguage":"fr-FR","@id":"https:\/\/bevercare.ch\/fr\/euthymol\/#primaryimage","url":"http:\/\/bevercare.ch\/wp-content\/uploads\/2025\/01\/images-2.png","contentUrl":"http:\/\/bevercare.ch\/wp-content\/uploads\/2025\/01\/images-2.png"},{"@type":"BreadcrumbList","@id":"https:\/\/bevercare.ch\/fr\/euthymol\/#breadcrumb","itemListElement":[{"@type":"ListItem","position":1,"name":"Home","item":"https:\/\/bevercare.ch\/fr\/"},{"@type":"ListItem","position":2,"name":"Euthymol"}]},{"@type":"WebSite","@id":"https:\/\/bevercare.ch\/fr\/#website","url":"https:\/\/bevercare.ch\/fr\/","name":"BeverCare","description":"Swiss Selfcare Solutions","publisher":{"@id":"https:\/\/bevercare.ch\/fr\/#organization"},"potentialAction":[{"@type":"SearchAction","target":{"@type":"EntryPoint","urlTemplate":"https:\/\/bevercare.ch\/fr\/?s={search_term_string}"},"query-input":{"@type":"PropertyValueSpecification","valueRequired":true,"valueName":"search_term_string"}}],"inLanguage":"fr-FR"},{"@type":"Organization","@id":"https:\/\/bevercare.ch\/fr\/#organization","name":"BeverCare","url":"https:\/\/bevercare.ch\/fr\/","logo":{"@type":"ImageObject","inLanguage":"fr-FR","@id":"https:\/\/bevercare.ch\/fr\/#\/schema\/logo\/image\/","url":"https:\/\/bevercare.ch\/wp-content\/uploads\/2022\/02\/bever_logo_5.svg","contentUrl":"https:\/\/bevercare.ch\/wp-content\/uploads\/2022\/02\/bever_logo_5.svg","width":320,"height":80,"caption":"BeverCare"},"image":{"@id":"https:\/\/bevercare.ch\/fr\/#\/schema\/logo\/image\/"}}]}},"_links":{"self":[{"href":"https:\/\/bevercare.ch\/fr\/wp-json\/wp\/v2\/pages\/1850","targetHints":{"allow":["GET"]}}],"collection":[{"href":"https:\/\/bevercare.ch\/fr\/wp-json\/wp\/v2\/pages"}],"about":[{"href":"https:\/\/bevercare.ch\/fr\/wp-json\/wp\/v2\/types\/page"}],"author":[{"embeddable":true,"href":"https:\/\/bevercare.ch\/fr\/wp-json\/wp\/v2\/users\/2"}],"replies":[{"embeddable":true,"href":"https:\/\/bevercare.ch\/fr\/wp-json\/wp\/v2\/comments?post=1850"}],"version-history":[{"count":5,"href":"https:\/\/bevercare.ch\/fr\/wp-json\/wp\/v2\/pages\/1850\/revisions"}],"predecessor-version":[{"id":2494,"href":"https:\/\/bevercare.ch\/fr\/wp-json\/wp\/v2\/pages\/1850\/revisions\/2494"}],"wp:attachment":[{"href":"https:\/\/bevercare.ch\/fr\/wp-json\/wp\/v2\/media?parent=1850"}],"curies":[{"name":"wp","href":"https:\/\/api.w.org\/{rel}","templated":true}]}}